{"id":3834,"date":"2026-01-25T15:00:36","date_gmt":"2026-01-25T14:00:36","guid":{"rendered":"https:\/\/parapharmacieenligne.ma\/?post_type=product&#038;p=3834"},"modified":"2026-03-24T15:07:58","modified_gmt":"2026-03-24T14:07:58","slug":"dietaroma-osteoprotect-60-comprimes","status":"publish","type":"product","link":"https:\/\/parapharmacieenligne.ma\/en\/product\/dietaroma-osteoprotect-60-comprimes\/","title":{"rendered":"DIETAROMA Ost\u00e9oprotect + 60 comprim\u00e9s"},"content":{"rendered":"<p>Une formule efficace pour r\u00e9pondre \u00e0 toutes les personnes ayant besoin d&rsquo;un<strong> apport suppl\u00e9mentaire de calcium et de min\u00e9raux<\/strong>.<\/p>","protected":false},"excerpt":{"rendered":"<p>Une formule efficace pour r\u00e9pondre \u00e0 toutes les personnes ayant besoin d&rsquo;un<strong> apport suppl\u00e9mentaire de calcium et de min\u00e9raux<\/strong>. Durant les p\u00e9riodes de <strong>croissance<\/strong> et au moment de la <strong>m\u00e9nopause<\/strong>, ou m\u00eame pour les <strong>sportifs<\/strong> qui sollicitent beaucoup leurs corps.<\/p>\n<ul>\n<li><strong>Le calcium<\/strong> est n\u00e9cessaire au maintien d&rsquo;une <strong>ossature normale.<\/strong><\/li>\n<li><strong>La vitamine D3 et la vitamine K2<\/strong> contribuent au maintien d&rsquo;une <strong>ossature normale.<\/strong><\/li>\n<li><strong>La vitamine D3<\/strong> contribue \u00e0 <strong>l&rsquo;absorption et \u00e0 l&rsquo;utilisation normale du calcium.<\/strong><\/li>\n<\/ul>\n<p>60 comprim\u00e9s &#8211; 2 comprim\u00e9s par jour pendant 30 jours.<\/p>\n<p>Poids net : 51 g<\/p>\n<p><strong>MODE D\u2019EMPLOI :<\/strong><\/p>\n<ul>\n<li>2 comprim\u00e9s par jour pendant 30 jours \u00e0 prendre avec un grand verre d&rsquo;eau pendant les repas.<\/li>\n<\/ul>\n<p><strong>PR\u00c9CAUTIONS D\u2019EMPLOI :<\/strong><\/p>\n<ul>\n<li>Ne pas d\u00e9passer la dose journali\u00e8re recommand\u00e9e.<\/li>\n<li>Ne se substitue pas \u00e0 un r\u00e9gime alimentaire \u00e9quilibr\u00e9 et vari\u00e9 et \u00e0 un mode de vie sain.<\/li>\n<li>Tenir hors de port\u00e9e des enfants.<\/li>\n<li>Consultez votre m\u00e9decin en cas de prise simultan\u00e9e de traitement de longue dur\u00e9e ou de maladie chronique.<\/li>\n<li>Pour les femmes enceintes et allaitantes, il est conseill\u00e9 de prendre l&rsquo;avis d&rsquo;un m\u00e9decin.<\/li>\n<li>Pour les enfants de moins de 3 ans la suppl\u00e9mentation en vitamine doit faire l&rsquo;objet d&rsquo;un encadrement m\u00e9dical.<\/li>\n<\/ul>\n<p>\u00c0 conserver \u00e0 l&rsquo;abri de la chaleur, de la lumi\u00e8re et de l&rsquo;humidit\u00e9.<\/p>\n<p>\u00c0 consommer de pr\u00e9f\u00e9rence avant et N\u00b0 de lot : voir sous la bo\u00eete.<\/p>","protected":false},"featured_media":3934,"comment_status":"open","ping_status":"closed","template":"","meta":[],"product_cat":[92],"product_tag":[],"yith_product_brand":[93],"class_list":{"0":"post-3834","1":"product","2":"type-product","3":"status-publish","4":"has-post-thumbnail","6":"product_cat-complements-alimentaires","7":"yith_product_brand-dietaroma","9":"first","10":"instock","11":"sale","12":"shipping-taxable","13":"purchasable","14":"product-type-simple"},"_links":{"self":[{"href":"https:\/\/parapharmacieenligne.ma\/en\/wp-json\/wp\/v2\/product\/3834","targetHints":{"allow":["GET"]}}],"collection":[{"href":"https:\/\/parapharmacieenligne.ma\/en\/wp-json\/wp\/v2\/product"}],"about":[{"href":"https:\/\/parapharmacieenligne.ma\/en\/wp-json\/wp\/v2\/types\/product"}],"replies":[{"embeddable":true,"href":"https:\/\/parapharmacieenligne.ma\/en\/wp-json\/wp\/v2\/comments?post=3834"}],"version-history":[{"count":1,"href":"https:\/\/parapharmacieenligne.ma\/en\/wp-json\/wp\/v2\/product\/3834\/revisions"}],"predecessor-version":[{"id":3935,"href":"https:\/\/parapharmacieenligne.ma\/en\/wp-json\/wp\/v2\/product\/3834\/revisions\/3935"}],"wp:featuredmedia":[{"embeddable":true,"href":"https:\/\/parapharmacieenligne.ma\/en\/wp-json\/wp\/v2\/media\/3934"}],"wp:attachment":[{"href":"https:\/\/parapharmacieenligne.ma\/en\/wp-json\/wp\/v2\/media?parent=3834"}],"wp:term":[{"taxonomy":"product_cat","embeddable":true,"href":"https:\/\/parapharmacieenligne.ma\/en\/wp-json\/wp\/v2\/product_cat?post=3834"},{"taxonomy":"product_tag","embeddable":true,"href":"https:\/\/parapharmacieenligne.ma\/en\/wp-json\/wp\/v2\/product_tag?post=3834"},{"taxonomy":"yith_product_brand","embeddable":true,"href":"https:\/\/parapharmacieenligne.ma\/en\/wp-json\/wp\/v2\/yith_product_brand?post=3834"}],"curies":[{"name":"wp","href":"https:\/\/api.w.org\/{rel}","templated":true}]}}