{"id":3835,"date":"2026-01-25T15:00:37","date_gmt":"2026-01-25T14:00:37","guid":{"rendered":"https:\/\/parapharmacieenligne.ma\/?post_type=product&#038;p=3835"},"modified":"2026-03-24T15:07:41","modified_gmt":"2026-03-24T14:07:41","slug":"dietaroma-philaromal-enfant-15-sachets","status":"publish","type":"product","link":"https:\/\/parapharmacieenligne.ma\/en\/product\/dietaroma-philaromal-enfant-15-sachets\/","title":{"rendered":"DIETAROMA Philaromal Enfant 15 sachets"},"content":{"rendered":"<p><strong>Probiotiques enfants.<\/strong><\/p>\n<p>Di\u00e9taroma innove en proposant des souches probiotiques associ\u00e9es \u00e0 la <strong>vitamine D3 pour les enfants<\/strong>.<\/p>\n<ul>\n<li><strong>Mix de 3 souches probiotiques <\/strong>s\u00e9lectionn\u00e9es et valid\u00e9es, soit 4 milliards de ferments microbiotiques \u00e0 la mise en \u0153uvre.<\/li>\n<li><strong>La vitamine D3<\/strong>, issue de la lanoline (substance naturelle de la laine), contribue au bon fonctionnement du syst\u00e8me immunitaire chez les enfants.<\/li>\n<\/ul>\n<p>Boite de 15 sachets &#8211; 1 sachet par jour pendant 15 jours.<\/p>\n<p>Poids net : 18 g<\/p>\n<p><strong>MODE D\u2019EMPLOI :<\/strong><\/p>\n<ul>\n<li>1 sachet par jour \u00e0 diluer dans un verre d\u2019eau, de jus ou sirop.<\/li>\n<li>Son go\u00fbt neutre et son excellente solubilit\u00e9 en font un compl\u00e9ment facile \u00e0 int\u00e9grer au sein d\u2019une autre boisson, d\u2019un yaourt ou d\u2019une compote.<\/li>\n<li>Convient aux enfants d\u00e8s 3 ans.<\/li>\n<\/ul>\n<p>A tenir \u00e0 l&rsquo;abri de la chaleur, de la lumi\u00e8re et de l&rsquo;humidit\u00e9.<\/p>\n<p><strong>PR\u00c9CAUTIONS D\u2019EMPLOI :<\/strong><\/p>\n<ul>\n<li>Ne pas d\u00e9passer la dose journali\u00e8re recommand\u00e9e.<\/li>\n<li>Ne se substitue pas \u00e0 un r\u00e9gime alimentaire \u00e9quilibr\u00e9 et vari\u00e9 et \u00e0 un mode de vie sain.<\/li>\n<li>Tenir hors de port\u00e9e des enfants et prise sous la surveillance d\u2019un adulte.<\/li>\n<li>A conserver \u00e0 l\u2019abri de la chaleur, de la lumi\u00e8re et de l\u2019humidit\u00e9<\/li>\n<\/ul>","protected":false},"excerpt":{"rendered":"<p>Syst\u00e8me immunitaire &#8211; Probiotiques.<\/p>\n<p>La vitamine D contribue \u00e0 un bon fonctionnement du syst\u00e8me immunitaire.<\/p>","protected":false},"featured_media":3938,"comment_status":"open","ping_status":"closed","template":"","meta":[],"product_cat":[92],"product_tag":[],"yith_product_brand":[93],"class_list":{"0":"post-3835","1":"product","2":"type-product","3":"status-publish","4":"has-post-thumbnail","6":"product_cat-complements-alimentaires","7":"yith_product_brand-dietaroma","9":"first","10":"instock","11":"sale","12":"shipping-taxable","13":"purchasable","14":"product-type-simple"},"_links":{"self":[{"href":"https:\/\/parapharmacieenligne.ma\/en\/wp-json\/wp\/v2\/product\/3835","targetHints":{"allow":["GET"]}}],"collection":[{"href":"https:\/\/parapharmacieenligne.ma\/en\/wp-json\/wp\/v2\/product"}],"about":[{"href":"https:\/\/parapharmacieenligne.ma\/en\/wp-json\/wp\/v2\/types\/product"}],"replies":[{"embeddable":true,"href":"https:\/\/parapharmacieenligne.ma\/en\/wp-json\/wp\/v2\/comments?post=3835"}],"version-history":[{"count":1,"href":"https:\/\/parapharmacieenligne.ma\/en\/wp-json\/wp\/v2\/product\/3835\/revisions"}],"predecessor-version":[{"id":3939,"href":"https:\/\/parapharmacieenligne.ma\/en\/wp-json\/wp\/v2\/product\/3835\/revisions\/3939"}],"wp:featuredmedia":[{"embeddable":true,"href":"https:\/\/parapharmacieenligne.ma\/en\/wp-json\/wp\/v2\/media\/3938"}],"wp:attachment":[{"href":"https:\/\/parapharmacieenligne.ma\/en\/wp-json\/wp\/v2\/media?parent=3835"}],"wp:term":[{"taxonomy":"product_cat","embeddable":true,"href":"https:\/\/parapharmacieenligne.ma\/en\/wp-json\/wp\/v2\/product_cat?post=3835"},{"taxonomy":"product_tag","embeddable":true,"href":"https:\/\/parapharmacieenligne.ma\/en\/wp-json\/wp\/v2\/product_tag?post=3835"},{"taxonomy":"yith_product_brand","embeddable":true,"href":"https:\/\/parapharmacieenligne.ma\/en\/wp-json\/wp\/v2\/yith_product_brand?post=3835"}],"curies":[{"name":"wp","href":"https:\/\/api.w.org\/{rel}","templated":true}]}}