{"id":3836,"date":"2026-01-25T15:00:37","date_gmt":"2026-01-25T14:00:37","guid":{"rendered":"https:\/\/parapharmacieenligne.ma\/?post_type=product&#038;p=3836"},"modified":"2026-03-24T15:07:20","modified_gmt":"2026-03-24T14:07:20","slug":"dietaroma-c-i-p-radis-noir-artichaut-bio-20-ampoules","status":"publish","type":"product","link":"https:\/\/parapharmacieenligne.ma\/en\/product\/dietaroma-c-i-p-radis-noir-artichaut-bio-20-ampoules\/","title":{"rendered":"DIETAROMA C.I.P. Radis noir, artichaut bio 20 ampoules"},"content":{"rendered":"<p>Une cuisine riche et g\u00e9n\u00e9reuse peut occasionner des troubles digestifs.<\/p>\n<p>Digestion difficile, ballonnements, lourdeurs d&rsquo;estomacs en sont des illustrations.<\/p>\n<ul>\n<li><strong>L&rsquo;artichaut<\/strong>, d\u00e9j\u00e0 bien connu des Grecs et des Romains, contribue au confort digestif.<\/li>\n<li><strong>Le radis noir<\/strong>, tubercule dont l&rsquo;utilisation remonte aux \u00c9gyptiens, est \u00e9galement un excellent alli\u00e9 apr\u00e8s un repas copieux.<\/li>\n<\/ul>\n<p>20 ampoules de 10 ml &#8211; volume net : 200 ml<\/p>\n<p>1 ampoule par jour pendant 20 jours.<\/p>\n<p><strong>MODE D&rsquo;EMPLOI :<\/strong><\/p>\n<ul>\n<li>1 ampoule par jour \u00e0 diluer dans un verre d\u2019eau, de pr\u00e9f\u00e9rence le matin.<\/li>\n<li>Bien agiter l&rsquo;ampoule avant son ouverture.<\/li>\n<li>Compte tenu du c\u00f4t\u00e9 enti\u00e8rement naturel du produit et de sa concentration tr\u00e8s importante en plantes, un d\u00e9p\u00f4t est possible.<\/li>\n<li>Il ne nuit en rien \u00e0 la qualit\u00e9 du produit.<\/li>\n<\/ul>\n<p>A conserver \u00e0 l&rsquo;abri de la chaleur et de la lumi\u00e8re.<\/p>\n<p><strong>PRECAUTIONS D&rsquo;EMPLOI : <\/strong><\/p>\n<ul>\n<li>Ne pas d\u00e9passer la dose journali\u00e8re recommand\u00e9e.<\/li>\n<li>Ne se substitue pas \u00e0 un r\u00e9gime alimentaire \u00e9quilibr\u00e9 et vari\u00e9 et \u00e0 un mode de vie sain.<\/li>\n<li>Tenir hors de port\u00e9e des enfants.<\/li>\n<li>Les personnes ayant une hypothyro\u00efdie ou un traitement de la thyro\u00efde doivent pr\u00e9alablement consulter un professionnel de sant\u00e9.<\/li>\n<li>D\u00e9conseill\u00e9 chez la femme enceinte et allaitante.<\/li>\n<li>Ne pas consommer en cas d&rsquo;obstruction biliaire ou d&rsquo;autres troubles de la fonction biliaire, ou en cas d&rsquo;allergie aux plantes de la famille des Ast\u00e9rac\u00e9es.<\/li>\n<li>D\u00e9conseill\u00e9 avant 12 ans.<\/li>\n<\/ul>","protected":false},"excerpt":{"rendered":"<p><strong>Digestion difficile ? Ballonnements ? Lourdeurs d&rsquo;estomacs en sont des illustrations. <\/strong>Une cuisine riche et g\u00e9n\u00e9reuse peut occasionner des troubles digestifs.<\/p>","protected":false},"featured_media":3941,"comment_status":"open","ping_status":"closed","template":"","meta":[],"product_cat":[92],"product_tag":[],"yith_product_brand":[93],"class_list":{"0":"post-3836","1":"product","2":"type-product","3":"status-publish","4":"has-post-thumbnail","6":"product_cat-complements-alimentaires","7":"yith_product_brand-dietaroma","9":"first","10":"instock","11":"sale","12":"shipping-taxable","13":"purchasable","14":"product-type-simple"},"_links":{"self":[{"href":"https:\/\/parapharmacieenligne.ma\/en\/wp-json\/wp\/v2\/product\/3836","targetHints":{"allow":["GET"]}}],"collection":[{"href":"https:\/\/parapharmacieenligne.ma\/en\/wp-json\/wp\/v2\/product"}],"about":[{"href":"https:\/\/parapharmacieenligne.ma\/en\/wp-json\/wp\/v2\/types\/product"}],"replies":[{"embeddable":true,"href":"https:\/\/parapharmacieenligne.ma\/en\/wp-json\/wp\/v2\/comments?post=3836"}],"version-history":[{"count":1,"href":"https:\/\/parapharmacieenligne.ma\/en\/wp-json\/wp\/v2\/product\/3836\/revisions"}],"predecessor-version":[{"id":3942,"href":"https:\/\/parapharmacieenligne.ma\/en\/wp-json\/wp\/v2\/product\/3836\/revisions\/3942"}],"wp:featuredmedia":[{"embeddable":true,"href":"https:\/\/parapharmacieenligne.ma\/en\/wp-json\/wp\/v2\/media\/3941"}],"wp:attachment":[{"href":"https:\/\/parapharmacieenligne.ma\/en\/wp-json\/wp\/v2\/media?parent=3836"}],"wp:term":[{"taxonomy":"product_cat","embeddable":true,"href":"https:\/\/parapharmacieenligne.ma\/en\/wp-json\/wp\/v2\/product_cat?post=3836"},{"taxonomy":"product_tag","embeddable":true,"href":"https:\/\/parapharmacieenligne.ma\/en\/wp-json\/wp\/v2\/product_tag?post=3836"},{"taxonomy":"yith_product_brand","embeddable":true,"href":"https:\/\/parapharmacieenligne.ma\/en\/wp-json\/wp\/v2\/yith_product_brand?post=3836"}],"curies":[{"name":"wp","href":"https:\/\/api.w.org\/{rel}","templated":true}]}}