{"id":3838,"date":"2026-01-25T15:00:38","date_gmt":"2026-01-25T14:00:38","guid":{"rendered":"https:\/\/parapharmacieenligne.ma\/?post_type=product&#038;p=3838"},"modified":"2026-03-24T15:06:27","modified_gmt":"2026-03-24T14:06:27","slug":"dietaroma-vinalege-circulation-45-comprimes","status":"publish","type":"product","link":"https:\/\/parapharmacieenligne.ma\/en\/product\/dietaroma-vinalege-circulation-45-comprimes\/","title":{"rendered":"DIETAROMA Vinal\u00e8ge circulation 45 comprim\u00e9s"},"content":{"rendered":"<p><strong>Chaleur, station debout, talons hauts, shopping peuvent accentuer le gonflement des jambes et des chevilles en fin de journ\u00e9e. <\/strong><\/p>\n<ul>\n<li><strong>La vigne rouge<\/strong> contribue \u00e0 une <strong>circulation normale des jambes.<\/strong><\/li>\n<li><strong>Le m\u00e9lilot<\/strong>, ou petit tr\u00e8fle jaune, est une plante figurant d\u00e9j\u00e0 sur des papyrus \u00e9gyptiens et m\u00e9sopotamiens.<\/li>\n<li><strong>Le marc de raisin<\/strong> titr\u00e9 en <strong>polyph\u00e9nols<\/strong>.<\/li>\n<li><strong>Le th\u00e9 vert, <\/strong>\u00e9galement titr\u00e9 en polyph\u00e9nols, contribue \u00e0<strong> l&rsquo;\u00e9limination de l&rsquo;eau.<\/strong><\/li>\n<li><strong>La reine des pr\u00e9s<\/strong> compl\u00e8te cette formule.<\/li>\n<\/ul>\n<p>45 comprim\u00e9s &#8211; 1 \u00e0 2 comprim\u00e9s par jour &#8211; 22 \u00e0 45 jours.<\/p>\n<p>Poids net : 23,6 g<\/p>\n<p><strong>MODE D\u2019EMPLOI :<\/strong><\/p>\n<ul>\n<li>1 \u00e0 2 comprim\u00e9s par jour \u00e0 prendre avec un grand verre d\u2019eau le matin pendant 1 mois.<\/li>\n<li>Prise d\u00e9conseill\u00e9e en dehors des repas.<\/li>\n<\/ul>\n<p><b>PRECAUTIONS D&rsquo;EMPLOI :<\/b><\/p>\n<ul>\n<li>Ne pas d\u00e9passer la dose journali\u00e8re recommand\u00e9e.<\/li>\n<li>Ce compl\u00e9ment alimentaire doit \u00eatre utilis\u00e9 dans le cadre d\u2019une alimentation \u00e9quilibr\u00e9e et vari\u00e9e et d\u2019un mode de vie sain.<\/li>\n<li>Tenir hors de port\u00e9e des enfants.<\/li>\n<li>Consultez votre m\u00e9decin ou votre pharmacien en cas d&rsquo;usage concomitant d&rsquo;anticoagulants.<\/li>\n<li>Ne doit pas \u00eatre consomm\u00e9 si vous prenez le m\u00eame jour d&rsquo;autres produits contenant du th\u00e9 vert.<\/li>\n<li>Ne doit pas \u00eatre consomm\u00e9 \u00e0 jeun.<\/li>\n<li>Ne doit pas \u00eatre consomm\u00e9 par les femmes enceintes ou allaitantes, par les enfants de moins de 18 ans et par les personnes souffrant d&rsquo;allergie aux d\u00e9riv\u00e9s salicyl\u00e9s.<\/li>\n<li>Ne pas d\u00e9passer une dose journali\u00e8re de 800 mg de 3-gallate d&rsquo;\u00e9pigallocat\u00e9chine.<\/li>\n<li>Ce produit en contient 57 mg par dose journali\u00e8re.<\/li>\n<\/ul>\n<p>\u00c0 tenir \u00e0 l&rsquo;abri de la chaleur, de la lumi\u00e8re et de l&rsquo;humidit\u00e9.<\/p>\n<p>\u00c0 consommer de pr\u00e9f\u00e9rence avant et N\u00b0 de lot : voir sur la bo\u00eete.<\/p>","protected":false},"excerpt":{"rendered":"<div class=\"besoin\">Th\u00e9 vert &#8211; reine des pr\u00e9s &#8211; vigne rouge &#8211; marc de raisin &#8211; m\u00e9lilot<\/div>\n<div class=\"product-information\">\n<div id=\"product-description-short-215\" class=\"product-description-short\">\n<p><strong>Chaleur, station debout, talons hauts, shopping peuvent accentuer le gonflement des jambes et des chevilles en fin de journ\u00e9e.<\/strong><\/p>\n<\/div>\n<\/div>","protected":false},"featured_media":3947,"comment_status":"open","ping_status":"closed","template":"","meta":[],"product_cat":[92],"product_tag":[],"yith_product_brand":[93],"class_list":{"0":"post-3838","1":"product","2":"type-product","3":"status-publish","4":"has-post-thumbnail","6":"product_cat-complements-alimentaires","7":"yith_product_brand-dietaroma","9":"first","10":"instock","11":"sale","12":"shipping-taxable","13":"purchasable","14":"product-type-simple"},"_links":{"self":[{"href":"https:\/\/parapharmacieenligne.ma\/en\/wp-json\/wp\/v2\/product\/3838","targetHints":{"allow":["GET"]}}],"collection":[{"href":"https:\/\/parapharmacieenligne.ma\/en\/wp-json\/wp\/v2\/product"}],"about":[{"href":"https:\/\/parapharmacieenligne.ma\/en\/wp-json\/wp\/v2\/types\/product"}],"replies":[{"embeddable":true,"href":"https:\/\/parapharmacieenligne.ma\/en\/wp-json\/wp\/v2\/comments?post=3838"}],"version-history":[{"count":1,"href":"https:\/\/parapharmacieenligne.ma\/en\/wp-json\/wp\/v2\/product\/3838\/revisions"}],"predecessor-version":[{"id":3948,"href":"https:\/\/parapharmacieenligne.ma\/en\/wp-json\/wp\/v2\/product\/3838\/revisions\/3948"}],"wp:featuredmedia":[{"embeddable":true,"href":"https:\/\/parapharmacieenligne.ma\/en\/wp-json\/wp\/v2\/media\/3947"}],"wp:attachment":[{"href":"https:\/\/parapharmacieenligne.ma\/en\/wp-json\/wp\/v2\/media?parent=3838"}],"wp:term":[{"taxonomy":"product_cat","embeddable":true,"href":"https:\/\/parapharmacieenligne.ma\/en\/wp-json\/wp\/v2\/product_cat?post=3838"},{"taxonomy":"product_tag","embeddable":true,"href":"https:\/\/parapharmacieenligne.ma\/en\/wp-json\/wp\/v2\/product_tag?post=3838"},{"taxonomy":"yith_product_brand","embeddable":true,"href":"https:\/\/parapharmacieenligne.ma\/en\/wp-json\/wp\/v2\/yith_product_brand?post=3838"}],"curies":[{"name":"wp","href":"https:\/\/api.w.org\/{rel}","templated":true}]}}