{"id":3849,"date":"2026-01-25T15:01:12","date_gmt":"2026-01-25T14:01:12","guid":{"rendered":"https:\/\/parapharmacieenligne.ma\/?post_type=product&#038;p=3849"},"modified":"2026-03-24T15:03:42","modified_gmt":"2026-03-24T14:03:42","slug":"dietaroma-zinc-vitamine-b6-60-comprimes","status":"publish","type":"product","link":"https:\/\/parapharmacieenligne.ma\/en\/product\/dietaroma-zinc-vitamine-b6-60-comprimes\/","title":{"rendered":"DIETAROMA Zinc + vitamine B6 60 comprim\u00e9s"},"content":{"rendered":"<p>Le zinc est un oligo-\u00e9l\u00e9ment indispensable \u00e0 l&rsquo;organisme. Un apport en zinc lors des <strong>changements de saisons<\/strong> notamment en hiver est pertinent pour<strong> favoriser le syst\u00e8me immunitaire<\/strong>.<\/p>\n<ul>\n<li>Le <strong>zinc<\/strong> et la <strong>vitamine B6<\/strong> contribuent au fonctionnement normal du<strong> syst\u00e8me immunitaire.<\/strong><\/li>\n<\/ul>\n<p>60 comprim\u00e9s &#8211; 1 comprim\u00e9 par jour pendant 60 jours<\/p>\n<p>Poids net : 15 g<\/p>\n<p><strong>Mode d&#8217;emploi:<\/strong><\/p>\n<ul>\n<li>1 comprim\u00e9 par jour \u00e0 prendre avec un verre d&rsquo;eau de pr\u00e9f\u00e9rence hors des repas tout au long de la journ\u00e9e.<\/li>\n<\/ul>\n<p><strong>Pr\u00e9cautions d&#8217;emploi:<\/strong><\/p>\n<ul>\n<li>Ne pas d\u00e9passer la dose journali\u00e8re recommand\u00e9e.<\/li>\n<li>Ne se substitue pas \u00e0 un r\u00e9gime alimentaire \u00e9quilibr\u00e9 et vari\u00e9 et \u00e0 un mode de vie sain.<\/li>\n<li>Tenir hors de port\u00e9e des enfants.<\/li>\n<li>D\u00e9conseill\u00e9 aux enfants (en raison de la dose journali\u00e8re).<\/li>\n<li>Il est recommand\u00e9 aux femmes enceintes et allaitantes de prendre l&rsquo;avis de leur m\u00e9decin avant toute compl\u00e9mentation en vitamines.<\/li>\n<\/ul>\n<p>\u00c0 conserver \u00e0 une temp\u00e9rature comprise entre 15\u00b0C et 25\u00b0C \u00e0 l&rsquo;abri de la lumi\u00e8re et de l&rsquo;humidit\u00e9.<\/p>\n<p>\u00c0 consommer de pr\u00e9f\u00e9rence avant et N\u00b0 de lot : voir sous la bo\u00eete.<\/p>","protected":false},"excerpt":{"rendered":"<p>Le <strong>zinc<\/strong> et la <strong>vitamine B6<\/strong> contribuent au fonctionnement normal du<strong> syst\u00e8me immunitaire.<\/strong><\/p>","protected":false},"featured_media":3953,"comment_status":"open","ping_status":"closed","template":"","meta":[],"product_cat":[92],"product_tag":[],"yith_product_brand":[93],"class_list":{"0":"post-3849","1":"product","2":"type-product","3":"status-publish","4":"has-post-thumbnail","6":"product_cat-complements-alimentaires","7":"yith_product_brand-dietaroma","9":"first","10":"instock","11":"sale","12":"shipping-taxable","13":"purchasable","14":"product-type-simple"},"_links":{"self":[{"href":"https:\/\/parapharmacieenligne.ma\/en\/wp-json\/wp\/v2\/product\/3849","targetHints":{"allow":["GET"]}}],"collection":[{"href":"https:\/\/parapharmacieenligne.ma\/en\/wp-json\/wp\/v2\/product"}],"about":[{"href":"https:\/\/parapharmacieenligne.ma\/en\/wp-json\/wp\/v2\/types\/product"}],"replies":[{"embeddable":true,"href":"https:\/\/parapharmacieenligne.ma\/en\/wp-json\/wp\/v2\/comments?post=3849"}],"version-history":[{"count":1,"href":"https:\/\/parapharmacieenligne.ma\/en\/wp-json\/wp\/v2\/product\/3849\/revisions"}],"predecessor-version":[{"id":3954,"href":"https:\/\/parapharmacieenligne.ma\/en\/wp-json\/wp\/v2\/product\/3849\/revisions\/3954"}],"wp:featuredmedia":[{"embeddable":true,"href":"https:\/\/parapharmacieenligne.ma\/en\/wp-json\/wp\/v2\/media\/3953"}],"wp:attachment":[{"href":"https:\/\/parapharmacieenligne.ma\/en\/wp-json\/wp\/v2\/media?parent=3849"}],"wp:term":[{"taxonomy":"product_cat","embeddable":true,"href":"https:\/\/parapharmacieenligne.ma\/en\/wp-json\/wp\/v2\/product_cat?post=3849"},{"taxonomy":"product_tag","embeddable":true,"href":"https:\/\/parapharmacieenligne.ma\/en\/wp-json\/wp\/v2\/product_tag?post=3849"},{"taxonomy":"yith_product_brand","embeddable":true,"href":"https:\/\/parapharmacieenligne.ma\/en\/wp-json\/wp\/v2\/yith_product_brand?post=3849"}],"curies":[{"name":"wp","href":"https:\/\/api.w.org\/{rel}","templated":true}]}}