{"id":3850,"date":"2026-01-25T15:01:12","date_gmt":"2026-01-25T14:01:12","guid":{"rendered":"https:\/\/parapharmacieenligne.ma\/?post_type=product&#038;p=3850"},"modified":"2026-03-24T15:02:54","modified_gmt":"2026-03-24T14:02:54","slug":"dietaroma-ginseng-gelee-royale-20-ampoules","status":"publish","type":"product","link":"https:\/\/parapharmacieenligne.ma\/en\/product\/dietaroma-ginseng-gelee-royale-20-ampoules\/","title":{"rendered":"DIETAROMA Ginseng gel\u00e9e royale 20 ampoules"},"content":{"rendered":"<p>Manque de vitalit\u00e9 ? Fatigue persistante ? D\u00e9couvrez cette synergie de 4 ingr\u00e9dients pour booster votre <strong>tonus<\/strong> et retrouver toute votre <strong>\u00e9nergie<\/strong>.<\/p>\n<ul>\n<li><strong>Le ginseng asiatique<\/strong> (<em>P.ginseng<\/em>) est traditionnellement utilis\u00e9 en Chine depuis plus de 2000 ans. Il contribue \u00e0 l&rsquo;\u00e9nergie et au tonus en cas de fatigue passag\u00e8re. Cet extrait est concentr\u00e9 afin de vous garantir un apport en gins\u00e9nosides de 20 mg par dose journali\u00e8re recommand\u00e9e.<\/li>\n<li><strong>La gel\u00e9e royale<\/strong> est un v\u00e9ritable tr\u00e9sor de la ruche. Elle contient naturellement des vitamines et oligo\u00e9l\u00e9ments.<\/li>\n<li><strong>Le s\u00e9quoia<\/strong>, symbole de force et de puissance, s&rsquo;associe au <strong>ginseng<\/strong> sous forme de mac\u00e9r\u00e2t de jeunes pousses frais d&rsquo;origine France.<\/li>\n<\/ul>\n<p>20 ampoules.<\/p>\n<p>1 ampoule par jour pendant 20 jours.<\/p>\n<p><strong>MODE D&rsquo;EMPLOI:<\/strong><\/p>\n<ul>\n<li>1 ampoule par jour de pr\u00e9f\u00e9rence le matin \u00e0 diluer dans un grand verre d&rsquo;eau.<\/li>\n<li>Bien agiter l&rsquo;ampoule avant son ouverture. Compte tenu du c\u00f4t\u00e9 enti\u00e8rement naturel du produit et de sa concentration tr\u00e8s importante en plantes, un d\u00e9p\u00f4t est possible. Il ne nuit en rien \u00e0 la qualit\u00e9 du produit.<\/li>\n<\/ul>\n<p>\u00c0 conserver de pr\u00e9f\u00e9rence \u00e0 une temp\u00e9rature comprise entre 15\u00b0C et 25\u00b0C \u00e0 l&rsquo;abri de la lumi\u00e8re et de l&rsquo;humidit\u00e9.<\/p>\n<p><strong>PRECAUTIONS D&rsquo;EMPLOI:<\/strong><\/p>\n<ul>\n<li>Ne pas d\u00e9passer la dose journali\u00e8re recommand\u00e9e.<\/li>\n<li>Ne se substitue pas \u00e0 un r\u00e9gime alimentaire \u00e9quilibr\u00e9 et vari\u00e9 et \u00e0 un mode de vie sain.<\/li>\n<li>Tenir hors de port\u00e9e des enfants.<\/li>\n<li>Consultez votre m\u00e9decin en cas de prise simultan\u00e9e de traitement de longue dur\u00e9e ou de maladie chronique.<\/li>\n<li>L&#8217;emploi chez les personnes sous traitement antidiab\u00e9tique est d\u00e9conseill\u00e9.<\/li>\n<li>Compl\u00e9ment alimentaire r\u00e9serv\u00e9 \u00e0 la population adulte, \u00e0 l&rsquo;exclusion des femmes enceintes et allaitantes.<\/li>\n<li>D\u00e9conseill\u00e9 aux personnes allergiques aux produits de la ruche, aux pollens et aux gramin\u00e9es, mais \u00e9galement aux personnes pr\u00e9dispos\u00e9es aux allergies ou \u00e0 l&rsquo;asthme.<\/li>\n<\/ul>","protected":false},"excerpt":{"rendered":"<p><strong>Synergie de 4 ingr\u00e9dients<\/strong> :<\/p>\n<ul>\n<li>Gel\u00e9e royale bio<\/li>\n<li>Ginseng blanc bio<\/li>\n<li>Ac\u00e9rola bio<\/li>\n<li>Bourgeons de s\u00e9quoia bio<\/li>\n<\/ul>","protected":false},"featured_media":3956,"comment_status":"open","ping_status":"closed","template":"","meta":[],"product_cat":[92],"product_tag":[],"yith_product_brand":[93],"class_list":{"0":"post-3850","1":"product","2":"type-product","3":"status-publish","4":"has-post-thumbnail","6":"product_cat-complements-alimentaires","7":"yith_product_brand-dietaroma","9":"first","10":"instock","11":"sale","12":"shipping-taxable","13":"purchasable","14":"product-type-simple"},"_links":{"self":[{"href":"https:\/\/parapharmacieenligne.ma\/en\/wp-json\/wp\/v2\/product\/3850","targetHints":{"allow":["GET"]}}],"collection":[{"href":"https:\/\/parapharmacieenligne.ma\/en\/wp-json\/wp\/v2\/product"}],"about":[{"href":"https:\/\/parapharmacieenligne.ma\/en\/wp-json\/wp\/v2\/types\/product"}],"replies":[{"embeddable":true,"href":"https:\/\/parapharmacieenligne.ma\/en\/wp-json\/wp\/v2\/comments?post=3850"}],"version-history":[{"count":1,"href":"https:\/\/parapharmacieenligne.ma\/en\/wp-json\/wp\/v2\/product\/3850\/revisions"}],"predecessor-version":[{"id":3957,"href":"https:\/\/parapharmacieenligne.ma\/en\/wp-json\/wp\/v2\/product\/3850\/revisions\/3957"}],"wp:featuredmedia":[{"embeddable":true,"href":"https:\/\/parapharmacieenligne.ma\/en\/wp-json\/wp\/v2\/media\/3956"}],"wp:attachment":[{"href":"https:\/\/parapharmacieenligne.ma\/en\/wp-json\/wp\/v2\/media?parent=3850"}],"wp:term":[{"taxonomy":"product_cat","embeddable":true,"href":"https:\/\/parapharmacieenligne.ma\/en\/wp-json\/wp\/v2\/product_cat?post=3850"},{"taxonomy":"product_tag","embeddable":true,"href":"https:\/\/parapharmacieenligne.ma\/en\/wp-json\/wp\/v2\/product_tag?post=3850"},{"taxonomy":"yith_product_brand","embeddable":true,"href":"https:\/\/parapharmacieenligne.ma\/en\/wp-json\/wp\/v2\/yith_product_brand?post=3850"}],"curies":[{"name":"wp","href":"https:\/\/api.w.org\/{rel}","templated":true}]}}