{"id":3851,"date":"2026-01-25T15:01:12","date_gmt":"2026-01-25T14:01:12","guid":{"rendered":"https:\/\/parapharmacieenligne.ma\/?post_type=product&#038;p=3851"},"modified":"2026-03-24T15:03:14","modified_gmt":"2026-03-24T14:03:14","slug":"dietaroma-c-i-p-ginkgo-biloba-20-ampoules","status":"publish","type":"product","link":"https:\/\/parapharmacieenligne.ma\/en\/product\/dietaroma-c-i-p-ginkgo-biloba-20-ampoules\/","title":{"rendered":"DIETAROMA C.I.P. GINKGO BILOBA 20 ampoules"},"content":{"rendered":"<p><strong>Le ginkgo biloba contribue \u00e0 un bon \u00e9quilibre mental ainsi qu&rsquo;\u00e0 une circulation normale. <\/strong><\/p>\n<p>Les feuilles de cette plante aident \u00e0 am\u00e9liorer les fonctions cognitives et favorisent la <strong>concentration<\/strong> et la <strong>m\u00e9moire<\/strong>.<\/p>\n<p>20 ampoules de 10 ml &#8211; 1 ampoule par jour pendant 20 jours.<\/p>\n<p><strong>MODE D\u2019EMPLOI :<\/strong><\/p>\n<ul>\n<li>1 ampoule par jour \u00e0 diluer dans un verre d\u2019eau, de pr\u00e9f\u00e9rence le matin.<\/li>\n<li>Bien agiter l&rsquo;ampoule avant son ouverture.<\/li>\n<li>Compte tenu du c\u00f4t\u00e9 enti\u00e8rement naturel du produit et de sa concentration tr\u00e8s importante en plantes, un d\u00e9p\u00f4t est possible. Il ne nuit en rien \u00e0 la qualit\u00e9 du produit.<\/li>\n<\/ul>\n<p>A conserver \u00e0 l&rsquo;abri de la chaleur et de la lumi\u00e8re.<\/p>\n<p><strong>PR\u00c9CAUTIONS D\u2019EMPLOI :<\/strong><\/p>\n<ul>\n<li>Ne pas d\u00e9passer la dose journali\u00e8re recommand\u00e9e.<\/li>\n<li>Ne se substitue pas \u00e0 un r\u00e9gime alimentaire \u00e9quilibr\u00e9 et vari\u00e9 et \u00e0 un mode de vie sain.<\/li>\n<li>Tenir hors de port\u00e9e des enfants.<\/li>\n<li>Ne pas utiliser chez les femmes enceintes et allaitantes.<\/li>\n<li>Consulter un m\u00e9decin en cas de prise simultan\u00e9e d&rsquo;anticoagulants.<\/li>\n<li>L&#8217;emploi chez les personnes sous antid\u00e9presseurs est d\u00e9conseill\u00e9.<\/li>\n<li>Consulter un m\u00e9decin en cas de prise simultan\u00e9e de traitement de longue dur\u00e9e ou en cas de maladie chronique.<\/li>\n<li>D\u00e9conseill\u00e9 en cas d&rsquo;\u00e9pilepsie.<\/li>\n<li>D\u00e9conseill\u00e9 en cas d&rsquo;acte interventionnel invasif programm\u00e9 (acte chirurgical par exemple).<\/li>\n<li>R\u00e9serv\u00e9 aux adultes.<\/li>\n<\/ul>","protected":false},"excerpt":{"rendered":"<p><strong>Le ginkgo biloba contribue \u00e0 un bon \u00e9quilibre mental ainsi qu&rsquo;\u00e0 une circulation normale.<\/strong><\/p>\n<p>Les feuilles de cette plante <strong>aident \u00e0 am\u00e9liorer les fonctions cognitives et favorisent la concentration et la m\u00e9moire.<\/strong><\/p>","protected":false},"featured_media":3959,"comment_status":"open","ping_status":"closed","template":"","meta":[],"product_cat":[92],"product_tag":[],"yith_product_brand":[93],"class_list":{"0":"post-3851","1":"product","2":"type-product","3":"status-publish","4":"has-post-thumbnail","6":"product_cat-complements-alimentaires","7":"yith_product_brand-dietaroma","9":"first","10":"instock","11":"sale","12":"shipping-taxable","13":"purchasable","14":"product-type-simple"},"_links":{"self":[{"href":"https:\/\/parapharmacieenligne.ma\/en\/wp-json\/wp\/v2\/product\/3851","targetHints":{"allow":["GET"]}}],"collection":[{"href":"https:\/\/parapharmacieenligne.ma\/en\/wp-json\/wp\/v2\/product"}],"about":[{"href":"https:\/\/parapharmacieenligne.ma\/en\/wp-json\/wp\/v2\/types\/product"}],"replies":[{"embeddable":true,"href":"https:\/\/parapharmacieenligne.ma\/en\/wp-json\/wp\/v2\/comments?post=3851"}],"version-history":[{"count":1,"href":"https:\/\/parapharmacieenligne.ma\/en\/wp-json\/wp\/v2\/product\/3851\/revisions"}],"predecessor-version":[{"id":3960,"href":"https:\/\/parapharmacieenligne.ma\/en\/wp-json\/wp\/v2\/product\/3851\/revisions\/3960"}],"wp:featuredmedia":[{"embeddable":true,"href":"https:\/\/parapharmacieenligne.ma\/en\/wp-json\/wp\/v2\/media\/3959"}],"wp:attachment":[{"href":"https:\/\/parapharmacieenligne.ma\/en\/wp-json\/wp\/v2\/media?parent=3851"}],"wp:term":[{"taxonomy":"product_cat","embeddable":true,"href":"https:\/\/parapharmacieenligne.ma\/en\/wp-json\/wp\/v2\/product_cat?post=3851"},{"taxonomy":"product_tag","embeddable":true,"href":"https:\/\/parapharmacieenligne.ma\/en\/wp-json\/wp\/v2\/product_tag?post=3851"},{"taxonomy":"yith_product_brand","embeddable":true,"href":"https:\/\/parapharmacieenligne.ma\/en\/wp-json\/wp\/v2\/yith_product_brand?post=3851"}],"curies":[{"name":"wp","href":"https:\/\/api.w.org\/{rel}","templated":true}]}}