{"id":3861,"date":"2026-01-25T15:01:40","date_gmt":"2026-01-25T14:01:40","guid":{"rendered":"https:\/\/parapharmacieenligne.ma\/?post_type=product&#038;p=3861"},"modified":"2026-03-24T15:00:56","modified_gmt":"2026-03-24T14:00:56","slug":"dietaroma-cystenea-duo","status":"publish","type":"product","link":"https:\/\/parapharmacieenligne.ma\/en\/product\/dietaroma-cystenea-duo\/","title":{"rendered":"DIETAROMA Cyst\u00e9nea Duo"},"content":{"rendered":"<p>Pour le bien-\u00eatre f\u00e9minin au quotidien.<\/p>\n<p>Nous avons s\u00e9lectionn\u00e9 et associ\u00e9 pour vous les<strong> ingr\u00e9dients naturels dans une forme concentr\u00e9e :<\/strong><\/p>\n<ul>\n<li><strong>La cranberry<\/strong>, riche en proanthocyanidines, vous garantit un apport de <strong>50 mg de PAC<\/strong> pour 3 g\u00e9lules.<\/li>\n<li><strong>L\u2019hibiscus<\/strong> naturellement riche en flavono\u00efdes, joue un r\u00f4le dans l\u2019<strong>\u00e9limination urinaire et r\u00e9nale.<\/strong><\/li>\n<li><strong>La propolis<\/strong>, complexe unique fabriqu\u00e9 par les abeilles.<\/li>\n<li><strong>MODE D&rsquo;EMPLOI : <\/strong>\n<ul>\n<li>1 \u00e0 3 g\u00e9lules par jour avec un grand verre d\u2019eau. Jusqu\u2019\u00e0 3 g\u00e9lules par jour selon les besoins.<\/li>\n<li>Il est conseill\u00e9 de boire beaucoup d&rsquo;eau tout au long de la journ\u00e9e.<\/li>\n<\/ul>\n<p><strong>PRECAUTIONS D&rsquo;EMPLOI : <\/strong><\/p>\n<ul>\n<li>Ne pas d\u00e9passer la dose journali\u00e8re recommand\u00e9e.<\/li>\n<li>Ne se substitue pas \u00e0 un r\u00e9gime alimentaire \u00e9quilibr\u00e9 et vari\u00e9 et \u00e0 un mode de vie sain.<\/li>\n<li>Tenir hors de port\u00e9e des enfants.<\/li>\n<\/ul>\n<p>Consultez votre m\u00e9decin en cas de prise simultan\u00e9e de traitement de longue dur\u00e9e ou de maladie chronique.<\/p>\n<ul>\n<li>D\u00e9conseill\u00e9 aux personnes allergiques aux pollens mais \u00e9galement aux personnes pr\u00e9dispos\u00e9es aux allergies ou \u00e0 l&rsquo;asthme.<\/li>\n<\/ul>\n<\/li>\n<\/ul>","protected":false},"excerpt":{"rendered":"<p>Pour le <strong>bien-\u00eatre f\u00e9minin au quotidien.<\/strong><\/p>\n<p><strong>L&rsquo;hibiscus contribue \u00e0 l&rsquo;\u00e9limination urinaire.<\/strong><\/p>","protected":false},"featured_media":3962,"comment_status":"open","ping_status":"closed","template":"","meta":[],"product_cat":[92],"product_tag":[],"yith_product_brand":[93],"class_list":{"0":"post-3861","1":"product","2":"type-product","3":"status-publish","4":"has-post-thumbnail","6":"product_cat-complements-alimentaires","7":"yith_product_brand-dietaroma","9":"first","10":"instock","11":"sale","12":"shipping-taxable","13":"purchasable","14":"product-type-simple"},"_links":{"self":[{"href":"https:\/\/parapharmacieenligne.ma\/en\/wp-json\/wp\/v2\/product\/3861","targetHints":{"allow":["GET"]}}],"collection":[{"href":"https:\/\/parapharmacieenligne.ma\/en\/wp-json\/wp\/v2\/product"}],"about":[{"href":"https:\/\/parapharmacieenligne.ma\/en\/wp-json\/wp\/v2\/types\/product"}],"replies":[{"embeddable":true,"href":"https:\/\/parapharmacieenligne.ma\/en\/wp-json\/wp\/v2\/comments?post=3861"}],"version-history":[{"count":1,"href":"https:\/\/parapharmacieenligne.ma\/en\/wp-json\/wp\/v2\/product\/3861\/revisions"}],"predecessor-version":[{"id":3963,"href":"https:\/\/parapharmacieenligne.ma\/en\/wp-json\/wp\/v2\/product\/3861\/revisions\/3963"}],"wp:featuredmedia":[{"embeddable":true,"href":"https:\/\/parapharmacieenligne.ma\/en\/wp-json\/wp\/v2\/media\/3962"}],"wp:attachment":[{"href":"https:\/\/parapharmacieenligne.ma\/en\/wp-json\/wp\/v2\/media?parent=3861"}],"wp:term":[{"taxonomy":"product_cat","embeddable":true,"href":"https:\/\/parapharmacieenligne.ma\/en\/wp-json\/wp\/v2\/product_cat?post=3861"},{"taxonomy":"product_tag","embeddable":true,"href":"https:\/\/parapharmacieenligne.ma\/en\/wp-json\/wp\/v2\/product_tag?post=3861"},{"taxonomy":"yith_product_brand","embeddable":true,"href":"https:\/\/parapharmacieenligne.ma\/en\/wp-json\/wp\/v2\/yith_product_brand?post=3861"}],"curies":[{"name":"wp","href":"https:\/\/api.w.org\/{rel}","templated":true}]}}