{"id":3863,"date":"2026-01-25T15:01:40","date_gmt":"2026-01-25T14:01:40","guid":{"rendered":"https:\/\/parapharmacieenligne.ma\/?post_type=product&#038;p=3863"},"modified":"2026-03-24T15:02:05","modified_gmt":"2026-03-24T14:02:05","slug":"dietaroma-capligne-konjac-chrome-60-comprimes","status":"publish","type":"product","link":"https:\/\/parapharmacieenligne.ma\/en\/product\/dietaroma-capligne-konjac-chrome-60-comprimes\/","title":{"rendered":"DIETAROMA CAPLIGNE KONJAC &#038; CHROME 60 comprim\u00e9s"},"content":{"rendered":"<p>La p\u00e9riode de r\u00e9gime est un parcours sem\u00e9 d\u2019emb\u00fbches&#8230; Ayez le r\u00e9flexe Di\u00e9taroma avec le compl\u00e9ment alimentaire Capligne Konjac &amp; Chrome ! Nous avons s\u00e9lectionn\u00e9 et associ\u00e9 pour vous, les ingr\u00e9dients naturels les plus actifs dans une formule concentr\u00e9e :<\/p>\n<p>&#8211; Le konjac garantissant un apport de 3g de glucomannane par jour, fibre capable d\u2019absorber jusqu\u2019\u00e0 100 fois son poids en eau, contribue dans le cadre d\u2019un r\u00e9gime hypocalorique \u00e0 une perte de poids en mod\u00e9rant votre app\u00e9tit.<\/p>\n<p>&#8211; Le chrome : aide au maintien normal du taux de sucre dans le sang.<\/p>\n<p>&#8211; La vitamine B6 : contribue \u00e0 r\u00e9duire la fatigue.<\/p>\n<p>MODE D&rsquo;EMPLOI :<\/p>\n<p>&#8211; 2 g\u00e9lules avant chacun des trois repas principaux avec un 1 \u00e0 2 verres d\u2019eau.<\/p>\n<p>&#8211; Nous vous conseillons de prendre les deux g\u00e9lules l\u2019une apr\u00e8s l\u2019autre et en buvant bien entre les deux prises. Cette prise permet d\u2019avoir un effet b\u00e9n\u00e9fique dans le cadre d\u2019un r\u00e9gime hypocalorique. Il est conseill\u00e9 pour garantir l\u2019ingestion de la substance jusqu\u2019\u00e0 l\u2019estomac de la consommer avec beaucoup d\u2019eau pour \u00e9viter les risques de suffocation en cas de difficult\u00e9 de d\u00e9glutition ou en cas d\u2019ingestion avec un fluide inad\u00e9quat.<\/p>\n<p>PRECAUTIONS D&rsquo;EMPLOI :<\/p>\n<p>&#8211; Ne pas d\u00e9passer la dose journali\u00e8re recommand\u00e9e.<\/p>\n<p>&#8211; Ce compl\u00e9ment alimentaire doit \u00eatre utilis\u00e9 dans le cadre d\u2019une alimentation vari\u00e9e, \u00e9quilibr\u00e9e et d\u2019un mode de vie sain.<\/p>\n<p>&#8211; Tenir hors de port\u00e9e des enfants.<\/p>","protected":false},"excerpt":{"rendered":"<p>La p\u00e9riode de r\u00e9gime est un parcours sem\u00e9 d\u2019emb\u00fbches&#8230; Ayez le r\u00e9flexe Di\u00e9taroma avec le compl\u00e9ment alimentaire Capligne Konjac &amp; Chrome !<\/p>","protected":false},"featured_media":3968,"comment_status":"open","ping_status":"closed","template":"","meta":[],"product_cat":[92],"product_tag":[],"yith_product_brand":[93],"class_list":{"0":"post-3863","1":"product","2":"type-product","3":"status-publish","4":"has-post-thumbnail","6":"product_cat-complements-alimentaires","7":"yith_product_brand-dietaroma","9":"first","10":"instock","11":"sale","12":"shipping-taxable","13":"purchasable","14":"product-type-simple"},"_links":{"self":[{"href":"https:\/\/parapharmacieenligne.ma\/en\/wp-json\/wp\/v2\/product\/3863","targetHints":{"allow":["GET"]}}],"collection":[{"href":"https:\/\/parapharmacieenligne.ma\/en\/wp-json\/wp\/v2\/product"}],"about":[{"href":"https:\/\/parapharmacieenligne.ma\/en\/wp-json\/wp\/v2\/types\/product"}],"replies":[{"embeddable":true,"href":"https:\/\/parapharmacieenligne.ma\/en\/wp-json\/wp\/v2\/comments?post=3863"}],"version-history":[{"count":1,"href":"https:\/\/parapharmacieenligne.ma\/en\/wp-json\/wp\/v2\/product\/3863\/revisions"}],"predecessor-version":[{"id":3969,"href":"https:\/\/parapharmacieenligne.ma\/en\/wp-json\/wp\/v2\/product\/3863\/revisions\/3969"}],"wp:featuredmedia":[{"embeddable":true,"href":"https:\/\/parapharmacieenligne.ma\/en\/wp-json\/wp\/v2\/media\/3968"}],"wp:attachment":[{"href":"https:\/\/parapharmacieenligne.ma\/en\/wp-json\/wp\/v2\/media?parent=3863"}],"wp:term":[{"taxonomy":"product_cat","embeddable":true,"href":"https:\/\/parapharmacieenligne.ma\/en\/wp-json\/wp\/v2\/product_cat?post=3863"},{"taxonomy":"product_tag","embeddable":true,"href":"https:\/\/parapharmacieenligne.ma\/en\/wp-json\/wp\/v2\/product_tag?post=3863"},{"taxonomy":"yith_product_brand","embeddable":true,"href":"https:\/\/parapharmacieenligne.ma\/en\/wp-json\/wp\/v2\/yith_product_brand?post=3863"}],"curies":[{"name":"wp","href":"https:\/\/api.w.org\/{rel}","templated":true}]}}