{"id":3876,"date":"2026-01-25T15:02:05","date_gmt":"2026-01-25T14:02:05","guid":{"rendered":"https:\/\/parapharmacieenligne.ma\/?post_type=product&#038;p=3876"},"modified":"2026-03-24T15:00:01","modified_gmt":"2026-03-24T14:00:01","slug":"dietaroma-oleopolis-nez-gorge-bronches-60-capsules","status":"publish","type":"product","link":"https:\/\/parapharmacieenligne.ma\/en\/product\/dietaroma-oleopolis-nez-gorge-bronches-60-capsules\/","title":{"rendered":"DIETAROMA Ol\u00e9opolis nez &#8211; gorge &#8211; bronches 60 capsules"},"content":{"rendered":"<p>Une synergie de plantes id\u00e9ales \u00e0 l&rsquo;approche de l&rsquo;hiver pour contribuer au <strong>syst\u00e8me immunitaire<\/strong> et <strong>respiratoire<\/strong>.<\/p>\n<p>Nous avons s\u00e9lectionn\u00e9 et associ\u00e9 pour vous les ingr\u00e9dients d&rsquo;origine naturelle dans une formule tr\u00e8s concentr\u00e9e :<\/p>\n<ul>\n<li><strong> L&rsquo;Echinac\u00e9e, <\/strong>une plante indispensable qui participe \u00e0 soutenir le syst\u00e8me immunitaire.<\/li>\n<li><strong> La vitamine C<\/strong> pr\u00e9sente dans l&rsquo;extrait de cynorhodon participe \u00e0 maintenir un bon fonctionnement du syst\u00e8me immunitaire.<\/li>\n<li><strong>6 huiles essentielles<\/strong> s\u00e9lectionn\u00e9es pour leurs actions avec notamment l&rsquo;huile essentielle de <strong>Ravintsara<\/strong> et de <strong>Thym<\/strong>.<\/li>\n<li><strong>La propolis<\/strong>, complexe unique fabriqu\u00e9 par les abeilles.<\/li>\n<\/ul>\n<p>60 capsules.<\/p>\n<p>2 capsules par jour pendant 30 jours.<\/p>\n<p><strong>MODE D\u2019EMPLOI :<\/strong><\/p>\n<ul>\n<li>2 capsules par jour pendant un mois ou 2 capsules 3 fois par jour pendant 5 jours en cas de besoin, de pr\u00e9f\u00e9rence au cours des repas.<\/li>\n<\/ul>\n<p><strong>PR\u00c9CAUTIONS D\u2019EMPLOI :<\/strong><\/p>\n<ul>\n<li>Ne pas d\u00e9passer la dose journali\u00e8re recommand\u00e9e.<\/li>\n<li>Ne se substitue pas \u00e0 un r\u00e9gime alimentaire \u00e9quilibr\u00e9 et vari\u00e9 et \u00e0 un mode de vie sain.<\/li>\n<li>Tenir hors de port\u00e9e des enfants.<\/li>\n<li>Ne pas utiliser en cas de maladies li\u00e9es au syst\u00e8me immunitaires comme la tuberculose, la leucose, la collag\u00e9nose, la scl\u00e9rose multiple, le sida et d&rsquo;autres maladies auto-immunes.<\/li>\n<li>Contre-indiqu\u00e9 en cas d&rsquo;allergie connue aux fleurs de la famille des Ast\u00e9rac\u00e9es (marguerite).<\/li>\n<li>Contre-indiqu\u00e9 lors de la prise de nombreux m\u00e9dicaments (anticoagulants, immuno-supresseurs, st\u00e9ro\u00efdes&#8230;)<\/li>\n<li>Ne pas utiliser en cas de grossesse ou d&rsquo;allaitement.<\/li>\n<li>Ne pas administrer \u00e0 des enfants de moins de 12 ans.<\/li>\n<li>L&rsquo;utilisation prolong\u00e9e est d\u00e9conseill\u00e9e.<\/li>\n<\/ul>\n<p>A conserver \u00e0 l&rsquo;abri de la lumi\u00e8re, de l&rsquo;humidit\u00e9 et \u00e0 une temp\u00e9rature inf\u00e9rieur \u00e0 25\u00b0C.<\/p>\n<p>Du fait de l&rsquo;origine naturelle des ingr\u00e9dients une variation de couleur est possible entre diff\u00e9rents lots de produits.<\/p>\n<p>\u00c0 consommer de pr\u00e9f\u00e9rence avant et N\u00b0 de lot : voir sur le produit.<\/p>","protected":false},"excerpt":{"rendered":"<p>Propolis, echinac\u00e9e, cynorhondon<\/p>\n<p>Une synergie de plantes id\u00e9ales \u00e0 l&rsquo;approche de l&rsquo;hiver pour contribuer au <strong>syst\u00e8me immunitaire<\/strong> et <strong>respiratoire<\/strong>.<\/p>","protected":false},"featured_media":3971,"comment_status":"open","ping_status":"closed","template":"","meta":[],"product_cat":[92],"product_tag":[],"yith_product_brand":[93],"class_list":{"0":"post-3876","1":"product","2":"type-product","3":"status-publish","4":"has-post-thumbnail","6":"product_cat-complements-alimentaires","7":"yith_product_brand-dietaroma","9":"first","10":"instock","11":"sale","12":"shipping-taxable","13":"purchasable","14":"product-type-simple"},"_links":{"self":[{"href":"https:\/\/parapharmacieenligne.ma\/en\/wp-json\/wp\/v2\/product\/3876","targetHints":{"allow":["GET"]}}],"collection":[{"href":"https:\/\/parapharmacieenligne.ma\/en\/wp-json\/wp\/v2\/product"}],"about":[{"href":"https:\/\/parapharmacieenligne.ma\/en\/wp-json\/wp\/v2\/types\/product"}],"replies":[{"embeddable":true,"href":"https:\/\/parapharmacieenligne.ma\/en\/wp-json\/wp\/v2\/comments?post=3876"}],"version-history":[{"count":1,"href":"https:\/\/parapharmacieenligne.ma\/en\/wp-json\/wp\/v2\/product\/3876\/revisions"}],"predecessor-version":[{"id":3972,"href":"https:\/\/parapharmacieenligne.ma\/en\/wp-json\/wp\/v2\/product\/3876\/revisions\/3972"}],"wp:featuredmedia":[{"embeddable":true,"href":"https:\/\/parapharmacieenligne.ma\/en\/wp-json\/wp\/v2\/media\/3971"}],"wp:attachment":[{"href":"https:\/\/parapharmacieenligne.ma\/en\/wp-json\/wp\/v2\/media?parent=3876"}],"wp:term":[{"taxonomy":"product_cat","embeddable":true,"href":"https:\/\/parapharmacieenligne.ma\/en\/wp-json\/wp\/v2\/product_cat?post=3876"},{"taxonomy":"product_tag","embeddable":true,"href":"https:\/\/parapharmacieenligne.ma\/en\/wp-json\/wp\/v2\/product_tag?post=3876"},{"taxonomy":"yith_product_brand","embeddable":true,"href":"https:\/\/parapharmacieenligne.ma\/en\/wp-json\/wp\/v2\/yith_product_brand?post=3876"}],"curies":[{"name":"wp","href":"https:\/\/api.w.org\/{rel}","templated":true}]}}