{"id":3877,"date":"2026-01-25T15:02:06","date_gmt":"2026-01-25T14:02:06","guid":{"rendered":"https:\/\/parapharmacieenligne.ma\/?post_type=product&#038;p=3877"},"modified":"2026-03-24T14:57:25","modified_gmt":"2026-03-24T13:57:25","slug":"dietaroma-ginseng-extra-fort-20-ampoules","status":"publish","type":"product","link":"https:\/\/parapharmacieenligne.ma\/en\/product\/dietaroma-ginseng-extra-fort-20-ampoules\/","title":{"rendered":"DIETAROMA Ginseng extra fort 20 ampoules"},"content":{"rendered":"<ul>\n<li><strong>Le ginseng asiatique<\/strong> (<em>P.ginseng<\/em>) est traditionnellement utilis\u00e9 en Chine depuis plus de 2 000 ans. Il contribue \u00e0 l&rsquo;\u00e9nergie et au tonus en cas de fatigue passag\u00e8re. Ag\u00e9 de 4-7 ans, cet extrait est concentr\u00e9 afin de vous garantir un apport en gins\u00e9nosides de <strong>30 mg<\/strong> par dose journali\u00e8re recommand\u00e9e.<\/li>\n<li><strong>Le ch\u00eane<\/strong>, symbole de force et de long\u00e9vit\u00e9, s&rsquo;associe au ginseng sous forme d&rsquo;extrait de bourgeons de feuilles frais d&rsquo;origine France.<\/li>\n<\/ul>\n<p>20 ampoules.<\/p>\n<p>1 ampoule par jour pendant 20 jours.<\/p>\n<p><strong>MODE D&rsquo;EMPLOI :<\/strong><\/p>\n<ul>\n<li>1 ampoule par jour de pr\u00e9f\u00e9rence le matin \u00e0 diluer dans un grand verre d&rsquo;eau.<\/li>\n<li>Bien agiter l&rsquo;ampoule avant son ouverture. Compte tenu du c\u00f4t\u00e9 enti\u00e8rement naturel du produit et de sa concentration tr\u00e8s importante en plantes, un d\u00e9p\u00f4t est possible. Il ne nuit en rien \u00e0 la qualit\u00e9 du produit.<\/li>\n<\/ul>\n<p>\u00c0 conserver de pr\u00e9f\u00e9rence \u00e0 une temp\u00e9rature comprise entre 15\u00b0C et 25\u00b0C \u00e0 l&rsquo;abri de la lumi\u00e8re et de l&rsquo;humidit\u00e9.<\/p>\n<p><strong>PRECAUTIONS D&rsquo;EMPLOI :<\/strong><\/p>\n<ul>\n<li>Ne pas d\u00e9passer la dose journali\u00e8re recommand\u00e9e.<\/li>\n<li>Ne se substitue pas \u00e0 un r\u00e9gime alimentaire \u00e9quilibr\u00e9 et vari\u00e9 et \u00e0 un mode de vie sain.<\/li>\n<li>Tenir hors de port\u00e9e des enfants.<\/li>\n<li>Consultez votre m\u00e9decin en cas de prise simultan\u00e9e de traitement de longue dur\u00e9e ou de maladie chronique. L&#8217;emploi chez les personnes sous traitement antidiab\u00e9tique est d\u00e9conseill\u00e9.<\/li>\n<li>R\u00e9serv\u00e9 \u00e0 l&rsquo;adulte.<\/li>\n<li>Compl\u00e9ment alimentaire destin\u00e9 \u00e0 la population adulte, \u00e0 l&rsquo;exclusion des femmes enceintes et allaitantes.<\/li>\n<\/ul>","protected":false},"excerpt":{"rendered":"<p>D\u00e9couvrez le ginseng extra fort pour retrouver <strong>tonus et \u00e9nergie<\/strong><strong> <\/strong>!<\/p>","protected":false},"featured_media":3974,"comment_status":"open","ping_status":"closed","template":"","meta":[],"product_cat":[92],"product_tag":[],"yith_product_brand":[93],"class_list":{"0":"post-3877","1":"product","2":"type-product","3":"status-publish","4":"has-post-thumbnail","6":"product_cat-complements-alimentaires","7":"yith_product_brand-dietaroma","9":"first","10":"instock","11":"sale","12":"shipping-taxable","13":"purchasable","14":"product-type-simple"},"_links":{"self":[{"href":"https:\/\/parapharmacieenligne.ma\/en\/wp-json\/wp\/v2\/product\/3877","targetHints":{"allow":["GET"]}}],"collection":[{"href":"https:\/\/parapharmacieenligne.ma\/en\/wp-json\/wp\/v2\/product"}],"about":[{"href":"https:\/\/parapharmacieenligne.ma\/en\/wp-json\/wp\/v2\/types\/product"}],"replies":[{"embeddable":true,"href":"https:\/\/parapharmacieenligne.ma\/en\/wp-json\/wp\/v2\/comments?post=3877"}],"version-history":[{"count":1,"href":"https:\/\/parapharmacieenligne.ma\/en\/wp-json\/wp\/v2\/product\/3877\/revisions"}],"predecessor-version":[{"id":3975,"href":"https:\/\/parapharmacieenligne.ma\/en\/wp-json\/wp\/v2\/product\/3877\/revisions\/3975"}],"wp:featuredmedia":[{"embeddable":true,"href":"https:\/\/parapharmacieenligne.ma\/en\/wp-json\/wp\/v2\/media\/3974"}],"wp:attachment":[{"href":"https:\/\/parapharmacieenligne.ma\/en\/wp-json\/wp\/v2\/media?parent=3877"}],"wp:term":[{"taxonomy":"product_cat","embeddable":true,"href":"https:\/\/parapharmacieenligne.ma\/en\/wp-json\/wp\/v2\/product_cat?post=3877"},{"taxonomy":"product_tag","embeddable":true,"href":"https:\/\/parapharmacieenligne.ma\/en\/wp-json\/wp\/v2\/product_tag?post=3877"},{"taxonomy":"yith_product_brand","embeddable":true,"href":"https:\/\/parapharmacieenligne.ma\/en\/wp-json\/wp\/v2\/yith_product_brand?post=3877"}],"curies":[{"name":"wp","href":"https:\/\/api.w.org\/{rel}","templated":true}]}}