{"id":3878,"date":"2026-01-25T15:02:06","date_gmt":"2026-01-25T14:02:06","guid":{"rendered":"https:\/\/parapharmacieenligne.ma\/?post_type=product&#038;p=3878"},"modified":"2026-03-24T14:59:29","modified_gmt":"2026-03-24T13:59:29","slug":"dietaroma-complexe-fer-vitamine-c-30-comprimes","status":"publish","type":"product","link":"https:\/\/parapharmacieenligne.ma\/en\/product\/dietaroma-complexe-fer-vitamine-c-30-comprimes\/","title":{"rendered":"DIETAROMA Complexe Fer + vitamine C 30 comprim\u00e9s"},"content":{"rendered":"<p><strong>Fatigue passag\u00e8re<\/strong>, <strong>en<\/strong> <strong>manque de fer<\/strong>, il est essentiel de se suppl\u00e9menter.<\/p>\n<p>L&rsquo;absorption du fer est augment\u00e9e gr\u00e2ce \u00e0 sa forme <strong>bisglycinate<\/strong>.<\/p>\n<ul>\n<li><strong>Le bysglycinate de fer<\/strong> contribue au fonctionnement normal du syst\u00e8me immunitaire et \u00e0 la r\u00e9duction de la fatigue.<\/li>\n<li><strong>La vitamine C<\/strong> accro\u00eet l&rsquo;absorption du fer.<\/li>\n<li><strong>La vitamine B2<\/strong> participe au m\u00e9tabolisme normal du fer.<\/li>\n<\/ul>\n<p>30 comprim\u00e9s &#8211; 1 comprim\u00e9s par jour pendant 30 jours.<\/p>\n<p><strong>MODE D&rsquo;EMPLOI :<\/strong> 1 comprim\u00e9 par jour pendant 1 mois \u00e0 prendre avec un verre d&rsquo;eau, au cours d&rsquo;un repas, de pr\u00e9f\u00e9rence \u00e0 distance de la prise de th\u00e9 ou de c\u00e9r\u00e9ales compl\u00e8tes.<\/p>\n<p><strong>PRECAUTIONS D&rsquo;EMPLOI : <\/strong><\/p>\n<ul>\n<li>Ne pas d\u00e9passer la dose journali\u00e8re recommand\u00e9e.<\/li>\n<li>Ne se substitue pas \u00e0 un r\u00e9gime alimentaire \u00e9quilibr\u00e9, vari\u00e9 et diversifi\u00e9 et \u00e0 un mode de vie sain.<\/li>\n<li>Tenir hors de port\u00e9e des enfants.<\/li>\n<li>D\u00e9conseill\u00e9 aux femmes enceintes et allaitantes.<\/li>\n<li>Consultez votre m\u00e9decin ou votre pharmacien en cas de maladie chronique ou de prise de traitement longue dur\u00e9e.<\/li>\n<li>D\u00e9conseill\u00e9 aux personnes souffrant de maladies ayant pour cons\u00e9quence une accumulation anormal de fer (h\u00e9mochromatose, polyglobulie&#8230;)<\/li>\n<li>R\u00e9serv\u00e9 \u00e0 l&rsquo;adulte.<\/li>\n<\/ul>","protected":false},"excerpt":{"rendered":"<p><strong>Fatigue passag\u00e8re<\/strong>, <strong>en<\/strong> <strong>manque de fer<\/strong>, il est essentiel de se suppl\u00e9menter.<\/p>\n<p>L&rsquo;absorption du fer est augment\u00e9e gr\u00e2ce \u00e0 sa forme <strong>bisglycinate<\/strong>.<\/p>","protected":false},"featured_media":3977,"comment_status":"open","ping_status":"closed","template":"","meta":[],"product_cat":[92],"product_tag":[],"yith_product_brand":[93],"class_list":{"0":"post-3878","1":"product","2":"type-product","3":"status-publish","4":"has-post-thumbnail","6":"product_cat-complements-alimentaires","7":"yith_product_brand-dietaroma","9":"first","10":"instock","11":"sale","12":"shipping-taxable","13":"purchasable","14":"product-type-simple"},"_links":{"self":[{"href":"https:\/\/parapharmacieenligne.ma\/en\/wp-json\/wp\/v2\/product\/3878","targetHints":{"allow":["GET"]}}],"collection":[{"href":"https:\/\/parapharmacieenligne.ma\/en\/wp-json\/wp\/v2\/product"}],"about":[{"href":"https:\/\/parapharmacieenligne.ma\/en\/wp-json\/wp\/v2\/types\/product"}],"replies":[{"embeddable":true,"href":"https:\/\/parapharmacieenligne.ma\/en\/wp-json\/wp\/v2\/comments?post=3878"}],"version-history":[{"count":1,"href":"https:\/\/parapharmacieenligne.ma\/en\/wp-json\/wp\/v2\/product\/3878\/revisions"}],"predecessor-version":[{"id":3978,"href":"https:\/\/parapharmacieenligne.ma\/en\/wp-json\/wp\/v2\/product\/3878\/revisions\/3978"}],"wp:featuredmedia":[{"embeddable":true,"href":"https:\/\/parapharmacieenligne.ma\/en\/wp-json\/wp\/v2\/media\/3977"}],"wp:attachment":[{"href":"https:\/\/parapharmacieenligne.ma\/en\/wp-json\/wp\/v2\/media?parent=3878"}],"wp:term":[{"taxonomy":"product_cat","embeddable":true,"href":"https:\/\/parapharmacieenligne.ma\/en\/wp-json\/wp\/v2\/product_cat?post=3878"},{"taxonomy":"product_tag","embeddable":true,"href":"https:\/\/parapharmacieenligne.ma\/en\/wp-json\/wp\/v2\/product_tag?post=3878"},{"taxonomy":"yith_product_brand","embeddable":true,"href":"https:\/\/parapharmacieenligne.ma\/en\/wp-json\/wp\/v2\/yith_product_brand?post=3878"}],"curies":[{"name":"wp","href":"https:\/\/api.w.org\/{rel}","templated":true}]}}