{"id":3879,"date":"2026-01-25T15:02:06","date_gmt":"2026-01-25T14:02:06","guid":{"rendered":"https:\/\/parapharmacieenligne.ma\/?post_type=product&#038;p=3879"},"modified":"2026-03-24T14:58:21","modified_gmt":"2026-03-24T13:58:21","slug":"dietaroma-oleopolis-spray-gorge-20ml","status":"publish","type":"product","link":"https:\/\/parapharmacieenligne.ma\/en\/product\/dietaroma-oleopolis-spray-gorge-20ml\/","title":{"rendered":"DIETAROMA OL\u00c9OPOLIS SPRAY GORGE 20ml"},"content":{"rendered":"<div id=\"description\" class=\"tab-pane fade in active description\" role=\"tabpanel\">\n<div class=\"product-description\">\n<p><strong>Spray propolis<\/strong> au miel, propolis, calendula et 5 huiles essentielles.<\/p>\n<p>Flacon pulv\u00e9risateur : 20 ml.<\/p>\n<p>Alc. 25% vol.<\/p>\n<p>1 \u00e0 2 pulv\u00e9risations dans la bouche, 3 fois par jour.<\/p>\n<\/div>\n<\/div>\n<div id=\"extra-0\" class=\"tab-pane fade in extra conseils-d-utilisation\" role=\"tabpanel\">\n<p><strong>MODE D&rsquo;EMPLOI:<\/strong><\/p>\n<ul>\n<li>1 \u00e0 2 pulv\u00e9risations dans la bouche, 3 fois par jour.<\/li>\n<li>Bien agiter avant emploi.<\/li>\n<li>A prendre \u00e0 tout moment de la journ\u00e9e<\/li>\n<\/ul>\n<p><strong>PRECAUTIONS D&rsquo;EMPLOI:<\/strong><\/p>\n<ul>\n<li>Ne pas d\u00e9passer la dose journali\u00e8re recommand\u00e9e.<\/li>\n<li>Ne se substitue pas \u00e0 un r\u00e9gime alimentaire \u00e9quilibr\u00e9 et vari\u00e9 et \u00e0 un mode de vie sain.<\/li>\n<li>Tenir hors de port\u00e9e des enfants.<\/li>\n<li>Consulter un professionnel de sant\u00e9 avant de consommer ce produit.<\/li>\n<li>R\u00e9serv\u00e9 \u00e0 l&rsquo;adulte.<\/li>\n<li>D\u00e9conseill\u00e9 aux femmes enceintes.<\/li>\n<li>Demandez conseil \u00e0 un professionnel en cas de probl\u00e8mes gastriques, h\u00e9patiques, r\u00e9naux, neurologiques, d&rsquo;ant\u00e9c\u00e9dents de convulsion ou d&rsquo;\u00e9pilepsie, de troubles de la coagulation du sang, ou en cas de prise simultan\u00e9e de m\u00e9dicaments.<\/li>\n<li>D\u00e9conseill\u00e9 en cas d&rsquo;allergie \u00e0 la cannelle, au clou de girofle ou au baume du P\u00e9rou et aux produits de la ruche.<\/li>\n<li>L&rsquo;utilisation prolong\u00e9e est d\u00e9conseill\u00e9e.<\/li>\n<li>Ne pas d\u00e9passer une semaine de prise.<\/li>\n<li>\u00c0 tenir \u00e0 l&rsquo;abri de la chaleur, de la lumi\u00e8re et de l&rsquo;humidit\u00e9.<\/li>\n<\/ul>\n<\/div>","protected":false},"excerpt":{"rendered":"<p><strong>Adoucit la gorge<\/strong><\/p>\n<p>Spray gorge bio \u00e0 la <strong>propolis<\/strong> et aux <strong>huiles essentielles<\/strong>.<\/p>","protected":false},"featured_media":3980,"comment_status":"open","ping_status":"closed","template":"","meta":[],"product_cat":[92],"product_tag":[],"yith_product_brand":[93],"class_list":{"0":"post-3879","1":"product","2":"type-product","3":"status-publish","4":"has-post-thumbnail","6":"product_cat-complements-alimentaires","7":"yith_product_brand-dietaroma","9":"first","10":"instock","11":"sale","12":"shipping-taxable","13":"purchasable","14":"product-type-simple"},"_links":{"self":[{"href":"https:\/\/parapharmacieenligne.ma\/en\/wp-json\/wp\/v2\/product\/3879","targetHints":{"allow":["GET"]}}],"collection":[{"href":"https:\/\/parapharmacieenligne.ma\/en\/wp-json\/wp\/v2\/product"}],"about":[{"href":"https:\/\/parapharmacieenligne.ma\/en\/wp-json\/wp\/v2\/types\/product"}],"replies":[{"embeddable":true,"href":"https:\/\/parapharmacieenligne.ma\/en\/wp-json\/wp\/v2\/comments?post=3879"}],"version-history":[{"count":1,"href":"https:\/\/parapharmacieenligne.ma\/en\/wp-json\/wp\/v2\/product\/3879\/revisions"}],"predecessor-version":[{"id":3981,"href":"https:\/\/parapharmacieenligne.ma\/en\/wp-json\/wp\/v2\/product\/3879\/revisions\/3981"}],"wp:featuredmedia":[{"embeddable":true,"href":"https:\/\/parapharmacieenligne.ma\/en\/wp-json\/wp\/v2\/media\/3980"}],"wp:attachment":[{"href":"https:\/\/parapharmacieenligne.ma\/en\/wp-json\/wp\/v2\/media?parent=3879"}],"wp:term":[{"taxonomy":"product_cat","embeddable":true,"href":"https:\/\/parapharmacieenligne.ma\/en\/wp-json\/wp\/v2\/product_cat?post=3879"},{"taxonomy":"product_tag","embeddable":true,"href":"https:\/\/parapharmacieenligne.ma\/en\/wp-json\/wp\/v2\/product_tag?post=3879"},{"taxonomy":"yith_product_brand","embeddable":true,"href":"https:\/\/parapharmacieenligne.ma\/en\/wp-json\/wp\/v2\/yith_product_brand?post=3879"}],"curies":[{"name":"wp","href":"https:\/\/api.w.org\/{rel}","templated":true}]}}