{"id":3889,"date":"2026-01-25T15:02:39","date_gmt":"2026-01-25T14:02:39","guid":{"rendered":"https:\/\/parapharmacieenligne.ma\/?post_type=product&#038;p=3889"},"modified":"2026-01-25T15:10:33","modified_gmt":"2026-01-25T14:10:33","slug":"dietaroma-philaromal-quotidien-60-gelules","status":"publish","type":"product","link":"https:\/\/parapharmacieenligne.ma\/en\/product\/dietaroma-philaromal-quotidien-60-gelules\/","title":{"rendered":"DIETAROMA Philaromal Quotidien 60 g\u00e9lules"},"content":{"rendered":"<div id=\"description\" class=\"tab-pane fade in active description\" role=\"tabpanel\">\n<div class=\"product-description\">\n<p>Notre flore intestinale est compos\u00e9e de milliards de bact\u00e9ries \u00ab amies \u00bb essentielles au bon fonctionnement de notre organisme. L\u2019entretenir r\u00e9guli\u00e8rement est le secret pour \u00eatre en forme. Pour cela, ayez le r\u00e9flexe Dietaroma avec le <strong>compl\u00e9ment alimentaire ferments lactiques Philaromal Equilibre<\/strong> !<\/p>\n<p>Notre formule compl\u00e8te a \u00e9t\u00e9 \u00e9labor\u00e9e pour votre bien-\u00eatre avec des ingr\u00e9dients s\u00e9lectionn\u00e9s :<\/p>\n<ul>\n<li><strong>16 souches <\/strong>s\u00e9lectionn\u00e9es pour leur compl\u00e9mentarit\u00e9.<\/li>\n<li><strong>5 milliards de ferments lactiques<\/strong> mis en \u0153uvre lors de la fabrication dont le Lactospore\u00ae (Bacillus coagulans) souche particuli\u00e8re dont l\u2019activit\u00e9 reste stable jusqu\u2019\u00e0 la date de p\u00e9remption du produit, gage d\u2019efficacit\u00e9.<\/li>\n<li><strong>Une g\u00e9lule acido-r\u00e9sistante<\/strong> qui prot\u00e8ge les ferments lactiques de l\u2019acidit\u00e9 gastrique.<\/li>\n<\/ul>\n<p>&nbsp;<\/p>\n<p>60 g\u00e9lules &#8211; 3 g\u00e9lules par jour pendant 20 Jours<\/p>\n<p>Poids net : 32.3 g<\/p>\n<\/div>\n<\/div>\n<div id=\"extra-0\" class=\"tab-pane fade in extra conseils-d-utilisation\" role=\"tabpanel\">\n<p><strong>MODE D\u2019EMPLOI : <\/strong><\/p>\n<ul>\n<li>3 g\u00e9lules par jour \u00e0 avaler avec un verre d\u2019eau.<\/li>\n<\/ul>\n<p>A conserver entre 15\u00b0C et 25\u00b0C, \u00e0 l&rsquo;abri de l&rsquo;humidit\u00e9 et de la lumi\u00e8re.<\/p>\n<p><strong>PR\u00c9CAUTIONS D\u2019EMPLOI :<\/strong><\/p>\n<ul>\n<li>Ne pas d\u00e9passer la dose journali\u00e8re recommand\u00e9e.<\/li>\n<li>Ne se substitue pas \u00e0 un r\u00e9gime alimentaire \u00e9quilibr\u00e9 et vari\u00e9 et \u00e0 un mode de vie sain.<\/li>\n<li>Tenir hors de port\u00e9e des enfants.<\/li>\n<li>Consultez votre m\u00e9decin en cas de prise simultan\u00e9e de traitement de longue dur\u00e9e ou de maladie chronique.<\/li>\n<li>L&#8217;emploi chez les femmes enceintes et allaitantes est d\u00e9conseill\u00e9.<\/li>\n<\/ul>\n<\/div>","protected":false},"excerpt":{"rendered":"<p>Compl\u00e9ment alimentaire confort et \u00e9quilibre quotidien.<strong> Probiotiques (5 Milliards* de ferments \/ 16 souches)<\/strong>.<\/p>","protected":false},"featured_media":3983,"comment_status":"open","ping_status":"closed","template":"","meta":[],"product_cat":[92],"product_tag":[],"yith_product_brand":[93],"class_list":{"0":"post-3889","1":"product","2":"type-product","3":"status-publish","4":"has-post-thumbnail","6":"product_cat-complements-alimentaires","7":"yith_product_brand-dietaroma","9":"first","10":"instock","11":"sale","12":"shipping-taxable","13":"purchasable","14":"product-type-simple"},"_links":{"self":[{"href":"https:\/\/parapharmacieenligne.ma\/en\/wp-json\/wp\/v2\/product\/3889","targetHints":{"allow":["GET"]}}],"collection":[{"href":"https:\/\/parapharmacieenligne.ma\/en\/wp-json\/wp\/v2\/product"}],"about":[{"href":"https:\/\/parapharmacieenligne.ma\/en\/wp-json\/wp\/v2\/types\/product"}],"replies":[{"embeddable":true,"href":"https:\/\/parapharmacieenligne.ma\/en\/wp-json\/wp\/v2\/comments?post=3889"}],"version-history":[{"count":1,"href":"https:\/\/parapharmacieenligne.ma\/en\/wp-json\/wp\/v2\/product\/3889\/revisions"}],"predecessor-version":[{"id":3984,"href":"https:\/\/parapharmacieenligne.ma\/en\/wp-json\/wp\/v2\/product\/3889\/revisions\/3984"}],"wp:featuredmedia":[{"embeddable":true,"href":"https:\/\/parapharmacieenligne.ma\/en\/wp-json\/wp\/v2\/media\/3983"}],"wp:attachment":[{"href":"https:\/\/parapharmacieenligne.ma\/en\/wp-json\/wp\/v2\/media?parent=3889"}],"wp:term":[{"taxonomy":"product_cat","embeddable":true,"href":"https:\/\/parapharmacieenligne.ma\/en\/wp-json\/wp\/v2\/product_cat?post=3889"},{"taxonomy":"product_tag","embeddable":true,"href":"https:\/\/parapharmacieenligne.ma\/en\/wp-json\/wp\/v2\/product_tag?post=3889"},{"taxonomy":"yith_product_brand","embeddable":true,"href":"https:\/\/parapharmacieenligne.ma\/en\/wp-json\/wp\/v2\/yith_product_brand?post=3889"}],"curies":[{"name":"wp","href":"https:\/\/api.w.org\/{rel}","templated":true}]}}