{"id":3890,"date":"2026-01-25T15:02:39","date_gmt":"2026-01-25T14:02:39","guid":{"rendered":"https:\/\/parapharmacieenligne.ma\/?post_type=product&#038;p=3890"},"modified":"2026-03-24T14:55:24","modified_gmt":"2026-03-24T13:55:24","slug":"dietaroma-philaromal-forte-14-sachets","status":"publish","type":"product","link":"https:\/\/parapharmacieenligne.ma\/en\/product\/dietaroma-philaromal-forte-14-sachets\/","title":{"rendered":"DIETAROMA Philaromal Forte 14 sachets"},"content":{"rendered":"<div id=\"description\" class=\"tab-pane fade in active description\" role=\"tabpanel\">\n<div class=\"product-description\">\n<p>Stress, antibiotiques, restauration rapide, voyages perturbent notre \u00e9cosyst\u00e8me. Ayez le r\u00e9flexe DIETAROMA avec le <strong>compl\u00e9ment alimentaire ferments lactiques Philaromal Fort\u00e9<\/strong> !<\/p>\n<ul>\n<li><strong>La<\/strong> <strong>M\u00e9lisse<\/strong> contribue \u00e0 la fonction gastro-intestinale.<\/li>\n<li><strong>20 milliards de ferments lactiques<\/strong> mis en \u0153uvre lors de la fabrication.<\/li>\n<li><strong>8 souches probiotiques s\u00e9lectionn\u00e9es<\/strong> et valid\u00e9es dont le Lactospore\u00ae (Bacillus coagulans) \u00e0 l\u2019<strong>activit\u00e9 garantie stable<\/strong> jusqu\u2019\u00e0 la date de p\u00e9remption du produit. En effet, il est plus r\u00e9sistant \u00e0 la temp\u00e9rature, l\u2019humidit\u00e9, l\u2019acidit\u00e9 et aux sels biliaires.<\/li>\n<li><strong>La gomme d&rsquo;acacia<\/strong> (fibres naturelles) provient d&rsquo;exsudat d&rsquo;arbres de la famille des acacias.<\/li>\n<\/ul>\n<p>14 sachets &#8211; 2 sachets par jour pendant 7 jours.<\/p>\n<p>Poids net : 56 g<\/p>\n<\/div>\n<\/div>\n<div id=\"extra-0\" class=\"tab-pane fade in extra conseils-d-utilisation\" role=\"tabpanel\">\n<p><strong>MODE D\u2019EMPLOI :<\/strong><\/p>\n<ul>\n<li>2 sachets par jour : un le matin, un le soir \u00e0 diluer dans un verre d\u2019eau temp\u00e9r\u00e9e.<\/li>\n<li>Laisser reposer le m\u00e9lange 2 \u00e0 3 minutes avant la prise.<\/li>\n<li>Astuce : vous pouvez \u00e9galement incorporer la poudre dans un yaourt !<\/li>\n<\/ul>\n<p>A tenir \u00e0 l&rsquo;abri de la chaleur, de la lumi\u00e8re et de l&rsquo;humidit\u00e9.<\/p>\n<p><strong>PR\u00c9CAUTIONS D\u2019EMPLOI :<\/strong><\/p>\n<ul>\n<li>Ne pas d\u00e9passer la dose journali\u00e8re recommand\u00e9e.<\/li>\n<li>Ne se substitue pas \u00e0 un r\u00e9gime alimentaire \u00e9quilibr\u00e9 et vari\u00e9 et \u00e0 un mode de vie sain.<\/li>\n<li>Consultez votre m\u00e9decin en cas de prise simultan\u00e9e de traitement de longue dur\u00e9e ou de maladie chronique.<\/li>\n<li>Tenir hors de port\u00e9e des enfants.<\/li>\n<li>Prendre l&rsquo;avis d&rsquo;un professionnel de sant\u00e9 pour les femmes enceintes et allaitantes.<\/li>\n<\/ul>\n<\/div>","protected":false},"excerpt":{"rendered":"<p>Probiotiques Forte.<\/p>\n<p>Compl\u00e9ment alimentaire.<strong> Probiotiques 20 Milliards de ferments lactiques.<\/strong><\/p>","protected":false},"featured_media":3986,"comment_status":"open","ping_status":"closed","template":"","meta":[],"product_cat":[92],"product_tag":[],"yith_product_brand":[93],"class_list":{"0":"post-3890","1":"product","2":"type-product","3":"status-publish","4":"has-post-thumbnail","6":"product_cat-complements-alimentaires","7":"yith_product_brand-dietaroma","9":"first","10":"instock","11":"sale","12":"shipping-taxable","13":"purchasable","14":"product-type-simple"},"_links":{"self":[{"href":"https:\/\/parapharmacieenligne.ma\/en\/wp-json\/wp\/v2\/product\/3890","targetHints":{"allow":["GET"]}}],"collection":[{"href":"https:\/\/parapharmacieenligne.ma\/en\/wp-json\/wp\/v2\/product"}],"about":[{"href":"https:\/\/parapharmacieenligne.ma\/en\/wp-json\/wp\/v2\/types\/product"}],"replies":[{"embeddable":true,"href":"https:\/\/parapharmacieenligne.ma\/en\/wp-json\/wp\/v2\/comments?post=3890"}],"version-history":[{"count":1,"href":"https:\/\/parapharmacieenligne.ma\/en\/wp-json\/wp\/v2\/product\/3890\/revisions"}],"predecessor-version":[{"id":3987,"href":"https:\/\/parapharmacieenligne.ma\/en\/wp-json\/wp\/v2\/product\/3890\/revisions\/3987"}],"wp:featuredmedia":[{"embeddable":true,"href":"https:\/\/parapharmacieenligne.ma\/en\/wp-json\/wp\/v2\/media\/3986"}],"wp:attachment":[{"href":"https:\/\/parapharmacieenligne.ma\/en\/wp-json\/wp\/v2\/media?parent=3890"}],"wp:term":[{"taxonomy":"product_cat","embeddable":true,"href":"https:\/\/parapharmacieenligne.ma\/en\/wp-json\/wp\/v2\/product_cat?post=3890"},{"taxonomy":"product_tag","embeddable":true,"href":"https:\/\/parapharmacieenligne.ma\/en\/wp-json\/wp\/v2\/product_tag?post=3890"},{"taxonomy":"yith_product_brand","embeddable":true,"href":"https:\/\/parapharmacieenligne.ma\/en\/wp-json\/wp\/v2\/yith_product_brand?post=3890"}],"curies":[{"name":"wp","href":"https:\/\/api.w.org\/{rel}","templated":true}]}}