{"id":3891,"date":"2026-01-25T15:02:39","date_gmt":"2026-01-25T14:02:39","guid":{"rendered":"https:\/\/parapharmacieenligne.ma\/?post_type=product&#038;p=3891"},"modified":"2026-01-25T15:06:56","modified_gmt":"2026-01-25T14:06:56","slug":"dietaroma-philaromal-flore-intime-20-gelules","status":"publish","type":"product","link":"https:\/\/parapharmacieenligne.ma\/en\/product\/dietaroma-philaromal-flore-intime-20-gelules\/","title":{"rendered":"DIETAROMA Philaromal Flore Intime 20 g\u00e9lules"},"content":{"rendered":"<div id=\"description\" class=\"tab-pane fade in active description\" role=\"tabpanel\">\n<div class=\"product-description\">\n<p>Notre Philaromal Flore Intime contient <strong>4 souches<\/strong> probiotiques s\u00e9lectionn\u00e9es et valid\u00e9es soit <strong>8,5 milliards de <\/strong><strong>ferments<\/strong> \u00e0 la mise en \u0153uvre* dont la souche d\u2019int\u00e9r\u00eat <strong>Lactobacillus<\/strong> <strong>crispatus<\/strong>.<\/p>\n<p>La vitamine B2 contribue au maintien de muqueuses normales dont les muqueuses intimes.<\/p>\n<p><em>*\u00e0 la fabrication<\/em><\/p>\n<p>20 g\u00e9lules &#8211; 1 \u00e0 2 g\u00e9lules par jours &#8211; 10 \u00e0 20 jours.<\/p>\n<p>Poids net : 8.6 g<\/p>\n<\/div>\n<\/div>\n<div id=\"extra-0\" class=\"tab-pane fade in extra conseils-d-utilisation\" role=\"tabpanel\">\n<p><strong>MODE D\u2019EMPLOI :<\/strong><\/p>\n<ul>\n<li>1 \u00e0 2 g\u00e9lules par jour \u00e0 avaler avec un verre d\u2019eau de pr\u00e9f\u00e9rence \u00e0 jeun ou \u00e0 ouvrir et \u00e0 incorporer dans un yaourt.<\/li>\n<\/ul>\n<p>A tenir \u00e0 l&rsquo;abri de la chaleur, de la lumi\u00e8re et de l&rsquo;humidit\u00e9.<\/p>\n<p><strong>PR\u00c9CAUTIONS D\u2019EMPLOI :<\/strong><\/p>\n<ul>\n<li>Ne pas d\u00e9passer la dose journali\u00e8re recommand\u00e9e.<\/li>\n<li>Ne se substitue pas \u00e0 un r\u00e9gime alimentaire \u00e9quilibr\u00e9 et vari\u00e9 et \u00e0 un mode de vie sain.<\/li>\n<li>Tenir hors de port\u00e9e des enfants.<\/li>\n<li>Consultez votre m\u00e9decin en cas de prise simultan\u00e9e de traitement de longue dur\u00e9e ou de maladie chronique.<\/li>\n<li>L&#8217;emploi chez les femmes enceintes et allaitantes sont invit\u00e9es \u00e0 prendre l&rsquo;attache d&rsquo;un professionnel de sant\u00e9 avant toute compl\u00e9mentation.<\/li>\n<\/ul>\n<\/div>","protected":false},"excerpt":{"rendered":"<p><strong>Probiotiques Flore Intime. <\/strong><\/p>\n<p>Compl\u00e9ment alimentaire pour les <strong>muqueuses intimes<\/strong> avec <strong>8.5 milliards de ferments de 4 souches probiotiques.<\/strong><\/p>","protected":false},"featured_media":3989,"comment_status":"open","ping_status":"closed","template":"","meta":[],"product_cat":[92],"product_tag":[],"yith_product_brand":[93],"class_list":{"0":"post-3891","1":"product","2":"type-product","3":"status-publish","4":"has-post-thumbnail","6":"product_cat-complements-alimentaires","7":"yith_product_brand-dietaroma","9":"first","10":"instock","11":"sale","12":"shipping-taxable","13":"purchasable","14":"product-type-simple"},"_links":{"self":[{"href":"https:\/\/parapharmacieenligne.ma\/en\/wp-json\/wp\/v2\/product\/3891","targetHints":{"allow":["GET"]}}],"collection":[{"href":"https:\/\/parapharmacieenligne.ma\/en\/wp-json\/wp\/v2\/product"}],"about":[{"href":"https:\/\/parapharmacieenligne.ma\/en\/wp-json\/wp\/v2\/types\/product"}],"replies":[{"embeddable":true,"href":"https:\/\/parapharmacieenligne.ma\/en\/wp-json\/wp\/v2\/comments?post=3891"}],"version-history":[{"count":1,"href":"https:\/\/parapharmacieenligne.ma\/en\/wp-json\/wp\/v2\/product\/3891\/revisions"}],"predecessor-version":[{"id":3990,"href":"https:\/\/parapharmacieenligne.ma\/en\/wp-json\/wp\/v2\/product\/3891\/revisions\/3990"}],"wp:featuredmedia":[{"embeddable":true,"href":"https:\/\/parapharmacieenligne.ma\/en\/wp-json\/wp\/v2\/media\/3989"}],"wp:attachment":[{"href":"https:\/\/parapharmacieenligne.ma\/en\/wp-json\/wp\/v2\/media?parent=3891"}],"wp:term":[{"taxonomy":"product_cat","embeddable":true,"href":"https:\/\/parapharmacieenligne.ma\/en\/wp-json\/wp\/v2\/product_cat?post=3891"},{"taxonomy":"product_tag","embeddable":true,"href":"https:\/\/parapharmacieenligne.ma\/en\/wp-json\/wp\/v2\/product_tag?post=3891"},{"taxonomy":"yith_product_brand","embeddable":true,"href":"https:\/\/parapharmacieenligne.ma\/en\/wp-json\/wp\/v2\/yith_product_brand?post=3891"}],"curies":[{"name":"wp","href":"https:\/\/api.w.org\/{rel}","templated":true}]}}