{"id":3901,"date":"2026-01-25T15:03:03","date_gmt":"2026-01-25T14:03:03","guid":{"rendered":"https:\/\/parapharmacieenligne.ma\/?post_type=product&#038;p=3901"},"modified":"2026-03-24T14:54:27","modified_gmt":"2026-03-24T13:54:27","slug":"dietaroma-nocta-melatonine","status":"publish","type":"product","link":"https:\/\/parapharmacieenligne.ma\/en\/product\/dietaroma-nocta-melatonine\/","title":{"rendered":"DIETAROMA Nocta + M\u00e9latonine"},"content":{"rendered":"<div id=\"description\" class=\"tab-pane fade in active description\" role=\"tabpanel\">\n<h4 class=\"tab-pane-title\">Description :<\/h4>\n<div class=\"product-description\">\n<p><strong>Difficult\u00e9 d&rsquo;endormissement, d\u00e9calage horaire, r\u00e9veils nocturnes, nuits perturb\u00e9es : l&rsquo;alliance de la m\u00e9latonine et 3 plantes pour une efficacit\u00e9 triple action renforc\u00e9e. <\/strong><\/p>\n<ul>\n<li>La <strong>m\u00e9latonine<\/strong> contribue \u00e0 <strong>r\u00e9duire le temps d\u2019endormissement.<\/strong><\/li>\n<li>La <strong>val\u00e9riane<\/strong> aide \u00e0 une <strong>bonne qualit\u00e9 du sommeil.<\/strong><\/li>\n<li><b>L&rsquo;eschscholzia<\/b> contribue \u00e0 la <strong>d\u00e9tente.<\/strong><\/li>\n<li>La<strong> griffonia<\/strong>, titr\u00e9e en 5-HTP, plante africaine utilis\u00e9e depuis des si\u00e8cles.<\/li>\n<\/ul>\n<p>40 comprim\u00e9s &#8211; 2 comprim\u00e9s par jour pendant 20 jours.<\/p>\n<p>Poids net : 20,5 g<\/p>\n<\/div>\n<\/div>\n<div id=\"extra-0\" class=\"tab-pane fade in extra conseils-d-utilisation\" role=\"tabpanel\">\n<div class=\"tab-pane-title\">\n<h4>Conseils d\u2019utilisation :<\/h4>\n<\/div>\n<p><strong>MODE D\u2019EMPLOI :<\/strong><\/p>\n<ul>\n<li>2 comprim\u00e9s par jour \u00e0 prendre avec un verre d\u2019eau avant le coucher.<\/li>\n<li>L\u2019effet b\u00e9n\u00e9fique est obtenu par la consommation de 1 mg de m\u00e9latonine avant le coucher.<\/li>\n<\/ul>\n<p>\u00c0 conserver \u00e0 une temp\u00e9rature comprise entre 15\u00b0C et 25\u00b0C, \u00e0 l&rsquo;abri de la lumi\u00e8re et de l&rsquo;humidit\u00e9.<\/p>\n<p>\u00c0 consommer de pr\u00e9f\u00e9rence avant et N\u00b0 de lot : voir sur la bo\u00eete.<\/p>\n<h4><strong>PR\u00c9CAUTIONS D\u2019EMPLOI :<\/strong><\/h4>\n<ul>\n<li>Ne pas d\u00e9passer la dose journali\u00e8re recommand\u00e9e.<\/li>\n<li>Ne se substitue pas \u00e0 un r\u00e9gime alimentaire \u00e9quilibr\u00e9, vari\u00e9 et diversifi\u00e9 et \u00e0 un mode de vie sain.<\/li>\n<li>Tenir hors de port\u00e9e des enfants.<\/li>\n<li>Consultez votre m\u00e9decin en cas de prise simultan\u00e9e de traitement de longue dur\u00e9e ou de maladie chronique.<\/li>\n<li>D\u00e9conseill\u00e9 chez les enfants et les adolescents.<\/li>\n<li>L&#8217;emploi chez les femmes enceintes et allaitantes ainsi que chez les personnes sous traitement antid\u00e9presseur est d\u00e9conseill\u00e9.<\/li>\n<li>Limiter \u00e0 un usage ponctuel.<\/li>\n<\/ul>\n<\/div>","protected":false},"excerpt":{"rendered":"<p><strong>Difficult\u00e9 d&rsquo;endormissement, d\u00e9calage horaire, r\u00e9veils nocturnes, nuits perturb\u00e9es : l&rsquo;alliance de la m\u00e9latonine et 3 plantes pour une efficacit\u00e9 triple action renforc\u00e9e. <\/strong><\/p>\n<ul>\n<li>La <strong>m\u00e9latonine<\/strong> contribue \u00e0 <strong>r\u00e9duire le temps d\u2019endormissement.<\/strong><\/li>\n<li>La <strong>val\u00e9riane<\/strong> aide \u00e0 une <strong>bonne qualit\u00e9 du sommeil.<\/strong><\/li>\n<li><b>L&rsquo;eschscholzia<\/b> contribue \u00e0 la <strong>d\u00e9tente.<\/strong><\/li>\n<li>La<strong> griffonia<\/strong>, titr\u00e9e en 5-HTP, plante africaine utilis\u00e9e depuis des si\u00e8cles.<\/li>\n<\/ul>","protected":false},"featured_media":3992,"comment_status":"open","ping_status":"closed","template":"","meta":[],"product_cat":[92],"product_tag":[],"yith_product_brand":[93],"class_list":{"0":"post-3901","1":"product","2":"type-product","3":"status-publish","4":"has-post-thumbnail","6":"product_cat-complements-alimentaires","7":"yith_product_brand-dietaroma","9":"first","10":"instock","11":"sale","12":"shipping-taxable","13":"purchasable","14":"product-type-simple"},"_links":{"self":[{"href":"https:\/\/parapharmacieenligne.ma\/en\/wp-json\/wp\/v2\/product\/3901","targetHints":{"allow":["GET"]}}],"collection":[{"href":"https:\/\/parapharmacieenligne.ma\/en\/wp-json\/wp\/v2\/product"}],"about":[{"href":"https:\/\/parapharmacieenligne.ma\/en\/wp-json\/wp\/v2\/types\/product"}],"replies":[{"embeddable":true,"href":"https:\/\/parapharmacieenligne.ma\/en\/wp-json\/wp\/v2\/comments?post=3901"}],"version-history":[{"count":1,"href":"https:\/\/parapharmacieenligne.ma\/en\/wp-json\/wp\/v2\/product\/3901\/revisions"}],"predecessor-version":[{"id":3993,"href":"https:\/\/parapharmacieenligne.ma\/en\/wp-json\/wp\/v2\/product\/3901\/revisions\/3993"}],"wp:featuredmedia":[{"embeddable":true,"href":"https:\/\/parapharmacieenligne.ma\/en\/wp-json\/wp\/v2\/media\/3992"}],"wp:attachment":[{"href":"https:\/\/parapharmacieenligne.ma\/en\/wp-json\/wp\/v2\/media?parent=3901"}],"wp:term":[{"taxonomy":"product_cat","embeddable":true,"href":"https:\/\/parapharmacieenligne.ma\/en\/wp-json\/wp\/v2\/product_cat?post=3901"},{"taxonomy":"product_tag","embeddable":true,"href":"https:\/\/parapharmacieenligne.ma\/en\/wp-json\/wp\/v2\/product_tag?post=3901"},{"taxonomy":"yith_product_brand","embeddable":true,"href":"https:\/\/parapharmacieenligne.ma\/en\/wp-json\/wp\/v2\/yith_product_brand?post=3901"}],"curies":[{"name":"wp","href":"https:\/\/api.w.org\/{rel}","templated":true}]}}