{"id":3902,"date":"2026-01-25T15:03:03","date_gmt":"2026-01-25T14:03:03","guid":{"rendered":"https:\/\/parapharmacieenligne.ma\/?post_type=product&#038;p=3902"},"modified":"2026-03-24T14:54:10","modified_gmt":"2026-03-24T13:54:10","slug":"dietaroma-action-transit-express","status":"publish","type":"product","link":"https:\/\/parapharmacieenligne.ma\/en\/product\/dietaroma-action-transit-express\/","title":{"rendered":"DIETAROMA ACTION TRANSIT EXPRESS"},"content":{"rendered":"<h6 style=\"font-weight: 800;\">Description<\/h6>\n<p>Vous rencontrez des probl\u00e8mes de paresse intestinale occasionnelle ? Privil\u00e9giez la solution naturelle Action Transit Express.<\/p>\n<p>Alliant des plantes et autres ingr\u00e9dients soigneusement choisis, notre formule est compl\u00e8te :<\/p>\n<ul>\n<li>Le<b><strong>tamarin<\/strong><\/b>est reconnu pour favoriser le transit.<\/li>\n<li>La<b><strong>fibre d\u2019acacia, le pruneau et le magn\u00e9sium marin<\/strong><\/b>compl\u00e8tent cette formule.<\/li>\n<\/ul>\n<p>10 sachets &#8211; 1 \u00e0 2 sachets par jour : 5 \u00e0 10 jours.<\/p>\n<p>Poids net : 34,30 g<\/p>\n<h6 style=\"font-weight: 800;\"><b><strong>EFFICACIT\u00c9 PROUV\u00c9E SCIENTIFIQUEMENT<\/strong><\/b><\/h6>\n<p>Dans le cadre de notre d\u00e9marche scientifique, nous avons \u00e9tudi\u00e9 l&rsquo;efficacit\u00e9 de ce produit en condition r\u00e9elle, sur 107 consommateurs.<\/p>\n<ul>\n<li><b><strong>90%<\/strong><\/b> des consommateurs trouvent le produit efficace<\/li>\n<li><b><strong>Apr\u00e8s un jour, 71%<\/strong><\/b> des consommateurs ne ressentent plus de g\u00eanes de transit<\/li>\n<li><b><strong>Taux de satisfaction global de 86%<\/strong><\/b><\/li>\n<li><a href=\"https:\/\/www.dietaroma.fr\/cms\/27\/action-transit-etude-conso\" target=\"_blank\" rel=\"noopener\">En savoir plus sur notre m\u00e9thode et nos r\u00e9sultats<\/a><\/li>\n<\/ul>","protected":false},"excerpt":{"rendered":"<p style=\"font-weight: 500;\">Vous rencontrez des probl\u00e8mes de paresse intestinale occasionnelle ? Privil\u00e9giez la solution naturelle Action Transit Express.<\/p>\n<p style=\"font-weight: 500;\">Alliant des plantes et autres ingr\u00e9dients soigneusement choisis, notre formule est compl\u00e8te :<\/p>\n<ul>\n<li style=\"font-weight: 500;\">Le<b><strong>tamarin<\/strong><\/b>est reconnu pour favoriser le transit.<\/li>\n<li style=\"font-weight: 500;\">La<b><strong>fibre d\u2019acacia, le pruneau et le magn\u00e9sium marin<\/strong><\/b>compl\u00e8tent cette formule.<\/li>\n<\/ul>\n<p style=\"font-weight: 500;\">10 sachets &#8211; 1 \u00e0 2 sachets par jour : 5 \u00e0 10 jours.<\/p>\n<p style=\"font-weight: 500;\">Poids net : 34,30 g<\/p>\n<h4 style=\"font-weight: 800;\"><b><strong>EFFICACIT\u00c9 PROUV\u00c9E SCIENTIFIQUEMENT<\/strong><\/b><\/h4>\n<p style=\"font-weight: 500;\">Dans le cadre de notre d\u00e9marche scientifique, nous avons \u00e9tudi\u00e9 l&rsquo;efficacit\u00e9 de ce produit en condition r\u00e9elle, sur 107 consommateurs.<\/p>\n<ul style=\"font-weight: 500;\">\n<li><b><strong>90%<\/strong><\/b> des consommateurs trouvent le produit efficace<\/li>\n<li><b><strong>Apr\u00e8s un jour, 71%<\/strong><\/b> des consommateurs ne ressentent plus de g\u00eanes de transit<\/li>\n<li><b><strong>Taux de satisfaction global de 86%<\/strong><\/b><\/li>\n<li><a href=\"https:\/\/www.dietaroma.fr\/cms\/27\/action-transit-etude-conso\">En savoir plus sur notre m\u00e9thode et nos r\u00e9sultats<\/a><\/li>\n<\/ul>","protected":false},"featured_media":3995,"comment_status":"open","ping_status":"closed","template":"","meta":[],"product_cat":[92],"product_tag":[],"yith_product_brand":[93],"class_list":{"0":"post-3902","1":"product","2":"type-product","3":"status-publish","4":"has-post-thumbnail","6":"product_cat-complements-alimentaires","7":"yith_product_brand-dietaroma","9":"first","10":"instock","11":"sale","12":"shipping-taxable","13":"purchasable","14":"product-type-simple"},"_links":{"self":[{"href":"https:\/\/parapharmacieenligne.ma\/en\/wp-json\/wp\/v2\/product\/3902","targetHints":{"allow":["GET"]}}],"collection":[{"href":"https:\/\/parapharmacieenligne.ma\/en\/wp-json\/wp\/v2\/product"}],"about":[{"href":"https:\/\/parapharmacieenligne.ma\/en\/wp-json\/wp\/v2\/types\/product"}],"replies":[{"embeddable":true,"href":"https:\/\/parapharmacieenligne.ma\/en\/wp-json\/wp\/v2\/comments?post=3902"}],"version-history":[{"count":1,"href":"https:\/\/parapharmacieenligne.ma\/en\/wp-json\/wp\/v2\/product\/3902\/revisions"}],"predecessor-version":[{"id":3996,"href":"https:\/\/parapharmacieenligne.ma\/en\/wp-json\/wp\/v2\/product\/3902\/revisions\/3996"}],"wp:featuredmedia":[{"embeddable":true,"href":"https:\/\/parapharmacieenligne.ma\/en\/wp-json\/wp\/v2\/media\/3995"}],"wp:attachment":[{"href":"https:\/\/parapharmacieenligne.ma\/en\/wp-json\/wp\/v2\/media?parent=3902"}],"wp:term":[{"taxonomy":"product_cat","embeddable":true,"href":"https:\/\/parapharmacieenligne.ma\/en\/wp-json\/wp\/v2\/product_cat?post=3902"},{"taxonomy":"product_tag","embeddable":true,"href":"https:\/\/parapharmacieenligne.ma\/en\/wp-json\/wp\/v2\/product_tag?post=3902"},{"taxonomy":"yith_product_brand","embeddable":true,"href":"https:\/\/parapharmacieenligne.ma\/en\/wp-json\/wp\/v2\/yith_product_brand?post=3902"}],"curies":[{"name":"wp","href":"https:\/\/api.w.org\/{rel}","templated":true}]}}