{"id":3903,"date":"2026-01-25T15:03:03","date_gmt":"2026-01-25T14:03:03","guid":{"rendered":"https:\/\/parapharmacieenligne.ma\/?post_type=product&#038;p=3903"},"modified":"2026-03-24T14:53:43","modified_gmt":"2026-03-24T13:53:43","slug":"dietaroma-propolis-a-croquer-bio-20-comprimes","status":"publish","type":"product","link":"https:\/\/parapharmacieenligne.ma\/en\/product\/dietaroma-propolis-a-croquer-bio-20-comprimes\/","title":{"rendered":"DIETAROMA Propolis \u00e0 croquer Bio 20 comprim\u00e9s"},"content":{"rendered":"<div id=\"description\" class=\"tab-pane fade in active description\" role=\"tabpanel\">\n<div class=\"product-description\">\n<p>La propolis est fabriqu\u00e9e par les abeilles \u00e0 partir de substances r\u00e9colt\u00e9es sur certains bourgeons :<\/p>\n<ul>\n<li>Elle a pour fonction de <strong>prot\u00e9ger<\/strong> la ruche comme un bouclier naturel.<\/li>\n<li>Elle contient naturellement des <strong>polyph\u00e9nols <\/strong>et <strong>flavono\u00efdes<\/strong>.<\/li>\n<\/ul>\n<p>Nous avons s\u00e9lectionn\u00e9 une propolis de <strong>qualit\u00e9 premium Europ\u00e9enne. <\/strong>Elle est pr\u00e9f\u00e9rentiellement italienne et en partie de la r\u00e9gion du Pi\u00e9mont.<\/p>\n<p>Gr\u00e2ce \u00e0 une m\u00e9thode d\u2019extraction appel\u00e9e M.E.D.\u00ae nous disposons d\u2019un extrait de <strong>propolis titr\u00e9 \u00e0 3% de polyph\u00e9nols<\/strong>.<\/p>\n<p>Cette m\u00e9thode brevet\u00e9e nous permet d&rsquo;avoir une <strong>propolis purifi\u00e9e et standardis\u00e9e <\/strong>afin de toujours vous garantir la m\u00eame quantit\u00e9 d\u2019actifs (polyph\u00e9nols) d&rsquo;un lot<\/p>\n<p>sur l&rsquo;autre.<\/p>\n<p>Un comprim\u00e9 contient 20.8% de propolis.<\/p>\n<p>2 tubes de 10 comprim\u00e9s<\/p>\n<p>20 jours &#8211; 1 comprim\u00e9 \/ jour<\/p>\n<p>Poids net : 48 g<\/p>\n<\/div>\n<\/div>\n<div id=\"extra-0\" class=\"tab-pane fade in extra conseils-d-utilisation\" role=\"tabpanel\">\n<div class=\"tab-pane-title\">\n<p><strong>Conseils d\u2019utilisation<\/strong><\/p>\n<\/div>\n<p><strong>MODE D\u2019EMPLOI :<\/strong><\/p>\n<ul>\n<li>Croquer 1 comprim\u00e9 par jour pendant 20 jours.<\/li>\n<\/ul>\n<p><strong>PR\u00c9CAUTIONS D\u2019EMPLOI :<\/strong><\/p>\n<ul>\n<li>Ne pas d\u00e9passer la dose journali\u00e8re recommand\u00e9e.<\/li>\n<li>Ne se substitue pas \u00e0 un r\u00e9gime alimentaire \u00e9quilibr\u00e9 et vari\u00e9 et \u00e0 un mode de vie sain.<\/li>\n<li>Tenir hors de port\u00e9e des enfants.<\/li>\n<li>Il est conseill\u00e9 aux personnes allergiques aux pollens mais \u00e9galement aux personnes pr\u00e9dispos\u00e9es aux allergies ou \u00e0 l\u2019asthme d&rsquo;\u00e9viter de consommer des compl\u00e9ments alimentaires avec de la propolis.<\/li>\n<li>Demander conseil aupr\u00e8s d&rsquo;un professionnel de sant\u00e9 pour les femmes enceintes et allaitantes.<\/li>\n<\/ul>\n<p>\u00c0 conserver entre 15\u00b0C et 25\u00b0C, \u00e0 l&rsquo;abri de l&rsquo;humidit\u00e9 et de la lumi\u00e8re.<\/p>\n<\/div>","protected":false},"excerpt":{"rendered":"<p><strong>Propolis comprim\u00e9 \u00e0 croquer &#8211; <\/strong>Go\u00fbt Citron.<\/p>\n<p>La propolis contient naturellement des <strong>polyph\u00e9nols <\/strong>et <strong>flavono\u00efdes<\/strong>.<\/p>","protected":false},"featured_media":3998,"comment_status":"open","ping_status":"closed","template":"","meta":[],"product_cat":[92],"product_tag":[],"yith_product_brand":[93],"class_list":{"0":"post-3903","1":"product","2":"type-product","3":"status-publish","4":"has-post-thumbnail","6":"product_cat-complements-alimentaires","7":"yith_product_brand-dietaroma","9":"first","10":"instock","11":"sale","12":"shipping-taxable","13":"purchasable","14":"product-type-simple"},"_links":{"self":[{"href":"https:\/\/parapharmacieenligne.ma\/en\/wp-json\/wp\/v2\/product\/3903","targetHints":{"allow":["GET"]}}],"collection":[{"href":"https:\/\/parapharmacieenligne.ma\/en\/wp-json\/wp\/v2\/product"}],"about":[{"href":"https:\/\/parapharmacieenligne.ma\/en\/wp-json\/wp\/v2\/types\/product"}],"replies":[{"embeddable":true,"href":"https:\/\/parapharmacieenligne.ma\/en\/wp-json\/wp\/v2\/comments?post=3903"}],"version-history":[{"count":1,"href":"https:\/\/parapharmacieenligne.ma\/en\/wp-json\/wp\/v2\/product\/3903\/revisions"}],"predecessor-version":[{"id":3999,"href":"https:\/\/parapharmacieenligne.ma\/en\/wp-json\/wp\/v2\/product\/3903\/revisions\/3999"}],"wp:featuredmedia":[{"embeddable":true,"href":"https:\/\/parapharmacieenligne.ma\/en\/wp-json\/wp\/v2\/media\/3998"}],"wp:attachment":[{"href":"https:\/\/parapharmacieenligne.ma\/en\/wp-json\/wp\/v2\/media?parent=3903"}],"wp:term":[{"taxonomy":"product_cat","embeddable":true,"href":"https:\/\/parapharmacieenligne.ma\/en\/wp-json\/wp\/v2\/product_cat?post=3903"},{"taxonomy":"product_tag","embeddable":true,"href":"https:\/\/parapharmacieenligne.ma\/en\/wp-json\/wp\/v2\/product_tag?post=3903"},{"taxonomy":"yith_product_brand","embeddable":true,"href":"https:\/\/parapharmacieenligne.ma\/en\/wp-json\/wp\/v2\/yith_product_brand?post=3903"}],"curies":[{"name":"wp","href":"https:\/\/api.w.org\/{rel}","templated":true}]}}