{"id":3910,"date":"2026-01-25T15:03:37","date_gmt":"2026-01-25T14:03:37","guid":{"rendered":"https:\/\/parapharmacieenligne.ma\/?post_type=product&#038;p=3910"},"modified":"2026-01-25T15:07:34","modified_gmt":"2026-01-25T14:07:34","slug":"dietaroma-phytallerg-40-gelules","status":"publish","type":"product","link":"https:\/\/parapharmacieenligne.ma\/en\/product\/dietaroma-phytallerg-40-gelules\/","title":{"rendered":"DIETAROMA Phyt&rsquo;allerg 40 g\u00e9lules"},"content":{"rendered":"<div id=\"description\" class=\"tab-pane fade in active description\" role=\"tabpanel\">\n<div class=\"product-description\">\n<p>Certaines plantes sont id\u00e9ales \u00e0 l&rsquo;approche du <strong>printemps<\/strong> pour <strong>contribuer au confort respiratoir<\/strong>e notamment en cas de <strong>r\u00e9actions saisonni\u00e8res<\/strong>.<\/p>\n<ul>\n<li>Le <strong>curcuma<\/strong>, titr\u00e9 \u00e0 95% de curcumino\u00efdes, aide \u00e0 maintenir la sant\u00e9 des voies respiratoires sup\u00e9rieures et le bon fonctionnement du syst\u00e8me immunitaire.<\/li>\n<li>Le<strong> plantain<\/strong> aide \u00e0 apaiser les voies respiratoires.<\/li>\n<li>Le <strong>Plerasan<\/strong>\u00ae, actif brevet\u00e9 document\u00e9, la <strong>querc\u00e9tine<\/strong> et le <strong>bourgeon de cassis<\/strong> compl\u00e8tent cette formule.<\/li>\n<\/ul>\n<p>&nbsp;<\/p>\n<p>40 g\u00e9lules : 2 g\u00e9lules par jour pendant 1 mois.<\/p>\n<p>Poids nets : 20,8 g.<\/p>\n<\/div>\n<\/div>\n<div id=\"extra-0\" class=\"tab-pane fade in extra conseils-d-utilisation\" role=\"tabpanel\">\n<div class=\"tab-pane-title\">\n<p><strong>Conseils d\u2019utilisation<\/strong><\/p>\n<\/div>\n<p><strong>MODE D\u2019EMPLOI :<\/strong><\/p>\n<ul>\n<li>2 g\u00e9lules par jour pendant 1 mois, \u00e0 prendre avec un grand verre d&rsquo;eau.<\/li>\n<\/ul>\n<p>\u00c0 tenir \u00e0 l&rsquo;abri de la chaleur, de la lumi\u00e8re et de l&rsquo;humidit\u00e9.<\/p>\n<p>\u00c0 consommer de pr\u00e9f\u00e9rence avant et N\u00b0 de lot : voir sur le dessus de la bo\u00eete.<\/p>\n<p><strong>PR\u00c9CAUTIONS D\u2019EMPLOI :<\/strong><\/p>\n<ul>\n<li>Ne pas d\u00e9passer la dose journali\u00e8re recommand\u00e9e.<\/li>\n<li>Ne se substitue pas \u00e0 un r\u00e9gime alimentaire \u00e9quilibr\u00e9 et vari\u00e9 et \u00e0 un mode de vie sain.<\/li>\n<li>Tenir hors de port\u00e9e des enfants.<\/li>\n<li>D\u00e9conseill\u00e9 chez la femme enceinte et allaitante.<\/li>\n<li>Consultez votre m\u00e9decin en cas de prise simultan\u00e9e de traitement de longue dur\u00e9e ou de maladie chronique.<\/li>\n<li>D\u00e9conseill\u00e9 chez les personnes sous anticoagulants.<\/li>\n<li>D\u00e9conseill\u00e9 en cas d&rsquo;obstruction biliaire ou d&rsquo;autres troubles de la fonction biliaire.<\/li>\n<li>R\u00e9serv\u00e9 \u00e0 l&rsquo;adulte.<\/li>\n<\/ul>\n<\/div>\n<div id=\"extra-1\" class=\"tab-pane fade in extra composition\" role=\"tabpanel\"><\/div>","protected":false},"excerpt":{"rendered":"<p>Certaines plantes sont id\u00e9ales \u00e0 l&rsquo;approche du <strong>printemps<\/strong> pour <strong>contribuer au confort respiratoir<\/strong>e notamment en cas de <strong>r\u00e9actions saisonni\u00e8res.<\/strong><\/p>","protected":false},"featured_media":4001,"comment_status":"open","ping_status":"closed","template":"","meta":[],"product_cat":[92],"product_tag":[],"yith_product_brand":[93],"class_list":{"0":"post-3910","1":"product","2":"type-product","3":"status-publish","4":"has-post-thumbnail","6":"product_cat-complements-alimentaires","7":"yith_product_brand-dietaroma","9":"first","10":"instock","11":"sale","12":"shipping-taxable","13":"purchasable","14":"product-type-simple"},"_links":{"self":[{"href":"https:\/\/parapharmacieenligne.ma\/en\/wp-json\/wp\/v2\/product\/3910","targetHints":{"allow":["GET"]}}],"collection":[{"href":"https:\/\/parapharmacieenligne.ma\/en\/wp-json\/wp\/v2\/product"}],"about":[{"href":"https:\/\/parapharmacieenligne.ma\/en\/wp-json\/wp\/v2\/types\/product"}],"replies":[{"embeddable":true,"href":"https:\/\/parapharmacieenligne.ma\/en\/wp-json\/wp\/v2\/comments?post=3910"}],"version-history":[{"count":1,"href":"https:\/\/parapharmacieenligne.ma\/en\/wp-json\/wp\/v2\/product\/3910\/revisions"}],"predecessor-version":[{"id":4002,"href":"https:\/\/parapharmacieenligne.ma\/en\/wp-json\/wp\/v2\/product\/3910\/revisions\/4002"}],"wp:featuredmedia":[{"embeddable":true,"href":"https:\/\/parapharmacieenligne.ma\/en\/wp-json\/wp\/v2\/media\/4001"}],"wp:attachment":[{"href":"https:\/\/parapharmacieenligne.ma\/en\/wp-json\/wp\/v2\/media?parent=3910"}],"wp:term":[{"taxonomy":"product_cat","embeddable":true,"href":"https:\/\/parapharmacieenligne.ma\/en\/wp-json\/wp\/v2\/product_cat?post=3910"},{"taxonomy":"product_tag","embeddable":true,"href":"https:\/\/parapharmacieenligne.ma\/en\/wp-json\/wp\/v2\/product_tag?post=3910"},{"taxonomy":"yith_product_brand","embeddable":true,"href":"https:\/\/parapharmacieenligne.ma\/en\/wp-json\/wp\/v2\/yith_product_brand?post=3910"}],"curies":[{"name":"wp","href":"https:\/\/api.w.org\/{rel}","templated":true}]}}