{"id":3911,"date":"2026-01-25T15:03:38","date_gmt":"2026-01-25T14:03:38","guid":{"rendered":"https:\/\/parapharmacieenligne.ma\/?post_type=product&#038;p=3911"},"modified":"2026-03-24T14:51:37","modified_gmt":"2026-03-24T13:51:37","slug":"dietaroma-c-i-p-articulations-20-ampoules","status":"publish","type":"product","link":"https:\/\/parapharmacieenligne.ma\/en\/product\/dietaroma-c-i-p-articulations-20-ampoules\/","title":{"rendered":"DIETAROMA C.I.P. ARTICULATIONS 20 ampoules"},"content":{"rendered":"<p><strong>Sport, activit\u00e9 physique, changements de saison sollicitent la souplesse des articulations. <\/strong><\/p>\n<ul>\n<li><strong>La reine des pr\u00e9s<\/strong> contribue \u00e0 la <strong>mobilit\u00e9<\/strong> et \u00e0 la <strong>souplesse des articulations<\/strong>.<\/li>\n<li><strong>L&rsquo;harpagophytum<\/strong>, aide \u00e0 maintenir les <strong>articulations<\/strong> et les<strong> tendons flexibles<\/strong>, et aide \u00e0 maintenir une <strong>bonne mobilit\u00e9<\/strong>.<\/li>\n<li><strong>L&rsquo;ortie<\/strong> aide \u00e0 maintenir la <strong>souplesse des articulations<\/strong>, des <strong>muscles<\/strong> et des <strong>tendons<\/strong>.<\/li>\n<\/ul>\n<p>20 ampoules de 10 ml &#8211; Volume net : 200 ml<\/p>\n<p>1 ampoule par jour pendant 20 jours.<\/p>\n<p><strong>La haute concentration Di\u00e9taroma<\/strong><\/p>\n<p>Les <strong>Concentr\u00e9 Int\u00e9gral de Plantes<\/strong> Di\u00e9taroma sont hautement concentr\u00e9s en actifs, gr\u00e2ce \u00e0 une technologie innovante et 100% naturelle qui garantit le bienfait des plantes. \u00c0 l&rsquo;image d&rsquo;un expresso, ce proc\u00e9d\u00e9 unique extrait le <strong>totum de la plante<\/strong>, c&rsquo;est \u00e0 dire la quasi totalit\u00e9 de ses actifs, en des <strong>quantit\u00e9s plus importantes<\/strong> que les techniques classiques couramment utilis\u00e9es (infusion et d\u00e9coction, mac\u00e9ration\u2026).<\/p>\n<p>Cette technologie innovante, l&rsquo;extraction \u00e0 l&rsquo;eau sub-critique, permet de <strong>recueillir le meilleur de la mati\u00e8re v\u00e9g\u00e9tale sans utiliser de solvant. <\/strong>L&rsquo;eau en \u00e9tat sub-critique maintient sa temp\u00e9rature \u00e9lev\u00e9e et reste \u00e0 l&rsquo;\u00e9tat liquide gr\u00e2ce \u00e0 une pression sup\u00e9rieure, ce qui conf\u00e8re des propri\u00e9t\u00e9s id\u00e9ales pour les processus d&rsquo;extraction.<\/p>\n<p><strong>MODE D\u2019EMPLOI :<\/strong><\/p>\n<ul>\n<li>1 ampoule par jour \u00e0 diluer dans un verre d&rsquo;eau, de pr\u00e9f\u00e9rence le soir.<\/li>\n<li>Bien agiter l&rsquo;ampoule avant son ouverture.<\/li>\n<li>Compte tenu du c\u00f4t\u00e9 enti\u00e8rement naturel du produit et de sa concentration tr\u00e8s importante en plantes, un d\u00e9p\u00f4t est possible. Il ne nuit en rien \u00e0 la qualit\u00e9 du produit.<\/li>\n<\/ul>\n<p><strong>PR\u00c9CAUTIONS D\u2019EMPLOI :<\/strong><\/p>\n<ul>\n<li>Ne pas d\u00e9passer la dose journali\u00e8re recommand\u00e9e.<\/li>\n<li>Ne se substitue pas \u00e0 un r\u00e9gime alimentaire \u00e9quilibr\u00e9 et vari\u00e9 et \u00e0 un mode de vie sain.<\/li>\n<li>Tenir hors de port\u00e9e des enfants.<\/li>\n<li>Consultez votre m\u00e9decin ou votre pharmacien en cas d&rsquo;usage concomitant d&rsquo;anticoagulants.<\/li>\n<li>Ne pas utiliser chez les enfants et adolescents de moins de 18 ans.<\/li>\n<li>R\u00e9serv\u00e9 \u00e0 l&rsquo;adulte.<\/li>\n<li>D\u00e9conseill\u00e9 en cas d&rsquo;hypersensibilit\u00e9 aux salicyl\u00e9s (aspirine).<\/li>\n<li>D\u00e9conseill\u00e9 en cas cas d&rsquo;ulc\u00e8re gastro-duod\u00e9nal ou de troubles biliaires (calculs biliaires).<\/li>\n<li>D\u00e9conseill\u00e9 en cas d&rsquo;insuffisance cardiaque ou r\u00e9nale \u0153d\u00e9mateuses.<\/li>\n<li>A n&rsquo;utiliser qu&rsquo;apr\u00e8s avis m\u00e9dical en cas de calculs biliaires.<\/li>\n<li>Consultez votre m\u00e9decin en cas de prise simultan\u00e9e de traitement m\u00e9dicamenteux ou de maladie chronique.<\/li>\n<li>D\u00e9conseill\u00e9 pour les femmes enceintes et allaitantes.<\/li>\n<\/ul>\n<p>\u00c0 conserver de pr\u00e9f\u00e9rence \u00e0 une temp\u00e9rature comprise entre 15\u00b0C et 25\u00b0C \u00e0 l&rsquo;abri de la lumi\u00e8re.<\/p>\n<p>&nbsp;<\/p>\n<p>\u00c0 consommer de pr\u00e9f\u00e9rence avant et N\u00b0 de lot : Voir sur la bo\u00eete.<\/p>","protected":false},"excerpt":{"rendered":"<p><strong>Sport, activit\u00e9 physique, <\/strong>changements de saison sollicitent la <strong>souplesse<\/strong> des <strong>articulations<\/strong>.<\/p>","protected":false},"featured_media":4004,"comment_status":"open","ping_status":"closed","template":"","meta":[],"product_cat":[92],"product_tag":[],"yith_product_brand":[93],"class_list":{"0":"post-3911","1":"product","2":"type-product","3":"status-publish","4":"has-post-thumbnail","6":"product_cat-complements-alimentaires","7":"yith_product_brand-dietaroma","9":"first","10":"instock","11":"sale","12":"shipping-taxable","13":"purchasable","14":"product-type-simple"},"_links":{"self":[{"href":"https:\/\/parapharmacieenligne.ma\/en\/wp-json\/wp\/v2\/product\/3911","targetHints":{"allow":["GET"]}}],"collection":[{"href":"https:\/\/parapharmacieenligne.ma\/en\/wp-json\/wp\/v2\/product"}],"about":[{"href":"https:\/\/parapharmacieenligne.ma\/en\/wp-json\/wp\/v2\/types\/product"}],"replies":[{"embeddable":true,"href":"https:\/\/parapharmacieenligne.ma\/en\/wp-json\/wp\/v2\/comments?post=3911"}],"version-history":[{"count":1,"href":"https:\/\/parapharmacieenligne.ma\/en\/wp-json\/wp\/v2\/product\/3911\/revisions"}],"predecessor-version":[{"id":4005,"href":"https:\/\/parapharmacieenligne.ma\/en\/wp-json\/wp\/v2\/product\/3911\/revisions\/4005"}],"wp:featuredmedia":[{"embeddable":true,"href":"https:\/\/parapharmacieenligne.ma\/en\/wp-json\/wp\/v2\/media\/4004"}],"wp:attachment":[{"href":"https:\/\/parapharmacieenligne.ma\/en\/wp-json\/wp\/v2\/media?parent=3911"}],"wp:term":[{"taxonomy":"product_cat","embeddable":true,"href":"https:\/\/parapharmacieenligne.ma\/en\/wp-json\/wp\/v2\/product_cat?post=3911"},{"taxonomy":"product_tag","embeddable":true,"href":"https:\/\/parapharmacieenligne.ma\/en\/wp-json\/wp\/v2\/product_tag?post=3911"},{"taxonomy":"yith_product_brand","embeddable":true,"href":"https:\/\/parapharmacieenligne.ma\/en\/wp-json\/wp\/v2\/yith_product_brand?post=3911"}],"curies":[{"name":"wp","href":"https:\/\/api.w.org\/{rel}","templated":true}]}}