{"id":3924,"date":"2026-01-25T15:04:12","date_gmt":"2026-01-25T14:04:12","guid":{"rendered":"https:\/\/parapharmacieenligne.ma\/?post_type=product&#038;p=3924"},"modified":"2026-01-25T15:10:04","modified_gmt":"2026-01-25T14:10:04","slug":"dietaroma-articulior-gluco-chondro-forte-60-comprimes","status":"publish","type":"product","link":"https:\/\/parapharmacieenligne.ma\/en\/product\/dietaroma-articulior-gluco-chondro-forte-60-comprimes\/","title":{"rendered":"DIETAROMA ARTICULIOR GLUCO CHONDRO FORTE 60 comprim\u00e9s"},"content":{"rendered":"<div id=\"description\" class=\"tab-pane fade in active description\" role=\"tabpanel\">\n<div class=\"product-description\">\n<p>Manque de souplesse et de mobilit\u00e9 articulaire? Manque de souplesse et de mobilit\u00e9 articulaire : Articulior Gluco Chondro Fort\u00e9 vous aide \u00e0 optimiser la sant\u00e9 de vos articulations. Hautement dos\u00e9e en glucosamine, chondro\u00eftine et MSM, notre formule est compl\u00e9t\u00e9e par de l\u2019harpagophytum, de la boswellia et de l\u2019acide hyaluronique pour une action synergique et une formule concentr\u00e9e.<\/p>\n<ul>\n<li><strong>L&rsquo;Harpagophytum : <\/strong>bon pour les sensibilit\u00e9s articulaires et aide \u00e0 maintenir la sant\u00e9 des articulations ainsi qu&rsquo;une bonne mobilit\u00e9.<\/li>\n<li><strong>Boswellia :<\/strong> participe au confort et \u00e0 l&rsquo;apaisement des articulations.<\/li>\n<li><strong>Acide hyaluronique :<\/strong> compos\u00e9 fondamental du liquide synovial qui assure la lubrification de l&rsquo;articulation<\/li>\n<li><strong>MSM :<\/strong> du M\u00e9thyl-sulfonyl-m\u00e9thane pour compl\u00e9ter la formule par son action synergique.<\/li>\n<\/ul>\n<p>60 comprim\u00e9s &#8211; 2 comprim\u00e9s par jour pendant 30 jours<\/p>\n<p>Poids net : 82,5 g<\/p>\n<\/div>\n<\/div>\n<div id=\"extra-0\" class=\"tab-pane fade in extra conseils-d-utilisation\" role=\"tabpanel\">\n<div class=\"tab-pane-title\">\n<p><strong>Conseils d\u2019utilisation<\/strong><\/p>\n<\/div>\n<p><strong>MODE D\u2019EMPLOI :<\/strong><\/p>\n<p>2 comprim\u00e9s par jour \u00e0 prendre avec un verre d&rsquo;eau de pr\u00e9f\u00e9rence pendant les repas.<\/p>\n<p><strong>PR\u00c9CAUTIONS D\u2019EMPLOI :<\/strong><\/p>\n<ul>\n<li>Ne pas d\u00e9passer la dose journali\u00e8re recommand\u00e9e.<\/li>\n<li>Ne se substitue pas \u00e0 un r\u00e9gime alimentaire \u00e9quilibr\u00e9, vari\u00e9, diversifi\u00e9 et \u00e0 un mode de vie sain.<\/li>\n<li>Tenir hors de port\u00e9e des enfants.<\/li>\n<li>Consultez votre m\u00e9decin en cas de prise simultan\u00e9e de traitement de longue dur\u00e9e ou de maladie chronique.<\/li>\n<li>D\u00e9conseill\u00e9 chez les enfants et les adolescents.<\/li>\n<li>L&#8217;emploi chez les femmes enceintes et allaitantes ainsi que chez les personnes sous traitement antid\u00e9presseur est d\u00e9conseill\u00e9.<\/li>\n<li>Limiter \u00e0 un usage ponctuel.<\/li>\n<li>D\u00e9conseill\u00e9 en cas d&rsquo;ulc\u00e8re gastro-duod\u00e9nal ou de troubles biliaires (calculs biliaires).<\/li>\n<li>D\u00e9conseill\u00e9 aux personnes diab\u00e9tiques ou pr\u00e9diab\u00e9tiques, asthmatiques ou trait\u00e9es par anti-vitamine K.<\/li>\n<li>D\u00e9conseill\u00e9 aux personnes allergiques aux crustac\u00e9s, poissons ou insectes.<\/li>\n<li>D\u00e9conseill\u00e9 aux personnes dont l&rsquo;alimentation est contr\u00f4l\u00e9e pour le sodium, le potassium ou le calcium.<\/li>\n<\/ul>\n<p>&nbsp;<\/p>\n<p>\u00c0 conserver de pr\u00e9f\u00e9rence entre 15\u00b0C et 25\u00b0C, \u00e0 l\u2019abri de la chaleur, de la lumi\u00e8re et de l\u2019humidit\u00e9.<\/p>\n<p>En raison de l\u2019origine naturelle de certains ingr\u00e9dients, une variation de couleur est possible entre diff\u00e9rents lots de produits.<\/p>\n<p>\u00c0 consommer de pr\u00e9f\u00e9rence avant et N\u00b0 de lot : voir sous la bo\u00eete.<\/p>\n<\/div>","protected":false},"excerpt":{"rendered":"<p><strong>Manque de souplesse et de mobilit\u00e9 articulaire ? <\/strong><\/p>\n<p>Articulior Gluco Chondro Fort\u00e9 vous aide \u00e0 optimiser la sant\u00e9 de vos articulations.<\/p>","protected":false},"featured_media":4007,"comment_status":"open","ping_status":"closed","template":"","meta":[],"product_cat":[92],"product_tag":[],"yith_product_brand":[93],"class_list":{"0":"post-3924","1":"product","2":"type-product","3":"status-publish","4":"has-post-thumbnail","6":"product_cat-complements-alimentaires","7":"yith_product_brand-dietaroma","9":"first","10":"instock","11":"sale","12":"shipping-taxable","13":"purchasable","14":"product-type-simple"},"_links":{"self":[{"href":"https:\/\/parapharmacieenligne.ma\/en\/wp-json\/wp\/v2\/product\/3924","targetHints":{"allow":["GET"]}}],"collection":[{"href":"https:\/\/parapharmacieenligne.ma\/en\/wp-json\/wp\/v2\/product"}],"about":[{"href":"https:\/\/parapharmacieenligne.ma\/en\/wp-json\/wp\/v2\/types\/product"}],"replies":[{"embeddable":true,"href":"https:\/\/parapharmacieenligne.ma\/en\/wp-json\/wp\/v2\/comments?post=3924"}],"version-history":[{"count":1,"href":"https:\/\/parapharmacieenligne.ma\/en\/wp-json\/wp\/v2\/product\/3924\/revisions"}],"predecessor-version":[{"id":4008,"href":"https:\/\/parapharmacieenligne.ma\/en\/wp-json\/wp\/v2\/product\/3924\/revisions\/4008"}],"wp:featuredmedia":[{"embeddable":true,"href":"https:\/\/parapharmacieenligne.ma\/en\/wp-json\/wp\/v2\/media\/4007"}],"wp:attachment":[{"href":"https:\/\/parapharmacieenligne.ma\/en\/wp-json\/wp\/v2\/media?parent=3924"}],"wp:term":[{"taxonomy":"product_cat","embeddable":true,"href":"https:\/\/parapharmacieenligne.ma\/en\/wp-json\/wp\/v2\/product_cat?post=3924"},{"taxonomy":"product_tag","embeddable":true,"href":"https:\/\/parapharmacieenligne.ma\/en\/wp-json\/wp\/v2\/product_tag?post=3924"},{"taxonomy":"yith_product_brand","embeddable":true,"href":"https:\/\/parapharmacieenligne.ma\/en\/wp-json\/wp\/v2\/yith_product_brand?post=3924"}],"curies":[{"name":"wp","href":"https:\/\/api.w.org\/{rel}","templated":true}]}}