{"id":3925,"date":"2026-01-25T15:04:12","date_gmt":"2026-01-25T14:04:12","guid":{"rendered":"https:\/\/parapharmacieenligne.ma\/?post_type=product&#038;p=3925"},"modified":"2026-03-24T14:51:03","modified_gmt":"2026-03-24T13:51:03","slug":"dietaroma-complexe-collagene-marin-20-sachets","status":"publish","type":"product","link":"https:\/\/parapharmacieenligne.ma\/en\/product\/dietaroma-complexe-collagene-marin-20-sachets\/","title":{"rendered":"DIETAROMA Complexe collag\u00e8ne marin 20 sachets"},"content":{"rendered":"<div id=\"description\" class=\"tab-pane fade in active description\" role=\"tabpanel\">\n<div class=\"product-description\">\n<p>Lors d&rsquo;une pratique sportive l\u00e9g\u00e8re ou intense et avec l&rsquo;avancement dans l&rsquo;\u00e2ge, notre capital de collag\u00e8ne baisse. Notre formule participe au <strong>confort articulaire<\/strong> et au <strong>maintien de la souplesse articulaire<\/strong>.<\/p>\n<ul>\n<li><strong>Le collag\u00e8ne marin<\/strong> que nous utilisons provient de deux <strong>ingr\u00e9dients brevet\u00e9s<\/strong> Naticol\u00ae et Cartidyss\u00ae. Gr\u00e2ce \u00e0 leur forme hydrolys\u00e9e les peptides de collag\u00e8ne sont assimil\u00e9s de fa\u00e7on optimale. Le collag\u00e8ne de <strong>type I<\/strong>, le plus abondant dans l&rsquo;organisme, est situ\u00e9 principalement au niveau de la peau, des os et des tendons. Le <strong>type II <\/strong>est un composant de la matrice extracellulaire qui constitue nos organes internes et notre peau.<\/li>\n<li><strong>Le cassis <\/strong>aide au <strong>bon fonctionnement <\/strong><strong>articulaire <\/strong>et est reconnu pour <strong>favoriser la flexibilit\u00e9 des articulations.<\/strong><\/li>\n<li><strong>La vitamine C <\/strong>contribue \u00e0 la<strong> formation normale de collag\u00e8ne pour assurer la fonction normale des os et des cartilages<\/strong><\/li>\n<li><strong>Le magn\u00e9sium marin <\/strong>contribue \u00e0 la <strong>r\u00e9duction de la fatigue<\/strong> et au<strong> fonctionnement normal du syst\u00e8me nerveux.<\/strong><\/li>\n<\/ul>\n<p>&nbsp;<\/p>\n<p><em>Produit sans ar\u00f4me ajout\u00e9, go\u00fbt neutre<\/em><\/p>\n<p>1 sachet par jour pendant 20 jours.<\/p>\n<p>Poids nets : 65 g<\/p>\n<\/div>\n<\/div>\n<div id=\"extra-0\" class=\"tab-pane fade in extra conseils-d-utilisation\" role=\"tabpanel\">\n<div class=\"tab-pane-title\">\n<p><strong>Conseils d\u2019utilisation<\/strong><\/p>\n<\/div>\n<p><strong>MODE D\u2019EMPLOI :<\/strong><\/p>\n<p>\u2022 Prendre 1 sachet par jour \u00e0 diluer dans un grand verre d\u2019eau et bien agiter, pendant 20 jours de pr\u00e9f\u00e9rence au cours d&rsquo;un repas.<\/p>\n<p>\u00c0 conserver \u00e0 l&rsquo;abri de la chaleur, de la lumi\u00e8re et de l&rsquo;humidit\u00e9.<\/p>\n<p><strong>\u00b9<\/strong>Le cassis et la vitamine C contribuent au bon fonctionnement des articulations, cartilage et os.<\/p>\n<p><strong>PR\u00c9CAUTIONS D\u2019EMPLOI :<\/strong><\/p>\n<p>\u2022 Ne pas d\u00e9passer la dose journali\u00e8re recommand\u00e9e.<\/p>\n<p>\u2022 Ne se substitue pas \u00e0 un r\u00e9gime alimentaire \u00e9quilibr\u00e9 et vari\u00e9 et \u00e0 un mode de vie sain.<\/p>\n<p>\u2022 Tenir hors de port\u00e9e des enfants.<\/p>\n<p>\u2022 L\u2019emploi chez les femmes enceintes et allaitantes est d\u00e9conseill\u00e9.<\/p>\n<p>\u2022 Contre-indiqu\u00e9 dans le cas d&rsquo;\u0153d\u00e8mes li\u00e9s \u00e0 une insuffisance cardiaque ou r\u00e9nale.<\/p>\n<p>\u2022 Consultez votre m\u00e9decin ou votre pharmacien en cas de maladie chronique ou de prise de traitement de longue dur\u00e9e.<\/p>\n<\/div>","protected":false},"excerpt":{"rendered":"<p>Lors d&rsquo;une pratique sportive l\u00e9g\u00e8re ou <strong>intense et avec l&rsquo;avancement dans l&rsquo;\u00e2ge, notre capital de collag\u00e8ne baisse. Notre formule participe au confort articulaire<\/strong> et au <strong>maintien de la souplesse articulaire<\/strong>.<\/p>","protected":false},"featured_media":4010,"comment_status":"open","ping_status":"closed","template":"","meta":[],"product_cat":[92],"product_tag":[],"yith_product_brand":[93],"class_list":{"0":"post-3925","1":"product","2":"type-product","3":"status-publish","4":"has-post-thumbnail","6":"product_cat-complements-alimentaires","7":"yith_product_brand-dietaroma","9":"first","10":"instock","11":"sale","12":"shipping-taxable","13":"purchasable","14":"product-type-simple"},"_links":{"self":[{"href":"https:\/\/parapharmacieenligne.ma\/en\/wp-json\/wp\/v2\/product\/3925","targetHints":{"allow":["GET"]}}],"collection":[{"href":"https:\/\/parapharmacieenligne.ma\/en\/wp-json\/wp\/v2\/product"}],"about":[{"href":"https:\/\/parapharmacieenligne.ma\/en\/wp-json\/wp\/v2\/types\/product"}],"replies":[{"embeddable":true,"href":"https:\/\/parapharmacieenligne.ma\/en\/wp-json\/wp\/v2\/comments?post=3925"}],"version-history":[{"count":1,"href":"https:\/\/parapharmacieenligne.ma\/en\/wp-json\/wp\/v2\/product\/3925\/revisions"}],"predecessor-version":[{"id":4011,"href":"https:\/\/parapharmacieenligne.ma\/en\/wp-json\/wp\/v2\/product\/3925\/revisions\/4011"}],"wp:featuredmedia":[{"embeddable":true,"href":"https:\/\/parapharmacieenligne.ma\/en\/wp-json\/wp\/v2\/media\/4010"}],"wp:attachment":[{"href":"https:\/\/parapharmacieenligne.ma\/en\/wp-json\/wp\/v2\/media?parent=3925"}],"wp:term":[{"taxonomy":"product_cat","embeddable":true,"href":"https:\/\/parapharmacieenligne.ma\/en\/wp-json\/wp\/v2\/product_cat?post=3925"},{"taxonomy":"product_tag","embeddable":true,"href":"https:\/\/parapharmacieenligne.ma\/en\/wp-json\/wp\/v2\/product_tag?post=3925"},{"taxonomy":"yith_product_brand","embeddable":true,"href":"https:\/\/parapharmacieenligne.ma\/en\/wp-json\/wp\/v2\/yith_product_brand?post=3925"}],"curies":[{"name":"wp","href":"https:\/\/api.w.org\/{rel}","templated":true}]}}