{"id":3926,"date":"2026-01-25T15:04:12","date_gmt":"2026-01-25T14:04:12","guid":{"rendered":"https:\/\/parapharmacieenligne.ma\/?post_type=product&#038;p=3926"},"modified":"2026-01-25T15:08:06","modified_gmt":"2026-01-25T14:08:06","slug":"dietaroma-vinalege-jambes-legeres-bio-circulation-elimination-20-ampoules","status":"publish","type":"product","link":"https:\/\/parapharmacieenligne.ma\/en\/product\/dietaroma-vinalege-jambes-legeres-bio-circulation-elimination-20-ampoules\/","title":{"rendered":"DIETAROMA \u2013 VINAL\u00c8GE JAMBES L\u00c9G\u00c8RES BIO \u2013 CIRCULATION &#038; \u00c9LIMINATION \u2013 20 AMPOULES"},"content":{"rendered":"<p><strong>H\u00e9r\u00e9dit\u00e9, bouleversements hormonaux, forte chaleur, s\u00e9dentarit\u00e9<\/strong>\u2026 de nombreux facteurs peuvent \u00eatre \u00e0 l&rsquo;origine d&rsquo;inconforts circulatoires et cr\u00e9er cette d\u00e9sagr\u00e9able sensation de jambes lourdes.<\/p>\n<p>Nous vous proposons une formule compl\u00e8te avec 4 plantes phares pour agir sur la circulation et l\u2019\u00e9limination :<\/p>\n<ul>\n<li><b>La <a class=\"pstg-item-link pstg-theme- tooltipstered\" href=\"https:\/\/www.dietaroma.fr\/plantes-herbier\/vigne-rouge\" target=\"_blank\" rel=\"noopener\">vigne rouge<\/a>, le marronnier d\u2019Inde et le fragon <\/b>contribuent \u00e0 une circulation normale des jambes.<\/li>\n<li><b>La reine des pr\u00e9s <\/b>participe aux fonctions de l\u2019\u00e9limination de l\u2019organisme.<\/li>\n<\/ul>\n<p>20 ampoules de 10 ml &#8211; 1 ampoule par jour pendant 20 jours.<\/p>\n<p>Volume net : 200 ml<\/p>","protected":false},"excerpt":{"rendered":"<p><strong>MODE D\u2019EMPLOI :<\/strong><\/p>\n<ul>\n<li>1 ampoule par jour \u00e0 diluer dans un grand verre d\u2019eau, pendant 20 jours.<\/li>\n<li>Agiter l\u2019ampoule avant son ouverture.<\/li>\n<li>Compte tenu du cot\u00e9 enti\u00e8rement naturel du produit et de sa concentration tr\u00e8s importante en plantes, un d\u00e9p\u00f4t est possible. Il ne nuit en rien \u00e0 la qualit\u00e9 du produit. Cette forte concentration en actif peut donner lieu \u00e0 la formation de cristaux qui peuvent \u00eatre consomm\u00e9s sans risque.<\/li>\n<\/ul>\n<p>\u00c0 conserver de pr\u00e9f\u00e9rence entre 15\u00b0C et 25\u00b0C, \u00e0 l&rsquo;abri de la lumi\u00e8re et de l&rsquo;humidit\u00e9.<\/p>","protected":false},"featured_media":4013,"comment_status":"open","ping_status":"closed","template":"","meta":[],"product_cat":[92],"product_tag":[],"yith_product_brand":[93],"class_list":{"0":"post-3926","1":"product","2":"type-product","3":"status-publish","4":"has-post-thumbnail","6":"product_cat-complements-alimentaires","7":"yith_product_brand-dietaroma","9":"first","10":"instock","11":"sale","12":"shipping-taxable","13":"purchasable","14":"product-type-simple"},"_links":{"self":[{"href":"https:\/\/parapharmacieenligne.ma\/en\/wp-json\/wp\/v2\/product\/3926","targetHints":{"allow":["GET"]}}],"collection":[{"href":"https:\/\/parapharmacieenligne.ma\/en\/wp-json\/wp\/v2\/product"}],"about":[{"href":"https:\/\/parapharmacieenligne.ma\/en\/wp-json\/wp\/v2\/types\/product"}],"replies":[{"embeddable":true,"href":"https:\/\/parapharmacieenligne.ma\/en\/wp-json\/wp\/v2\/comments?post=3926"}],"version-history":[{"count":1,"href":"https:\/\/parapharmacieenligne.ma\/en\/wp-json\/wp\/v2\/product\/3926\/revisions"}],"predecessor-version":[{"id":4014,"href":"https:\/\/parapharmacieenligne.ma\/en\/wp-json\/wp\/v2\/product\/3926\/revisions\/4014"}],"wp:featuredmedia":[{"embeddable":true,"href":"https:\/\/parapharmacieenligne.ma\/en\/wp-json\/wp\/v2\/media\/4013"}],"wp:attachment":[{"href":"https:\/\/parapharmacieenligne.ma\/en\/wp-json\/wp\/v2\/media?parent=3926"}],"wp:term":[{"taxonomy":"product_cat","embeddable":true,"href":"https:\/\/parapharmacieenligne.ma\/en\/wp-json\/wp\/v2\/product_cat?post=3926"},{"taxonomy":"product_tag","embeddable":true,"href":"https:\/\/parapharmacieenligne.ma\/en\/wp-json\/wp\/v2\/product_tag?post=3926"},{"taxonomy":"yith_product_brand","embeddable":true,"href":"https:\/\/parapharmacieenligne.ma\/en\/wp-json\/wp\/v2\/yith_product_brand?post=3926"}],"curies":[{"name":"wp","href":"https:\/\/api.w.org\/{rel}","templated":true}]}}