{"id":3927,"date":"2026-01-25T15:04:12","date_gmt":"2026-01-25T14:04:12","guid":{"rendered":"https:\/\/parapharmacieenligne.ma\/?post_type=product&#038;p=3927"},"modified":"2026-03-24T14:50:16","modified_gmt":"2026-03-24T13:50:16","slug":"dietaroma-omega-3-1500-mg-cerveau-vision-coeur-60-capsules","status":"publish","type":"product","link":"https:\/\/parapharmacieenligne.ma\/en\/product\/dietaroma-omega-3-1500-mg-cerveau-vision-coeur-60-capsules\/","title":{"rendered":"DIETAROMA \u2013 OM\u00c9GA-3 1500 MG \u2013 CERVEAU, VISION &#038; C\u0152UR \u2013 60 CAPSULES"},"content":{"rendered":"<p>Les om\u00e9ga-3, qu\u2019il s\u2019agisse du DHA (acide docosahexa\u00e9no\u00efque) ou de l\u2019EPA (acide eicosapenta\u00e9no\u00efque), sont des acides gras que l\u2019on trouve notamment dans les poissons des mers froides.<\/p>\n<p>Di\u00e9taroma vous garantit de consommer des compl\u00e9ments d\u2019om\u00e9ga-3 riches en EPA et DHA et de b\u00e9n\u00e9ficier de mani\u00e8re optimale de tous leurs avantages.<\/p>\n<p>La consommation de DHA contribue au fonctionnement normal du <strong>cerveau<\/strong> et au maintien d\u2019une<strong> vision<\/strong> normale. De plus, l\u2019EPA et le DHA contribuent \u00e0 une <strong>fonction cardiaque<\/strong> normale.<\/p>\n<p>&#8211; Huile de poisson indice totox \u226410<\/p>\n<p>&#8211; P\u00eache responsable<\/p>\n<p>60 capsules<\/p>\n<p>1 \u00e0 3 capsules par jour pendant 20 jours.<\/p>\n<p>Poids net : 40,9 g<\/p>","protected":false},"excerpt":{"rendered":"<p><strong>MODE D&rsquo;EMPLOI :<\/strong><\/p>\n<ul>\n<li>Prendre 1 \u00e0 3 capsules par jour avec un grand verre d\u2019eau, de pr\u00e9f\u00e9rence au moment des repas.<\/li>\n<li>L\u2019effet b\u00e9n\u00e9fique est obtenu par la consommation journali\u00e8re de 250 mg d\u2019EPA et de DHA.<\/li>\n<\/ul>\n<p><strong>PR\u00c9CAUTIONS D&rsquo;EMPLOI :<\/strong><\/p>\n<ul>\n<li>Ne pas d\u00e9passer la dose journali\u00e8re recommand\u00e9e.<\/li>\n<li>Ne se substitue pas \u00e0 un r\u00e9gime alimentaire \u00e9quilibr\u00e9 et vari\u00e9 et \u00e0 un mode de vie sain.<\/li>\n<li>Tenir hors de port\u00e9e des enfants.<\/li>\n<li>Prendre l\u2019avis d\u2019un professionnel de sant\u00e9 en cas de maladie chronique ou de traitement m\u00e9dicamenteux au long cours.<\/li>\n<\/ul>\n<p>\u00c0 conserver \u00e0 une temp\u00e9rature comprise entre 15\u00b0C et 25\u00b0C, \u00e0 l\u2019abri de la lumi\u00e8re et de l\u2019humidit\u00e9.<\/p>\n<p>\u00c0 consommer de pr\u00e9f\u00e9rence avant fin et N\u00b0 de lot : voir sur la bo\u00eete.<\/p>","protected":false},"featured_media":4016,"comment_status":"open","ping_status":"closed","template":"","meta":[],"product_cat":[92],"product_tag":[],"yith_product_brand":[93],"class_list":{"0":"post-3927","1":"product","2":"type-product","3":"status-publish","4":"has-post-thumbnail","6":"product_cat-complements-alimentaires","7":"yith_product_brand-dietaroma","9":"first","10":"instock","11":"sale","12":"shipping-taxable","13":"purchasable","14":"product-type-simple"},"_links":{"self":[{"href":"https:\/\/parapharmacieenligne.ma\/en\/wp-json\/wp\/v2\/product\/3927","targetHints":{"allow":["GET"]}}],"collection":[{"href":"https:\/\/parapharmacieenligne.ma\/en\/wp-json\/wp\/v2\/product"}],"about":[{"href":"https:\/\/parapharmacieenligne.ma\/en\/wp-json\/wp\/v2\/types\/product"}],"replies":[{"embeddable":true,"href":"https:\/\/parapharmacieenligne.ma\/en\/wp-json\/wp\/v2\/comments?post=3927"}],"version-history":[{"count":1,"href":"https:\/\/parapharmacieenligne.ma\/en\/wp-json\/wp\/v2\/product\/3927\/revisions"}],"predecessor-version":[{"id":4017,"href":"https:\/\/parapharmacieenligne.ma\/en\/wp-json\/wp\/v2\/product\/3927\/revisions\/4017"}],"wp:featuredmedia":[{"embeddable":true,"href":"https:\/\/parapharmacieenligne.ma\/en\/wp-json\/wp\/v2\/media\/4016"}],"wp:attachment":[{"href":"https:\/\/parapharmacieenligne.ma\/en\/wp-json\/wp\/v2\/media?parent=3927"}],"wp:term":[{"taxonomy":"product_cat","embeddable":true,"href":"https:\/\/parapharmacieenligne.ma\/en\/wp-json\/wp\/v2\/product_cat?post=3927"},{"taxonomy":"product_tag","embeddable":true,"href":"https:\/\/parapharmacieenligne.ma\/en\/wp-json\/wp\/v2\/product_tag?post=3927"},{"taxonomy":"yith_product_brand","embeddable":true,"href":"https:\/\/parapharmacieenligne.ma\/en\/wp-json\/wp\/v2\/yith_product_brand?post=3927"}],"curies":[{"name":"wp","href":"https:\/\/api.w.org\/{rel}","templated":true}]}}