{"id":4023,"date":"2026-01-25T15:20:13","date_gmt":"2026-01-25T14:20:13","guid":{"rendered":"https:\/\/parapharmacieenligne.ma\/?post_type=product&#038;p=4023"},"modified":"2026-03-24T15:58:33","modified_gmt":"2026-03-24T14:58:33","slug":"eric-favre-chronoerect-stimulant-sexuel-4-gelules","status":"publish","type":"product","link":"https:\/\/parapharmacieenligne.ma\/en\/product\/eric-favre-chronoerect-stimulant-sexuel-4-gelules\/","title":{"rendered":"Eric Favre CHRONOERECT Stimulant Sexuel 4 g\u00e9lules"},"content":{"rendered":"<p>Chronoerect est un compl\u00e9ment alimentaire qui contient un complexe d\u2019actifs qui vous permettra de retrouver votre jeunesse pendant l\u2019acte sexuel.<\/p>\n<p>Le zinc : maintient un bon taux de testost\u00e9rone dans le sang, essentiel \u00e0 de bonnes pratiques sexuelles.<\/p>\n<p>Pour r\u00e9duire la fatigue chronique, le Chronoerect contient \u00e9galement du magn\u00e9sium, de la vitamine B5 et de la vitamine C.<\/p>\n<p><b>Conseils d\u2019utilisation<\/b><\/p>\n<p>Prendre 1 g\u00e9lule 30 \u00e0 45 minutes avant l\u2019acte sexuel.<\/p>","protected":false},"excerpt":{"rendered":"<div id=\"desc4\">\n<p class=\"desc4\"><strong>Chronoerect &#8211; Stimulant naturel exclusif pour une \u00e9rection forte<\/strong><\/p>\n<h2 class=\"desc4\"><span style=\"color: var(--g5-color-text-main); font-family: var(--g5-body-font); font-size: var(--g5-body-font-size); font-style: var(--g5-body-font-style); font-weight: var(--g5-body-font-weight); letter-spacing: var(--g5-body-letter-spacing); text-transform: var(--g5-body-text-transform);\">Bo\u00eete de 4 g\u00e9lules<\/span><\/h2>\n<\/div>\n<div class=\"short_desc2\">\n<div class=\"desc1\">\n<p>Complexe d&rsquo;actifs hautement dos\u00e9s :<\/p>\n<p>Libido stimul\u00e9e<\/p>\n<p>Testost\u00e9rone maintenue<\/p>\n<p>Sant\u00e9 des organes reproducteurs<\/p>\n<p>R\u00e9sistance \u00e0 l&rsquo;effort accrue<\/p>\n<p>Erection d\u00e9clench\u00e9e et am\u00e9lior\u00e9e<\/p>\n<p>Volume augment\u00e9<\/p>\n<p>R\u00e9duction de la fatigue<\/p>\n<\/div>\n<\/div>","protected":false},"featured_media":18995,"comment_status":"open","ping_status":"closed","template":"","meta":[],"product_cat":[92],"product_tag":[],"yith_product_brand":[94],"class_list":{"0":"post-4023","1":"product","2":"type-product","3":"status-publish","4":"has-post-thumbnail","6":"product_cat-complements-alimentaires","7":"yith_product_brand-eric-favre","9":"first","10":"instock","11":"sale","12":"shipping-taxable","13":"purchasable","14":"product-type-simple"},"_links":{"self":[{"href":"https:\/\/parapharmacieenligne.ma\/en\/wp-json\/wp\/v2\/product\/4023","targetHints":{"allow":["GET"]}}],"collection":[{"href":"https:\/\/parapharmacieenligne.ma\/en\/wp-json\/wp\/v2\/product"}],"about":[{"href":"https:\/\/parapharmacieenligne.ma\/en\/wp-json\/wp\/v2\/types\/product"}],"replies":[{"embeddable":true,"href":"https:\/\/parapharmacieenligne.ma\/en\/wp-json\/wp\/v2\/comments?post=4023"}],"version-history":[{"count":3,"href":"https:\/\/parapharmacieenligne.ma\/en\/wp-json\/wp\/v2\/product\/4023\/revisions"}],"predecessor-version":[{"id":18997,"href":"https:\/\/parapharmacieenligne.ma\/en\/wp-json\/wp\/v2\/product\/4023\/revisions\/18997"}],"wp:featuredmedia":[{"embeddable":true,"href":"https:\/\/parapharmacieenligne.ma\/en\/wp-json\/wp\/v2\/media\/18995"}],"wp:attachment":[{"href":"https:\/\/parapharmacieenligne.ma\/en\/wp-json\/wp\/v2\/media?parent=4023"}],"wp:term":[{"taxonomy":"product_cat","embeddable":true,"href":"https:\/\/parapharmacieenligne.ma\/en\/wp-json\/wp\/v2\/product_cat?post=4023"},{"taxonomy":"product_tag","embeddable":true,"href":"https:\/\/parapharmacieenligne.ma\/en\/wp-json\/wp\/v2\/product_tag?post=4023"},{"taxonomy":"yith_product_brand","embeddable":true,"href":"https:\/\/parapharmacieenligne.ma\/en\/wp-json\/wp\/v2\/yith_product_brand?post=4023"}],"curies":[{"name":"wp","href":"https:\/\/api.w.org\/{rel}","templated":true}]}}