{"id":4030,"date":"2026-01-25T15:20:14","date_gmt":"2026-01-25T14:20:14","guid":{"rendered":"https:\/\/parapharmacieenligne.ma\/?post_type=product&#038;p=4030"},"modified":"2026-01-25T15:21:26","modified_gmt":"2026-01-25T14:21:26","slug":"eric-favre-somnidryne-formule-endormissement-rapide-14-comprimes","status":"publish","type":"product","link":"https:\/\/parapharmacieenligne.ma\/en\/product\/eric-favre-somnidryne-formule-endormissement-rapide-14-comprimes\/","title":{"rendered":"Eric Favre Somnidryne &#8211; Formule endormissement rapide 14 comprim\u00e9s"},"content":{"rendered":"<p>Difficult\u00e9 \u00e0 vous endormir ? R\u00e9veils nocturnes ? Jet lag ? Somnidryne<sup>\u00ae<\/sup> s\u2019adresse \u00e0 toutes les personnes souhaitant r\u00e9guler leur cycle du sommeil :<\/p>\n<ul>\n<li>\u2022 Facilite l\u2019endormissement<\/li>\n<li>\u2022 R\u00e9duit le temps d\u2019endormissement<\/li>\n<li>\u2022 Am\u00e9liore la qualit\u00e9 du sommeil<\/li>\n<\/ul>\n<p>Somnidryne<sup>\u00ae<\/sup> est compos\u00e9 d\u2019un actif brevet\u00e9 : Cyracos<sup>\u00ae<\/sup> qui est un extrait de m\u00e9lisse qui am\u00e9liore la qualit\u00e9 du sommeil et favorise l\u2019endormissement.<\/p>\n<p>La M\u00e9latonine contribue, quant \u00e0 elle, \u00e0 r\u00e9duire le temps d\u2019endormissement (cet effet b\u00e9n\u00e9fique est obtenu par la consommation d\u2019au moins 1 mg avant le coucher). Elle contribue \u00e9galement \u00e0 att\u00e9nuer les effets du d\u00e9calage horaire (cet effet b\u00e9n\u00e9fique est obtenu par la consommation d\u2019au moins 0,5 mg juste avant le coucher le premier jour du voyage et les quelques jours suivant le jour d\u2019arriv\u00e9e).<\/p>\n<p><b>Conseils d\u2019utilisation<\/b><\/p>\n<p>Prendre 2 comprim\u00e9s le soir au coucher.<\/p>\n<p>Programme \u00e0 renouveler si n\u00e9cessaire.<\/p>\n<p><b>Pr\u00e9cautions d\u2019emploi<\/b><\/p>\n<p>Ne pas d\u00e9passer la dose journali\u00e8re recommand\u00e9e. Tenir hors de port\u00e9e des jeunes enfants. A utiliser dans le cadre d\u2019une alimentation \u00e9quilibr\u00e9e et d\u2019un mode de vie sain. A conserver dans un endroit \u00e0 l\u2019abri de l\u2019humidit\u00e9 et de la lumi\u00e8re.<\/p>","protected":false},"excerpt":{"rendered":"<p>Difficult\u00e9 \u00e0 vous endormir ? R\u00e9veils nocturnes ? Jet lag ? Somnidryne<sup>\u00ae<\/sup> s\u2019adresse \u00e0 toutes les personnes souhaitant r\u00e9guler leur cycle du sommeil :<\/p>\n<ul>\n<li>\u2022 Facilite l\u2019endormissement<\/li>\n<li>\u2022 R\u00e9duit le temps d\u2019endormissement<\/li>\n<li>\u2022 Am\u00e9liore la qualit\u00e9 du sommeil<\/li>\n<\/ul>","protected":false},"featured_media":4076,"comment_status":"open","ping_status":"closed","template":"","meta":[],"product_cat":[92],"product_tag":[],"yith_product_brand":[94],"class_list":{"0":"post-4030","1":"product","2":"type-product","3":"status-publish","4":"has-post-thumbnail","6":"product_cat-complements-alimentaires","7":"yith_product_brand-eric-favre","9":"first","10":"instock","11":"sale","12":"shipping-taxable","13":"purchasable","14":"product-type-simple"},"_links":{"self":[{"href":"https:\/\/parapharmacieenligne.ma\/en\/wp-json\/wp\/v2\/product\/4030","targetHints":{"allow":["GET"]}}],"collection":[{"href":"https:\/\/parapharmacieenligne.ma\/en\/wp-json\/wp\/v2\/product"}],"about":[{"href":"https:\/\/parapharmacieenligne.ma\/en\/wp-json\/wp\/v2\/types\/product"}],"replies":[{"embeddable":true,"href":"https:\/\/parapharmacieenligne.ma\/en\/wp-json\/wp\/v2\/comments?post=4030"}],"version-history":[{"count":1,"href":"https:\/\/parapharmacieenligne.ma\/en\/wp-json\/wp\/v2\/product\/4030\/revisions"}],"predecessor-version":[{"id":4077,"href":"https:\/\/parapharmacieenligne.ma\/en\/wp-json\/wp\/v2\/product\/4030\/revisions\/4077"}],"wp:featuredmedia":[{"embeddable":true,"href":"https:\/\/parapharmacieenligne.ma\/en\/wp-json\/wp\/v2\/media\/4076"}],"wp:attachment":[{"href":"https:\/\/parapharmacieenligne.ma\/en\/wp-json\/wp\/v2\/media?parent=4030"}],"wp:term":[{"taxonomy":"product_cat","embeddable":true,"href":"https:\/\/parapharmacieenligne.ma\/en\/wp-json\/wp\/v2\/product_cat?post=4030"},{"taxonomy":"product_tag","embeddable":true,"href":"https:\/\/parapharmacieenligne.ma\/en\/wp-json\/wp\/v2\/product_tag?post=4030"},{"taxonomy":"yith_product_brand","embeddable":true,"href":"https:\/\/parapharmacieenligne.ma\/en\/wp-json\/wp\/v2\/yith_product_brand?post=4030"}],"curies":[{"name":"wp","href":"https:\/\/api.w.org\/{rel}","templated":true}]}}