{"id":4034,"date":"2026-01-25T15:20:15","date_gmt":"2026-01-25T14:20:15","guid":{"rendered":"https:\/\/parapharmacieenligne.ma\/?post_type=product&#038;p=4034"},"modified":"2026-01-25T15:22:01","modified_gmt":"2026-01-25T14:22:01","slug":"eric-favre-sport-bcaa-10-1-1-vegan-acides-amines-essentiels-supplement-musculaire-120-comprimes","status":"publish","type":"product","link":"https:\/\/parapharmacieenligne.ma\/en\/product\/eric-favre-sport-bcaa-10-1-1-vegan-acides-amines-essentiels-supplement-musculaire-120-comprimes\/","title":{"rendered":"Eric Favre sport &#8211; BCAA 10.1.1 Vegan &#8211; Acides amin\u00e9s essentiels &#8211; Suppl\u00e9ment musculaire 120 comprim\u00e9s"},"content":{"rendered":"<p>Les B.C.A.A. (branched-chain amino acids) ou acides amin\u00e9s ramifi\u00e9s regroupent 3 acides amin\u00e9s essentiels : la leucine, l\u2019isoleucine et la valine. Ils sont tr\u00e8s pr\u00e9sents dans le tissu musculaire et entrent donc dans la constitution du muscle. Un apport en BCAA est donc indispensable lors de la pratique d\u2019un sport et ce, quelque soit ce dernier (body, fitness, sports d\u2019endurance, explosif&#8230;). Non synth\u00e9tis\u00e9s par l\u2019organisme, ils doivent \u00eatre apport\u00e9s par l\u2019alimentation et\/ou la suppl\u00e9mentation.<\/p>\n<p>BCAA 10.1.1 est constitu\u00e9 de 10 parts de Leucine pour 1 part d\u2019Isoleucine et 1 part de Valine.<\/p>\n<p>BCAA 10.1.1 du Laboratoire Eric Favre est compos\u00e9 de BCAA 100% naturels puisqu\u2019ils sont issus de la fermentation du ma\u00efs permettant ainsi une assimilation optimale.<\/p>\n<p><b>Conseils d\u2019utilisation<\/b><\/p>\n<p>4 \u00e0 6 comprim\u00e9s par jour, avec un verre d\u2019eau.<\/p>\n<ul>\n<li>\u2022 Avant l\u2019effort : 2 \u00e0 3 comprim\u00e9s.<\/li>\n<li>\u2022 Apr\u00e8s l\u2019effort : 2 \u00e0 3 comprim\u00e9s.<\/li>\n<\/ul>\n<p><b>Pr\u00e9cautions d\u2019emploi<\/b><\/p>\n<p>Ne pas d\u00e9passer la dose journali\u00e8re recommand\u00e9e. A utiliser dans le cadre d\u2019une alimentation \u00e9quilibr\u00e9e et d\u2019un mode de vie sain. Tenir hors de port\u00e9e des jeunes enfants. Conserver dans un endroit \u00e0 l\u2019abri de l\u2019humidit\u00e9, de la chaleur et de la lumi\u00e8re.<\/p>","protected":false},"excerpt":{"rendered":"<div id=\"desc4\">\n<h6 class=\"desc4\"><strong>D\u00e9veloppez vos muscles avec l\u2019aide de BCAA 10.1.1 Vegan !<\/strong><\/h6>\n<\/div>\n<div class=\"short_desc2\">\n<div class=\"desc1\">Pilulier 120 comprim\u00e9s<\/p>\n<p>30 jours<\/p>\n<p>BCAA 100% v\u00e9g\u00e9tal<\/p>\n<p>D\u00e9riv\u00e9 du mais<\/p>\n<p>6000 mg de BCAA par prise<\/p>\n<p>3 acides amin\u00e9s essentiels : leucine, isoleucine, valine Ratio optimal: 10:1:1 :<\/p>\n<p>10 parts de Leucine (5000 mg)<\/p>\n<p>1 part d&rsquo;Isoleucine (500 mg)<\/p>\n<p>1 part de Valine (500 mg) Sans allerg\u00e8ne, ni gluten<\/p><\/div>\n<\/div>","protected":false},"featured_media":4087,"comment_status":"open","ping_status":"closed","template":"","meta":[],"product_cat":[92],"product_tag":[],"yith_product_brand":[94],"class_list":{"0":"post-4034","1":"product","2":"type-product","3":"status-publish","4":"has-post-thumbnail","6":"product_cat-complements-alimentaires","7":"yith_product_brand-eric-favre","9":"first","10":"instock","11":"sale","12":"shipping-taxable","13":"purchasable","14":"product-type-simple"},"_links":{"self":[{"href":"https:\/\/parapharmacieenligne.ma\/en\/wp-json\/wp\/v2\/product\/4034","targetHints":{"allow":["GET"]}}],"collection":[{"href":"https:\/\/parapharmacieenligne.ma\/en\/wp-json\/wp\/v2\/product"}],"about":[{"href":"https:\/\/parapharmacieenligne.ma\/en\/wp-json\/wp\/v2\/types\/product"}],"replies":[{"embeddable":true,"href":"https:\/\/parapharmacieenligne.ma\/en\/wp-json\/wp\/v2\/comments?post=4034"}],"version-history":[{"count":1,"href":"https:\/\/parapharmacieenligne.ma\/en\/wp-json\/wp\/v2\/product\/4034\/revisions"}],"predecessor-version":[{"id":4088,"href":"https:\/\/parapharmacieenligne.ma\/en\/wp-json\/wp\/v2\/product\/4034\/revisions\/4088"}],"wp:featuredmedia":[{"embeddable":true,"href":"https:\/\/parapharmacieenligne.ma\/en\/wp-json\/wp\/v2\/media\/4087"}],"wp:attachment":[{"href":"https:\/\/parapharmacieenligne.ma\/en\/wp-json\/wp\/v2\/media?parent=4034"}],"wp:term":[{"taxonomy":"product_cat","embeddable":true,"href":"https:\/\/parapharmacieenligne.ma\/en\/wp-json\/wp\/v2\/product_cat?post=4034"},{"taxonomy":"product_tag","embeddable":true,"href":"https:\/\/parapharmacieenligne.ma\/en\/wp-json\/wp\/v2\/product_tag?post=4034"},{"taxonomy":"yith_product_brand","embeddable":true,"href":"https:\/\/parapharmacieenligne.ma\/en\/wp-json\/wp\/v2\/yith_product_brand?post=4034"}],"curies":[{"name":"wp","href":"https:\/\/api.w.org\/{rel}","templated":true}]}}