{"id":4036,"date":"2026-01-25T15:20:16","date_gmt":"2026-01-25T14:20:16","guid":{"rendered":"https:\/\/parapharmacieenligne.ma\/?post_type=product&#038;p=4036"},"modified":"2026-01-25T15:22:14","modified_gmt":"2026-01-25T14:22:14","slug":"eric-favre-iso-zero-100-whey-proteine-choco-intense-15kg","status":"publish","type":"product","link":"https:\/\/parapharmacieenligne.ma\/en\/product\/eric-favre-iso-zero-100-whey-proteine-choco-intense-15kg\/","title":{"rendered":"Eric Favre Iso Zero 100% Whey Prot\u00e9ine Choco Intense 1,5kg"},"content":{"rendered":"<p>ISO ZERO est constitu\u00e9e de plus de 83% de prot\u00e9ines de whey (WPI, WPC), l\u2019une des plus pures sources de prot\u00e9ines. Ces 83% de prot\u00e9ines proviennent uniquement de la whey : sans ajout d\u2019acides amin\u00e9s synth\u00e9tiques, ni collag\u00e8ne. Preuve de sa quallit\u00e9 \u00e9galement, son indice chimique sup\u00e9rieur \u00e0 100. Le laboratoire Eric Favre<sup>\u00ae<\/sup> l\u2019a s\u00e9lectionn\u00e9e pour son assimilation rapide permettant le d\u00e9veloppement musculaire, en effet, les prot\u00e9ines contribuent \u00e0 augmenter la masse musculaire. De part son process d\u2019extraction la prot\u00e9ine n\u2019est que tr\u00e8s peu d\u00e9natur\u00e9e et lui assure une tr\u00e8s bonne digestion.<\/p>\n<p><b>Conseils d\u2019utilisation<\/b><\/p>\n<p>Les jours d\u2019entra\u00eenement : prendre 1 mesure de 30g dans 150 \u00e0 200ml d\u2019eau une heure avant l\u2019entra\u00eenement puis une mesure de 30g juste apr\u00e8s l\u2019entra\u00eenement pour apporter aux muscles les prot\u00e9ines n\u00e9cessaires pour le d\u00e9veloppement musculaire.<\/p>\n<p>Les jours de repos : prendre 1 mesure de de 30g dans 150 \u00e0 200ml d\u2019eau en encas \u00e0 10H ou \u00e0 16H le soir avant le coucher.<\/p>\n<p><b>Pr\u00e9cautions d\u2019emploi<\/b><\/p>\n<p>Ne pas d\u00e9passer la dose journali\u00e8re recommand\u00e9e. Tenir hors de port\u00e9e des jeunes enfants. A utiliser dans le cadre d\u2019une alimentation vari\u00e9e et d\u2019un mode de vie sain. Bien refermer le pot entre chaque utilisation. A conserver \u00e0 l\u2019abri de la chaleur, de la lumi\u00e8re et de l\u2019humidit\u00e9.<\/p>","protected":false},"excerpt":{"rendered":"<div id=\"desc4\">\n<h6 class=\"desc4\"><strong>Iso zero 100% whey &#8211; Prot\u00e9ines isolate pour le d\u00e9veloppement musculaire &#8211; Saveur Triple Choco<\/strong><\/h6>\n<\/div>\n<div class=\"short_desc2\">\n<div class=\"desc1\">Pot de 1.5Kg<\/p>\n<p>Saveur choco intense<\/p>\n<p>Analyse effectu\u00e9e par l&rsquo;association Nutricontrole<\/p>\n<p>D\u00e9finition &amp; D\u00e9veloppement musculaire<\/p>\n<p>SANS aspartame\/collag\u00e8ne\/OGM<\/p>\n<p>+82,4% de prot\u00e9ines<\/p>\n<p>20gde BCAA<sup>*<\/sup><\/p>\n<p>13g de glutamine<sup>*<\/sup><\/p>\n<p>100% from whey<\/p>\n<p>Faible teneur en sucres<\/p>\n<p>Go\u00fbt d\u00e9licieux<sup>*<\/sup><\/div>\n<\/div>","protected":false},"featured_media":4091,"comment_status":"open","ping_status":"closed","template":"","meta":[],"product_cat":[92],"product_tag":[],"yith_product_brand":[94],"class_list":{"0":"post-4036","1":"product","2":"type-product","3":"status-publish","4":"has-post-thumbnail","6":"product_cat-complements-alimentaires","7":"yith_product_brand-eric-favre","9":"first","10":"instock","11":"sale","12":"shipping-taxable","13":"purchasable","14":"product-type-simple"},"_links":{"self":[{"href":"https:\/\/parapharmacieenligne.ma\/en\/wp-json\/wp\/v2\/product\/4036","targetHints":{"allow":["GET"]}}],"collection":[{"href":"https:\/\/parapharmacieenligne.ma\/en\/wp-json\/wp\/v2\/product"}],"about":[{"href":"https:\/\/parapharmacieenligne.ma\/en\/wp-json\/wp\/v2\/types\/product"}],"replies":[{"embeddable":true,"href":"https:\/\/parapharmacieenligne.ma\/en\/wp-json\/wp\/v2\/comments?post=4036"}],"version-history":[{"count":1,"href":"https:\/\/parapharmacieenligne.ma\/en\/wp-json\/wp\/v2\/product\/4036\/revisions"}],"predecessor-version":[{"id":4092,"href":"https:\/\/parapharmacieenligne.ma\/en\/wp-json\/wp\/v2\/product\/4036\/revisions\/4092"}],"wp:featuredmedia":[{"embeddable":true,"href":"https:\/\/parapharmacieenligne.ma\/en\/wp-json\/wp\/v2\/media\/4091"}],"wp:attachment":[{"href":"https:\/\/parapharmacieenligne.ma\/en\/wp-json\/wp\/v2\/media?parent=4036"}],"wp:term":[{"taxonomy":"product_cat","embeddable":true,"href":"https:\/\/parapharmacieenligne.ma\/en\/wp-json\/wp\/v2\/product_cat?post=4036"},{"taxonomy":"product_tag","embeddable":true,"href":"https:\/\/parapharmacieenligne.ma\/en\/wp-json\/wp\/v2\/product_tag?post=4036"},{"taxonomy":"yith_product_brand","embeddable":true,"href":"https:\/\/parapharmacieenligne.ma\/en\/wp-json\/wp\/v2\/yith_product_brand?post=4036"}],"curies":[{"name":"wp","href":"https:\/\/api.w.org\/{rel}","templated":true}]}}