{"id":4038,"date":"2026-01-25T15:20:16","date_gmt":"2026-01-25T14:20:16","guid":{"rendered":"https:\/\/parapharmacieenligne.ma\/?post_type=product&#038;p=4038"},"modified":"2026-01-25T15:22:28","modified_gmt":"2026-01-25T14:22:28","slug":"eric-favre-iso-zero-100-whey-proteine-cookies-cream-15kg","status":"publish","type":"product","link":"https:\/\/parapharmacieenligne.ma\/en\/product\/eric-favre-iso-zero-100-whey-proteine-cookies-cream-15kg\/","title":{"rendered":"Eric Favre Iso Zero 100% Whey Prot\u00e9ine Cookies &#038; cream 1,5kg"},"content":{"rendered":"<p>ISO ZERO est constitu\u00e9e de + de 85% de prot\u00e9ines d\u2019isolate de whey (WPH, WPI), l\u2019une des plus pures sources de prot\u00e9ines. Le laboratoire Eric Favre<sup>\u00ae<\/sup> l\u2019a s\u00e9lectionn\u00e9e pour son assimilation rapide permettant l\u2019anabolisme musculaire. De part sa microfiltration \u00e0 froid, la prot\u00e9ine n\u2019est que tr\u00e8s peu d\u00e9natur\u00e9e et lui assure une tr\u00e8s bonne digestion. Les prot\u00e9ines contribuent \u00e0 augmenter la masse musculaire.<\/p>\n<p><b>Conseils d\u2019utilisation<\/b><\/p>\n<p>Les jours d\u2019entra\u00eenement : prendre 1 mesure de 30g dans 150 \u00e0 200ml d\u2019eau une heure avant l\u2019entra\u00eenement puis une mesure de 30g juste apr\u00e8s l\u2019entra\u00eenement pour apporter aux muscles les prot\u00e9ines n\u00e9cessaires pour le d\u00e9veloppement musculaire.<\/p>\n<p>Les jours de repos : prendre 1 mesure de de 30g dans 150 \u00e0 200ml d\u2019eau en encas \u00e0 10H ou \u00e0 16H le soir avant le coucher.<\/p>\n<p><b>Pr\u00e9cautions d\u2019emploi<\/b><\/p>\n<p>Ne pas d\u00e9passer la dose journali\u00e8re recommand\u00e9e. Tenir hors de port\u00e9e des jeunes enfants. A utiliser dans le cadre d\u2019une alimentation vari\u00e9e et d\u2019un mode de vie sain. Bien refermer le pot entre chaque utilisation. A conserver \u00e0 l\u2019abri de la chaleur, de la lumi\u00e8re et de l\u2019humidit\u00e9.<\/p>","protected":false},"excerpt":{"rendered":"<p>ISO ZERO est constitu\u00e9e de + de 85% de prot\u00e9ines d\u2019isolate de whey (WPH, WPI), l\u2019une des plus pures sources de prot\u00e9ines. Le laboratoire Eric Favre<sup>\u00ae<\/sup> l\u2019a s\u00e9lectionn\u00e9e pour son assimilation rapide permettant l\u2019anabolisme musculaire. De part sa microfiltration \u00e0 froid, la prot\u00e9ine n\u2019est que tr\u00e8s peu d\u00e9natur\u00e9e et lui assure une tr\u00e8s bonne digestion. Les prot\u00e9ines contribuent \u00e0 augmenter la masse musculaire.<\/p>","protected":false},"featured_media":4095,"comment_status":"open","ping_status":"closed","template":"","meta":[],"product_cat":[92],"product_tag":[],"yith_product_brand":[94],"class_list":{"0":"post-4038","1":"product","2":"type-product","3":"status-publish","4":"has-post-thumbnail","6":"product_cat-complements-alimentaires","7":"yith_product_brand-eric-favre","9":"first","10":"instock","11":"sale","12":"shipping-taxable","13":"purchasable","14":"product-type-simple"},"_links":{"self":[{"href":"https:\/\/parapharmacieenligne.ma\/en\/wp-json\/wp\/v2\/product\/4038","targetHints":{"allow":["GET"]}}],"collection":[{"href":"https:\/\/parapharmacieenligne.ma\/en\/wp-json\/wp\/v2\/product"}],"about":[{"href":"https:\/\/parapharmacieenligne.ma\/en\/wp-json\/wp\/v2\/types\/product"}],"replies":[{"embeddable":true,"href":"https:\/\/parapharmacieenligne.ma\/en\/wp-json\/wp\/v2\/comments?post=4038"}],"version-history":[{"count":1,"href":"https:\/\/parapharmacieenligne.ma\/en\/wp-json\/wp\/v2\/product\/4038\/revisions"}],"predecessor-version":[{"id":4096,"href":"https:\/\/parapharmacieenligne.ma\/en\/wp-json\/wp\/v2\/product\/4038\/revisions\/4096"}],"wp:featuredmedia":[{"embeddable":true,"href":"https:\/\/parapharmacieenligne.ma\/en\/wp-json\/wp\/v2\/media\/4095"}],"wp:attachment":[{"href":"https:\/\/parapharmacieenligne.ma\/en\/wp-json\/wp\/v2\/media?parent=4038"}],"wp:term":[{"taxonomy":"product_cat","embeddable":true,"href":"https:\/\/parapharmacieenligne.ma\/en\/wp-json\/wp\/v2\/product_cat?post=4038"},{"taxonomy":"product_tag","embeddable":true,"href":"https:\/\/parapharmacieenligne.ma\/en\/wp-json\/wp\/v2\/product_tag?post=4038"},{"taxonomy":"yith_product_brand","embeddable":true,"href":"https:\/\/parapharmacieenligne.ma\/en\/wp-json\/wp\/v2\/yith_product_brand?post=4038"}],"curies":[{"name":"wp","href":"https:\/\/api.w.org\/{rel}","templated":true}]}}