{"id":4041,"date":"2026-01-25T15:20:17","date_gmt":"2026-01-25T14:20:17","guid":{"rendered":"https:\/\/parapharmacieenligne.ma\/?post_type=product&#038;p=4041"},"modified":"2026-01-25T15:22:49","modified_gmt":"2026-01-25T14:22:49","slug":"eric-favre-mass-gainer-native-protein-vanille-3kg","status":"publish","type":"product","link":"https:\/\/parapharmacieenligne.ma\/en\/product\/eric-favre-mass-gainer-native-protein-vanille-3kg\/","title":{"rendered":"Eric Favre Mass Gainer Native Protein Vanille 3kg"},"content":{"rendered":"<p>MASS GAINER est caract\u00e9ris\u00e9 par sa double source de prot\u00e9ines (whey concentr\u00e9e et isolate de prot\u00e9ines de lait) et contient 2 sources de glucides (Maltodextrine et Dextrose). Elle est enrichie en PH7 (Alfalfa) et G-Biol (Ginseng, Gel\u00e9e Royale, Inuline).<\/p>\n<p><b>Conseils d\u2019utilisation<\/b><\/p>\n<p>Les jours d\u2019entra\u00eenement : 60g \u00e0 10h et 60g une heure avant l\u2019effort.<\/p>\n<p>Les jours de repos : 30g \u00e0 10h et 15h.<\/p>","protected":false},"excerpt":{"rendered":"<div id=\"desc4\">\n<h6 class=\"desc4\"><strong>Mass Gainer &#8211; Prot\u00e9ines prise de masse rapide et contr\u00f4l\u00e9e<\/strong><\/h6>\n<\/div>\n<div class=\"short_desc2\">\n<div class=\"desc1\">Disponible en pot de 3 ou 1 kg<\/p>\n<p>Saveur chocolat, vanille ou cookie cream<\/p>\n<p>Programme pour une prise de masse rapide :<\/p>\n<p>Ratio prot\u00e9ines\/glucides adapt\u00e9<\/p>\n<p>2 sources de glucides<\/p>\n<p>2 sources de prot\u00e9ines<\/p>\n<p>Go\u00fbt d\u00e9licieux<\/p><\/div>\n<\/div>","protected":false},"featured_media":4101,"comment_status":"open","ping_status":"closed","template":"","meta":[],"product_cat":[92],"product_tag":[],"yith_product_brand":[94],"class_list":{"0":"post-4041","1":"product","2":"type-product","3":"status-publish","4":"has-post-thumbnail","6":"product_cat-complements-alimentaires","7":"yith_product_brand-eric-favre","9":"first","10":"instock","11":"sale","12":"shipping-taxable","13":"purchasable","14":"product-type-simple"},"_links":{"self":[{"href":"https:\/\/parapharmacieenligne.ma\/en\/wp-json\/wp\/v2\/product\/4041","targetHints":{"allow":["GET"]}}],"collection":[{"href":"https:\/\/parapharmacieenligne.ma\/en\/wp-json\/wp\/v2\/product"}],"about":[{"href":"https:\/\/parapharmacieenligne.ma\/en\/wp-json\/wp\/v2\/types\/product"}],"replies":[{"embeddable":true,"href":"https:\/\/parapharmacieenligne.ma\/en\/wp-json\/wp\/v2\/comments?post=4041"}],"version-history":[{"count":1,"href":"https:\/\/parapharmacieenligne.ma\/en\/wp-json\/wp\/v2\/product\/4041\/revisions"}],"predecessor-version":[{"id":4102,"href":"https:\/\/parapharmacieenligne.ma\/en\/wp-json\/wp\/v2\/product\/4041\/revisions\/4102"}],"wp:featuredmedia":[{"embeddable":true,"href":"https:\/\/parapharmacieenligne.ma\/en\/wp-json\/wp\/v2\/media\/4101"}],"wp:attachment":[{"href":"https:\/\/parapharmacieenligne.ma\/en\/wp-json\/wp\/v2\/media?parent=4041"}],"wp:term":[{"taxonomy":"product_cat","embeddable":true,"href":"https:\/\/parapharmacieenligne.ma\/en\/wp-json\/wp\/v2\/product_cat?post=4041"},{"taxonomy":"product_tag","embeddable":true,"href":"https:\/\/parapharmacieenligne.ma\/en\/wp-json\/wp\/v2\/product_tag?post=4041"},{"taxonomy":"yith_product_brand","embeddable":true,"href":"https:\/\/parapharmacieenligne.ma\/en\/wp-json\/wp\/v2\/yith_product_brand?post=4041"}],"curies":[{"name":"wp","href":"https:\/\/api.w.org\/{rel}","templated":true}]}}