{"id":4043,"date":"2026-01-25T15:20:21","date_gmt":"2026-01-25T14:20:21","guid":{"rendered":"https:\/\/parapharmacieenligne.ma\/?post_type=product&#038;p=4043"},"modified":"2026-01-25T15:22:58","modified_gmt":"2026-01-25T14:22:58","slug":"eric-favre-protein-vegan-triple-berry-500g","status":"publish","type":"product","link":"https:\/\/parapharmacieenligne.ma\/en\/product\/eric-favre-protein-vegan-triple-berry-500g\/","title":{"rendered":"Eric Favre Protein Vegan Triple Berry 500g"},"content":{"rendered":"<p>PROTEINES VEGAN est issu de 3 sources de prot\u00e9ines : le pois, le riz et la spiruline titr\u00e9e en chlorophylle. Prot\u00e9ines vegan est recommand\u00e9 dans le cadre d\u2019un programme d\u2019entretien musculaire. Il est \u00e9galement recommand\u00e9 pour toutes les personnes ne consommant pas assez de prot\u00e9ines ou ayant un besoin accru en prot\u00e9ines (v\u00e9g\u00e9tariens, sportifs&#8230;)<\/p>\n<p>Prot\u00e9ines vegan contient 80 % de prot\u00e9ines qui favorisent l\u2019augmentation et le maintien de la masse musculaire. Contient \u00e9galement du ModCarb<sup>\u2122<\/sup>, un m\u00e9lange de glucides issus de c\u00e9r\u00e9ales biologique (avoine, sarrasin, quinoa, amarante et millet).<\/p>\n<p><b>Conseils d\u2019utilisation<\/b><\/p>\n<p>Les jours d\u2019entra\u00eenement : prendre 1 mesure de 30g le matin puis avant et apr\u00e8s l\u2019entra\u00eenement pour apporter aux muscles les prot\u00e9ines n\u00e9cessaires pour le d\u00e9veloppement musculaire.<\/p>\n<p>Les jours de repos : prendre 2 mesures de 30g par jour, de pr\u00e9f\u00e9rence le matin et le soir.<\/p>\n<p>Pour pr\u00e9parer la boisson : 1 cuill\u00e8re doseuse 30g. Ajoutez 1 mesure de 30g dans 150 ml d\u2019eau ou 200 ml de <b>lait<\/b> \u00e9cr\u00e9m\u00e9, m\u00e9langez \u00e9nergiquement et d\u00e9gustez.<\/p>\n<p><b>Apports nutritionnels<\/b><\/p>\n<div align=\"left\">\n<table class=\"Table\" border=\"1\" cellpadding=\"5\">\n<tbody>\n<tr>\n<td>\n<div align=\"left&lt;br\"><\/div>\n<\/td>\n<td>Pour 100g<\/td>\n<td>Pour 30g<\/td>\n<td>%AR*<\/td>\n<\/tr>\n<tr>\n<td>Valeurs \u00e9nerg\u00e9tiques<\/td>\n<td>1733 kJ<\/p>\n<p>411 kcal<\/td>\n<td>520 kJ<\/p>\n<p>123 kcal<\/td>\n<td>6<\/td>\n<\/tr>\n<tr>\n<td>Mati\u00e8res grasses<\/p>\n<p>dont acides gras satur\u00e9s<\/td>\n<td>8.2g<\/p>\n<p>2g<\/td>\n<td>2.5 g<\/p>\n<p>0.6g<\/td>\n<td>4<\/p>\n<p>3<\/td>\n<\/tr>\n<tr>\n<td>Glucides<\/p>\n<p>dont sucres<\/td>\n<td>8.1g<\/p>\n<p>1g<\/td>\n<td>3.3g<\/p>\n<p>0g<\/td>\n<td>1<\/p>\n<p>0<\/td>\n<\/tr>\n<tr>\n<td>Fibres<\/td>\n<td>3.5g<\/td>\n<td>1.1g<\/td>\n<td><\/td>\n<\/tr>\n<tr>\n<td>Prot\u00e9ines<\/td>\n<td>79g<\/td>\n<td>22g<\/td>\n<td>44<\/td>\n<\/tr>\n<tr>\n<td>Sel<\/td>\n<td>3.8g<\/td>\n<td>1.1g<\/td>\n<td>18<\/td>\n<\/tr>\n<tr>\n<td>Spiruline<\/p>\n<p>dont Chlorophylle<\/p>\n<p>dont Phycocianine<\/td>\n<td>1g<\/p>\n<p>10 mg<\/p>\n<p>80 mg<\/td>\n<td>0.3g<\/p>\n<p>3 mg<\/p>\n<p>24 mg<\/td>\n<td><\/td>\n<\/tr>\n<\/tbody>\n<\/table>\n<p><b>Pr\u00e9cautions d\u2019emploi<\/b><\/p>\n<p>Se conformer aux conseils d\u2019utilisation. Tenir hors de port\u00e9e des jeunes enfants. A utiliser dans le cadre d\u2019une alimentation diversifi\u00e9e et d\u2019un mode de vie sain. Bien refermer le pot entre chaque utilisation. Conserver \u00e0 l\u2019abri de l\u2019humidit\u00e9.<\/p>\n<\/div>","protected":false},"excerpt":{"rendered":"<div id=\"desc4\">\n<h6 class=\"desc4\"><strong>Pour une prise de muscles 100% Vegan, Prot\u00e9ines v\u00e9g\u00e9tales, sans lait de vache<\/strong><\/h6>\n<\/div>\n<div class=\"short_desc2\">\n<div class=\"desc1\">Pot de 500g<\/p>\n<p>Saveur triple berry<\/p>\n<p>Adapt\u00e9 \u00e0 toute personne<\/p>\n<p>Apports protidiques tri-sources : pois, riz, spiruline<\/p>\n<p>Qualit\u00e9 et naturalit\u00e9 : ar\u00f4me naturel<\/p>\n<p>ModCarb : ingr\u00e9dient brevet\u00e9<\/p><\/div>\n<\/div>","protected":false},"featured_media":4105,"comment_status":"open","ping_status":"closed","template":"","meta":[],"product_cat":[92],"product_tag":[],"yith_product_brand":[94],"class_list":{"0":"post-4043","1":"product","2":"type-product","3":"status-publish","4":"has-post-thumbnail","6":"product_cat-complements-alimentaires","7":"yith_product_brand-eric-favre","9":"first","10":"instock","11":"sale","12":"shipping-taxable","13":"purchasable","14":"product-type-simple"},"_links":{"self":[{"href":"https:\/\/parapharmacieenligne.ma\/en\/wp-json\/wp\/v2\/product\/4043","targetHints":{"allow":["GET"]}}],"collection":[{"href":"https:\/\/parapharmacieenligne.ma\/en\/wp-json\/wp\/v2\/product"}],"about":[{"href":"https:\/\/parapharmacieenligne.ma\/en\/wp-json\/wp\/v2\/types\/product"}],"replies":[{"embeddable":true,"href":"https:\/\/parapharmacieenligne.ma\/en\/wp-json\/wp\/v2\/comments?post=4043"}],"version-history":[{"count":1,"href":"https:\/\/parapharmacieenligne.ma\/en\/wp-json\/wp\/v2\/product\/4043\/revisions"}],"predecessor-version":[{"id":4106,"href":"https:\/\/parapharmacieenligne.ma\/en\/wp-json\/wp\/v2\/product\/4043\/revisions\/4106"}],"wp:featuredmedia":[{"embeddable":true,"href":"https:\/\/parapharmacieenligne.ma\/en\/wp-json\/wp\/v2\/media\/4105"}],"wp:attachment":[{"href":"https:\/\/parapharmacieenligne.ma\/en\/wp-json\/wp\/v2\/media?parent=4043"}],"wp:term":[{"taxonomy":"product_cat","embeddable":true,"href":"https:\/\/parapharmacieenligne.ma\/en\/wp-json\/wp\/v2\/product_cat?post=4043"},{"taxonomy":"product_tag","embeddable":true,"href":"https:\/\/parapharmacieenligne.ma\/en\/wp-json\/wp\/v2\/product_tag?post=4043"},{"taxonomy":"yith_product_brand","embeddable":true,"href":"https:\/\/parapharmacieenligne.ma\/en\/wp-json\/wp\/v2\/yith_product_brand?post=4043"}],"curies":[{"name":"wp","href":"https:\/\/api.w.org\/{rel}","templated":true}]}}