{"id":4065,"date":"2026-01-25T15:20:51","date_gmt":"2026-01-25T14:20:51","guid":{"rendered":"https:\/\/parapharmacieenligne.ma\/?post_type=product&#038;p=4065"},"modified":"2026-01-25T15:24:20","modified_gmt":"2026-01-25T14:24:20","slug":"eric-favre-tisane-melatonine-20-sachets","status":"publish","type":"product","link":"https:\/\/parapharmacieenligne.ma\/en\/product\/eric-favre-tisane-melatonine-20-sachets\/","title":{"rendered":"Eric Favre &#8211; TISANE M\u00c9LATONINE 20 SACHETS"},"content":{"rendered":"<p data-start=\"285\" data-end=\"508\">La <strong data-start=\"288\" data-end=\"309\">Tisane M\u00e9latonine<\/strong> d\u2019<strong data-start=\"312\" data-end=\"326\">Eric Favre<\/strong> est un compl\u00e9ment alimentaire sous forme d\u2019infusion, sp\u00e9cialement con\u00e7u pour accompagner les personnes souffrant de <strong data-start=\"443\" data-end=\"466\">troubles du sommeil<\/strong> ou de <strong data-start=\"473\" data-end=\"505\">difficult\u00e9s d\u2019endormissement<\/strong>.<\/p>\n<p data-start=\"510\" data-end=\"717\">Sa formule associe de la <strong data-start=\"535\" data-end=\"549\">m\u00e9latonine<\/strong>, connue pour r\u00e9guler les cycles veille-sommeil, \u00e0 un complexe de <strong data-start=\"615\" data-end=\"637\">plantes apaisantes<\/strong> (m\u00e9lisse, verveine, tilleul\u2026) s\u00e9lectionn\u00e9es pour leurs propri\u00e9t\u00e9s relaxantes.<\/p>\n<p data-start=\"719\" data-end=\"918\">Cette synergie naturelle favorise une <strong data-start=\"757\" data-end=\"786\">d\u00e9tente en fin de journ\u00e9e<\/strong>, un <strong data-start=\"791\" data-end=\"821\">endormissement plus rapide<\/strong>, et aide \u00e0 <strong data-start=\"833\" data-end=\"868\">am\u00e9liorer la qualit\u00e9 du sommeil<\/strong>, sans accoutumance ni effet secondaire au r\u00e9veil.<\/p>\n<h4 data-start=\"920\" data-end=\"952\"><strong data-start=\"926\" data-end=\"952\">Bienfaits principaux :<\/strong><\/h4>\n<ul data-start=\"953\" data-end=\"1123\">\n<li data-start=\"953\" data-end=\"989\">\n<p data-start=\"955\" data-end=\"989\">Favorise l\u2019endormissement rapide<\/p>\n<\/li>\n<li data-start=\"990\" data-end=\"1027\">\n<p data-start=\"992\" data-end=\"1027\">Contribue \u00e0 un sommeil r\u00e9parateur<\/p>\n<\/li>\n<li data-start=\"1028\" data-end=\"1068\">\n<p data-start=\"1030\" data-end=\"1068\">Apaise le syst\u00e8me nerveux en douceur<\/p>\n<\/li>\n<li data-start=\"1069\" data-end=\"1123\">\n<p data-start=\"1071\" data-end=\"1123\">Id\u00e9al en cas de stress, jetlag ou troubles passagers<\/p>\n<\/li>\n<\/ul>\n<h4 data-start=\"1125\" data-end=\"1151\"><\/h4>\n<h4 data-start=\"1125\" data-end=\"1151\"><strong data-start=\"1132\" data-end=\"1149\">Conseils D&rsquo;utilisation :<\/strong><\/h4>\n<p data-start=\"1152\" data-end=\"1246\"> Infuser 1 sachet dans une tasse d\u2019eau chaude, \u00e0 consommer environ 30 minutes avant le coucher.<\/p>\n<p data-start=\"1152\" data-end=\"1246\">","protected":false},"excerpt":{"rendered":"<p><strong data-start=\"87\" data-end=\"121\">Tisane M\u00e9latonine d\u2019Eric Favre<\/strong> est une infusion naturelle \u00e0 base de plantes apaisantes et de m\u00e9latonine, id\u00e9ale pour faciliter l\u2019endormissement, am\u00e9liorer la qualit\u00e9 du sommeil et favoriser des nuits paisibles, sans accoutumance.<\/p>","protected":false},"featured_media":4131,"comment_status":"open","ping_status":"closed","template":"","meta":[],"product_cat":[92],"product_tag":[],"yith_product_brand":[94],"class_list":{"0":"post-4065","1":"product","2":"type-product","3":"status-publish","4":"has-post-thumbnail","6":"product_cat-complements-alimentaires","7":"yith_product_brand-eric-favre","9":"first","10":"instock","11":"sale","12":"shipping-taxable","13":"purchasable","14":"product-type-simple"},"_links":{"self":[{"href":"https:\/\/parapharmacieenligne.ma\/en\/wp-json\/wp\/v2\/product\/4065","targetHints":{"allow":["GET"]}}],"collection":[{"href":"https:\/\/parapharmacieenligne.ma\/en\/wp-json\/wp\/v2\/product"}],"about":[{"href":"https:\/\/parapharmacieenligne.ma\/en\/wp-json\/wp\/v2\/types\/product"}],"replies":[{"embeddable":true,"href":"https:\/\/parapharmacieenligne.ma\/en\/wp-json\/wp\/v2\/comments?post=4065"}],"version-history":[{"count":1,"href":"https:\/\/parapharmacieenligne.ma\/en\/wp-json\/wp\/v2\/product\/4065\/revisions"}],"predecessor-version":[{"id":4132,"href":"https:\/\/parapharmacieenligne.ma\/en\/wp-json\/wp\/v2\/product\/4065\/revisions\/4132"}],"wp:featuredmedia":[{"embeddable":true,"href":"https:\/\/parapharmacieenligne.ma\/en\/wp-json\/wp\/v2\/media\/4131"}],"wp:attachment":[{"href":"https:\/\/parapharmacieenligne.ma\/en\/wp-json\/wp\/v2\/media?parent=4065"}],"wp:term":[{"taxonomy":"product_cat","embeddable":true,"href":"https:\/\/parapharmacieenligne.ma\/en\/wp-json\/wp\/v2\/product_cat?post=4065"},{"taxonomy":"product_tag","embeddable":true,"href":"https:\/\/parapharmacieenligne.ma\/en\/wp-json\/wp\/v2\/product_tag?post=4065"},{"taxonomy":"yith_product_brand","embeddable":true,"href":"https:\/\/parapharmacieenligne.ma\/en\/wp-json\/wp\/v2\/yith_product_brand?post=4065"}],"curies":[{"name":"wp","href":"https:\/\/api.w.org\/{rel}","templated":true}]}}