{"id":4073,"date":"2026-01-25T15:21:21","date_gmt":"2026-01-25T14:21:21","guid":{"rendered":"https:\/\/parapharmacieenligne.ma\/?post_type=product&#038;p=4073"},"modified":"2026-01-25T15:24:34","modified_gmt":"2026-01-25T14:24:34","slug":"eric-favre-prenactif-b9-60-gelules","status":"publish","type":"product","link":"https:\/\/parapharmacieenligne.ma\/en\/product\/eric-favre-prenactif-b9-60-gelules\/","title":{"rendered":"Eric Favre &#8211; PRENACTIF B9 60 G\u00c9LULES"},"content":{"rendered":"<p data-start=\"281\" data-end=\"628\"><strong data-start=\"281\" data-end=\"297\">PrenActif B9<\/strong> est un compl\u00e9ment alimentaire formul\u00e9 pour r\u00e9pondre aux besoins sp\u00e9cifiques des <strong data-start=\"378\" data-end=\"413\">femmes en p\u00e9riode de conception<\/strong> et durant la <strong data-start=\"427\" data-end=\"440\">grossesse<\/strong>. Riche en <strong data-start=\"451\" data-end=\"482\">vitamine B9 (acide folique)<\/strong> sous forme active et biodisponible, il contribue \u00e0 la <strong data-start=\"537\" data-end=\"572\">croissance des tissus maternels<\/strong> et au <strong data-start=\"579\" data-end=\"627\">d\u00e9veloppement normal du tube neural du f\u0153tus<\/strong>.<\/p>\n<p data-start=\"630\" data-end=\"818\">La prise de folates est essentielle avant la conception et pendant le premier trimestre de grossesse, afin de <strong data-start=\"740\" data-end=\"779\">pr\u00e9venir les anomalies cong\u00e9nitales<\/strong> et <strong data-start=\"783\" data-end=\"815\">soutenir une grossesse saine<\/strong>.<\/p>\n<h5 data-start=\"630\" data-end=\"818\"> Bienfaits Principeaux:<\/h5>\n<ul>\n<li data-start=\"853\" data-end=\"906\">\n<p data-start=\"855\" data-end=\"906\">Soutient la fertilit\u00e9 et la fonction reproductive<\/p>\n<\/li>\n<li data-start=\"907\" data-end=\"953\">\n<p data-start=\"909\" data-end=\"953\">Contribue au d\u00e9veloppement normal du f\u0153tus<\/p>\n<\/li>\n<li data-start=\"954\" data-end=\"1013\">\n<p data-start=\"956\" data-end=\"1013\">Aide \u00e0 la formation du sang et \u00e0 la division cellulaire<\/p>\n<\/li>\n<li data-start=\"954\" data-end=\"1013\">\n<p data-start=\"956\" data-end=\"1013\">R\u00e9duit le risque d\u2019anomalies du tube neural<\/p>\n<\/li>\n<\/ul>\n<p>&nbsp;<\/p>\n<h5 data-start=\"1236\" data-end=\"1271\"><strong data-start=\"1243\" data-end=\"1269\"> Conseils D&rsquo;utilisation :<\/strong><\/h5>\n<p data-start=\"1272\" data-end=\"1380\">Disponible en <strong data-start=\"1286\" data-end=\"1314\">g\u00e9lules faciles \u00e0 avaler<\/strong>. Posologie recommand\u00e9e : 1 g\u00e9lule par jour ou selon avis m\u00e9dical.<\/p>\n<p data-start=\"1272\" data-end=\"1380\">","protected":false},"excerpt":{"rendered":"<p><strong data-start=\"88\" data-end=\"104\">PrenActif B9<\/strong> est un compl\u00e9ment alimentaire \u00e0 base de <strong data-start=\"145\" data-end=\"167\">vitamine B9 active<\/strong>, con\u00e7u pour accompagner les femmes avant et pendant la grossesse. Il soutient la <strong data-start=\"249\" data-end=\"262\">fertilit\u00e9<\/strong>, la <strong data-start=\"267\" data-end=\"302\">croissance des tissus maternels<\/strong> et le <strong data-start=\"309\" data-end=\"342\" data-is-only-node=\"\">d\u00e9veloppement normal du f\u0153tus<\/strong>.<\/p>","protected":false},"featured_media":4134,"comment_status":"open","ping_status":"closed","template":"","meta":[],"product_cat":[92],"product_tag":[],"yith_product_brand":[94],"class_list":{"0":"post-4073","1":"product","2":"type-product","3":"status-publish","4":"has-post-thumbnail","6":"product_cat-complements-alimentaires","7":"yith_product_brand-eric-favre","9":"first","10":"instock","11":"sale","12":"shipping-taxable","13":"purchasable","14":"product-type-simple"},"_links":{"self":[{"href":"https:\/\/parapharmacieenligne.ma\/en\/wp-json\/wp\/v2\/product\/4073","targetHints":{"allow":["GET"]}}],"collection":[{"href":"https:\/\/parapharmacieenligne.ma\/en\/wp-json\/wp\/v2\/product"}],"about":[{"href":"https:\/\/parapharmacieenligne.ma\/en\/wp-json\/wp\/v2\/types\/product"}],"replies":[{"embeddable":true,"href":"https:\/\/parapharmacieenligne.ma\/en\/wp-json\/wp\/v2\/comments?post=4073"}],"version-history":[{"count":1,"href":"https:\/\/parapharmacieenligne.ma\/en\/wp-json\/wp\/v2\/product\/4073\/revisions"}],"predecessor-version":[{"id":4135,"href":"https:\/\/parapharmacieenligne.ma\/en\/wp-json\/wp\/v2\/product\/4073\/revisions\/4135"}],"wp:featuredmedia":[{"embeddable":true,"href":"https:\/\/parapharmacieenligne.ma\/en\/wp-json\/wp\/v2\/media\/4134"}],"wp:attachment":[{"href":"https:\/\/parapharmacieenligne.ma\/en\/wp-json\/wp\/v2\/media?parent=4073"}],"wp:term":[{"taxonomy":"product_cat","embeddable":true,"href":"https:\/\/parapharmacieenligne.ma\/en\/wp-json\/wp\/v2\/product_cat?post=4073"},{"taxonomy":"product_tag","embeddable":true,"href":"https:\/\/parapharmacieenligne.ma\/en\/wp-json\/wp\/v2\/product_tag?post=4073"},{"taxonomy":"yith_product_brand","embeddable":true,"href":"https:\/\/parapharmacieenligne.ma\/en\/wp-json\/wp\/v2\/yith_product_brand?post=4073"}],"curies":[{"name":"wp","href":"https:\/\/api.w.org\/{rel}","templated":true}]}}