{"id":4074,"date":"2026-01-25T15:21:22","date_gmt":"2026-01-25T14:21:22","guid":{"rendered":"https:\/\/parapharmacieenligne.ma\/?post_type=product&#038;p=4074"},"modified":"2026-01-25T15:24:41","modified_gmt":"2026-01-25T14:24:41","slug":"eric-favre-pure-white-1000mg-10-unicadoses-de-15ml","status":"publish","type":"product","link":"https:\/\/parapharmacieenligne.ma\/en\/product\/eric-favre-pure-white-1000mg-10-unicadoses-de-15ml\/","title":{"rendered":"Eric Favre PURE WHITE+ 1000mg (10 unicadoses\u00ae de 15ml)"},"content":{"rendered":"<p data-start=\"171\" data-end=\"443\">D\u00e9couvrez <strong>Pure White +<\/strong>, votre nouvel alli\u00e9 pour une peau \u00e9clatante et rayonnante de sant\u00e9. Ce compl\u00e9ment alimentaire innovant associe le L-glutathion, reconnu pour son pouvoir antioxydant exceptionnel, \u00e0 un m\u00e9lange soigneusement s\u00e9lectionn\u00e9 de plantes et d\u2019actifs naturels tels que la myrtille, la grenade, et le pin sylvestre. Ensemble, ces ingr\u00e9dients agissent en synergie pour prot\u00e9ger votre peau du stress oxydatif, uniformiser son teint et r\u00e9v\u00e9ler son plus beau glow.<\/p>\n<p>Gr\u00e2ce \u00e0 sa formule ultra-concentr\u00e9e et nomade, chaque monodose de Pure White + vous offre un v\u00e9ritable cocktail de bienfaits pour une routine beaut\u00e9 simple et efficace. La vitamine C booste la production d\u2019\u00e9lastine pour une peau plus ferme et lisse, tandis que le zinc soutient sa r\u00e9g\u00e9n\u00e9ration naturelle et r\u00e9duit les inflammations. Le tout sublim\u00e9 par un d\u00e9licieux go\u00fbt fruit\u00e9 \u00e0 l\u2019ar\u00f4me de myrtille, pour allier plaisir et efficacit\u00e9.<\/p>\n<p>Adoptez Pure White + et laissez votre peau respirer la sant\u00e9 et la vitalit\u00e9, jour apr\u00e8s jour. Parce que chaque \u00e9clat compte, faites de ce compl\u00e9ment alimentaire votre indispensable beaut\u00e9 pour sublimer votre routine quotidienne.<\/p>\n<h4 data-start=\"171\" data-end=\"443\"><strong>Condition d&rsquo;utilisation :<\/strong><\/h4>\n<p data-start=\"171\" data-end=\"443\">Phase d\u2019attaque : prendre 2 monodoses (30 mL) par jour pures ou dilu\u00e9es.<\/p>\n<p>Phase d\u2019entretien : prendre 1 monodose (15 mL) par jour pure ou dilu\u00e9e. Agiter avant emploi.<\/p>\n<p>&nbsp;<\/p>","protected":false},"excerpt":{"rendered":"<p><strong data-start=\"108\" data-end=\"131\">Pure White+ 1000 mg<\/strong> est un compl\u00e9ment alimentaire \u00e9clat beaut\u00e9 \u00e0 base de glutathion, vitamine C, acide hyaluronique et extraits v\u00e9g\u00e9taux. Il aide \u00e0 unifier le teint, r\u00e9duire les taches pigmentaires et raviver l\u2019\u00e9clat de la peau de l\u2019int\u00e9rieur.<\/p>","protected":false},"featured_media":4136,"comment_status":"open","ping_status":"closed","template":"","meta":[],"product_cat":[92],"product_tag":[],"yith_product_brand":[94],"class_list":{"0":"post-4074","1":"product","2":"type-product","3":"status-publish","4":"has-post-thumbnail","6":"product_cat-complements-alimentaires","7":"yith_product_brand-eric-favre","9":"first","10":"instock","11":"sale","12":"shipping-taxable","13":"purchasable","14":"product-type-simple"},"_links":{"self":[{"href":"https:\/\/parapharmacieenligne.ma\/en\/wp-json\/wp\/v2\/product\/4074","targetHints":{"allow":["GET"]}}],"collection":[{"href":"https:\/\/parapharmacieenligne.ma\/en\/wp-json\/wp\/v2\/product"}],"about":[{"href":"https:\/\/parapharmacieenligne.ma\/en\/wp-json\/wp\/v2\/types\/product"}],"replies":[{"embeddable":true,"href":"https:\/\/parapharmacieenligne.ma\/en\/wp-json\/wp\/v2\/comments?post=4074"}],"version-history":[{"count":1,"href":"https:\/\/parapharmacieenligne.ma\/en\/wp-json\/wp\/v2\/product\/4074\/revisions"}],"predecessor-version":[{"id":4137,"href":"https:\/\/parapharmacieenligne.ma\/en\/wp-json\/wp\/v2\/product\/4074\/revisions\/4137"}],"wp:featuredmedia":[{"embeddable":true,"href":"https:\/\/parapharmacieenligne.ma\/en\/wp-json\/wp\/v2\/media\/4136"}],"wp:attachment":[{"href":"https:\/\/parapharmacieenligne.ma\/en\/wp-json\/wp\/v2\/media?parent=4074"}],"wp:term":[{"taxonomy":"product_cat","embeddable":true,"href":"https:\/\/parapharmacieenligne.ma\/en\/wp-json\/wp\/v2\/product_cat?post=4074"},{"taxonomy":"product_tag","embeddable":true,"href":"https:\/\/parapharmacieenligne.ma\/en\/wp-json\/wp\/v2\/product_tag?post=4074"},{"taxonomy":"yith_product_brand","embeddable":true,"href":"https:\/\/parapharmacieenligne.ma\/en\/wp-json\/wp\/v2\/yith_product_brand?post=4074"}],"curies":[{"name":"wp","href":"https:\/\/api.w.org\/{rel}","templated":true}]}}