{"id":4148,"date":"2026-01-25T15:41:30","date_gmt":"2026-01-25T14:41:30","guid":{"rendered":"https:\/\/parapharmacieenligne.ma\/?post_type=product&#038;p=4148"},"modified":"2026-01-25T15:42:06","modified_gmt":"2026-01-25T14:42:06","slug":"alphanova-spray-cheveux-a-la-lavande-anti-poux-50ml","status":"publish","type":"product","link":"https:\/\/parapharmacieenligne.ma\/en\/product\/alphanova-spray-cheveux-a-la-lavande-anti-poux-50ml\/","title":{"rendered":"ALPHANOVA Spray cheveux \u00e0 la lavande (anti-poux) 50ml"},"content":{"rendered":"<p>Spray coiffant et parfumant certifi\u00e9 biologique \u00e0 l\u2019eau florale de lavande bio et aux huiles essentielles d\u2019eucalyptus, de g\u00e9ranium rosat et de tea tree. La lavande est une plante tr\u00e8s odorante qui est utilis\u00e9e en pr\u00e9vention, pour \u00e9viter d\u2019attraper les poux. Ce produit n\u2019est pas un biocide. Pour l\u2019\u00e9limination des poux utilisez la lotion traitante<strong> ZEROPOU. <\/strong><\/p>\n<p><b>Comment se d\u00e9barrasser des poux ?<\/b><\/p>\n<p><strong>Conseils d&rsquo;utilisation :<\/strong><\/p>\n<p>Vaporiser quotidiennement directement sur les cheveux.<\/p>\n<p>Eviter tout contact avec les yeux.<\/p>\n<p><strong>Ingr\u00e9dients :<\/strong><\/p>\n<p>Aqua, Lavandula angustifolia flower water*, Propanediol, Sodium coco-sulfate, Eucalyptus staigeriana leaf oil*, Lavandula angustifolia oil*, Pelargonium graveolens oil*, Melaleuca alternifolia leaf oil*, Gluconolactone, Sorbitol, Xylitol, Calcium gluconate, Sodium benzaote, Sodium hydroxide, Linalool, Limonene, Citral, Citronellol, Geraniol<\/p>\n<p>*ingr\u00e9dients issus de l\u2019agriculture biologique<\/p>\n<p>99.7% du total des ingr\u00e9dients sont d\u2019origine naturelle.<\/p>\n<p>43.1% du total des ingr\u00e9dients sont issus de l\u2019agriculture biologique.<\/p>","protected":false},"excerpt":{"rendered":"<p>Spray coiffant et parfumant certifi\u00e9 biologique \u00e0 l\u2019eau florale de lavande bio et aux huiles essentielles d\u2019eucalyptus, de g\u00e9ranium rosat et de tea tree. La lavande est une plante tr\u00e8s odorante qui est utilis\u00e9e en pr\u00e9vention, pour \u00e9viter d\u2019attraper les poux.<\/p>","protected":false},"featured_media":4178,"comment_status":"open","ping_status":"closed","template":"","meta":[],"product_cat":[84],"product_tag":[],"yith_product_brand":[95],"class_list":{"0":"post-4148","1":"product","2":"type-product","3":"status-publish","4":"has-post-thumbnail","6":"product_cat-soins-cheveux","7":"yith_product_brand-alphanova","9":"first","10":"instock","11":"sale","12":"shipping-taxable","13":"purchasable","14":"product-type-simple"},"_links":{"self":[{"href":"https:\/\/parapharmacieenligne.ma\/en\/wp-json\/wp\/v2\/product\/4148","targetHints":{"allow":["GET"]}}],"collection":[{"href":"https:\/\/parapharmacieenligne.ma\/en\/wp-json\/wp\/v2\/product"}],"about":[{"href":"https:\/\/parapharmacieenligne.ma\/en\/wp-json\/wp\/v2\/types\/product"}],"replies":[{"embeddable":true,"href":"https:\/\/parapharmacieenligne.ma\/en\/wp-json\/wp\/v2\/comments?post=4148"}],"version-history":[{"count":1,"href":"https:\/\/parapharmacieenligne.ma\/en\/wp-json\/wp\/v2\/product\/4148\/revisions"}],"predecessor-version":[{"id":4179,"href":"https:\/\/parapharmacieenligne.ma\/en\/wp-json\/wp\/v2\/product\/4148\/revisions\/4179"}],"wp:featuredmedia":[{"embeddable":true,"href":"https:\/\/parapharmacieenligne.ma\/en\/wp-json\/wp\/v2\/media\/4178"}],"wp:attachment":[{"href":"https:\/\/parapharmacieenligne.ma\/en\/wp-json\/wp\/v2\/media?parent=4148"}],"wp:term":[{"taxonomy":"product_cat","embeddable":true,"href":"https:\/\/parapharmacieenligne.ma\/en\/wp-json\/wp\/v2\/product_cat?post=4148"},{"taxonomy":"product_tag","embeddable":true,"href":"https:\/\/parapharmacieenligne.ma\/en\/wp-json\/wp\/v2\/product_tag?post=4148"},{"taxonomy":"yith_product_brand","embeddable":true,"href":"https:\/\/parapharmacieenligne.ma\/en\/wp-json\/wp\/v2\/yith_product_brand?post=4148"}],"curies":[{"name":"wp","href":"https:\/\/api.w.org\/{rel}","templated":true}]}}