{"id":4149,"date":"2026-01-25T15:41:31","date_gmt":"2026-01-25T14:41:31","guid":{"rendered":"https:\/\/parapharmacieenligne.ma\/?post_type=product&#038;p=4149"},"modified":"2026-01-25T15:42:42","modified_gmt":"2026-01-25T14:42:42","slug":"alphanova-shampooing-a-la-lavande-anti-poux-200ml","status":"publish","type":"product","link":"https:\/\/parapharmacieenligne.ma\/en\/product\/alphanova-shampooing-a-la-lavande-anti-poux-200ml\/","title":{"rendered":"ALPHANOVA Shampooing \u00e0 la lavande (anti-poux) 200ml"},"content":{"rendered":"<p>Shampooing aux huiles essentielles de lavande, de g\u00e9ranium rosat et de tea tree \u00e0 utiliser avant ou apr\u00e8s la lotion traitante ZEROPOU. Ce soin d\u2019origine naturelle enrichi en aloe vera bio et en extrait de coton, est tr\u00e8s doux pour les cheveux et le cuir chevelu. La lavande est utilis\u00e9e en pr\u00e9vention, pour \u00e9viter d\u2019attraper des poux. <strong>Pour l\u2019\u00e9limination des poux utilisez la lotion traitante ZEROPOU.<\/strong><\/p>\n<p><strong>Conseils d&rsquo;utilisation :<\/strong><\/p>\n<p>Utiliser comme un shampooing classique sur les cheveux mouill\u00e9s. Rincer abondamment \u00e0 l\u2019eau. A utiliser \u00e0 partir de 3 ans. En cas de contact avec les yeux, rincer imm\u00e9diatement \u00e0 l\u2019eau.<\/p>\n<p><strong>Ingr\u00e9dients : <\/strong><\/p>\n<p>Aqua, Lavandula angustifolia flower water*, Decyl glucoside, Sodium coco-sulfate, Glycerin, Lauryl glucoside, Aloe barbadensis leaf juice powder*, Pelargonium graveolens oil*, Cympopogon martini herb oil*, Lavandula angustifolia oil*, Melaleuca alternifolia leaf oil*, Gossypium herbaceum extract*, Cocamidopropyl betaine, Coco-glucoside, Glyceryl oleate, Sodium benzoate, Potassium sorbate, Parfum, Sodium chloride, Bisabolol*, Tocopherol, Hydrogenated palm glycerides citritate, Citric acid, Geraniol, Citronellol, Linalool, Limonene, Citral.<\/p>\n<p>*ingr\u00e9dients issus de l\u2019agriculture biologique<\/p>\n<p>99.2% du total des ingr\u00e9dients sont d\u2019origine naturelle.<\/p>\n<p>20.5% du total des ingr\u00e9dients sont issus de l\u2019agriculture biologique.<\/p>","protected":false},"excerpt":{"rendered":"<p>Shampooing aux huiles essentielles de lavande, de g\u00e9ranium rosat et de tea tree \u00e0 utiliser avant ou apr\u00e8s la lotion traitante ZEROPOU. Ce soin d\u2019origine naturelle enrichi en aloe vera bio et en extrait de coton, est tr\u00e8s doux pour les cheveux et le cuir chevelu. La lavande est utilis\u00e9e en pr\u00e9vention, pour \u00e9viter d\u2019attraper des poux. <strong>Pour l\u2019\u00e9limination des poux utilisez la lotion traitante ZEROPOU.<\/strong><\/p>","protected":false},"featured_media":4182,"comment_status":"open","ping_status":"closed","template":"","meta":[],"product_cat":[84],"product_tag":[],"yith_product_brand":[95],"class_list":{"0":"post-4149","1":"product","2":"type-product","3":"status-publish","4":"has-post-thumbnail","6":"product_cat-soins-cheveux","7":"yith_product_brand-alphanova","9":"first","10":"instock","11":"sale","12":"shipping-taxable","13":"purchasable","14":"product-type-simple"},"_links":{"self":[{"href":"https:\/\/parapharmacieenligne.ma\/en\/wp-json\/wp\/v2\/product\/4149","targetHints":{"allow":["GET"]}}],"collection":[{"href":"https:\/\/parapharmacieenligne.ma\/en\/wp-json\/wp\/v2\/product"}],"about":[{"href":"https:\/\/parapharmacieenligne.ma\/en\/wp-json\/wp\/v2\/types\/product"}],"replies":[{"embeddable":true,"href":"https:\/\/parapharmacieenligne.ma\/en\/wp-json\/wp\/v2\/comments?post=4149"}],"version-history":[{"count":1,"href":"https:\/\/parapharmacieenligne.ma\/en\/wp-json\/wp\/v2\/product\/4149\/revisions"}],"predecessor-version":[{"id":4183,"href":"https:\/\/parapharmacieenligne.ma\/en\/wp-json\/wp\/v2\/product\/4149\/revisions\/4183"}],"wp:featuredmedia":[{"embeddable":true,"href":"https:\/\/parapharmacieenligne.ma\/en\/wp-json\/wp\/v2\/media\/4182"}],"wp:attachment":[{"href":"https:\/\/parapharmacieenligne.ma\/en\/wp-json\/wp\/v2\/media?parent=4149"}],"wp:term":[{"taxonomy":"product_cat","embeddable":true,"href":"https:\/\/parapharmacieenligne.ma\/en\/wp-json\/wp\/v2\/product_cat?post=4149"},{"taxonomy":"product_tag","embeddable":true,"href":"https:\/\/parapharmacieenligne.ma\/en\/wp-json\/wp\/v2\/product_tag?post=4149"},{"taxonomy":"yith_product_brand","embeddable":true,"href":"https:\/\/parapharmacieenligne.ma\/en\/wp-json\/wp\/v2\/yith_product_brand?post=4149"}],"curies":[{"name":"wp","href":"https:\/\/api.w.org\/{rel}","templated":true}]}}