{"id":4151,"date":"2026-01-25T15:41:31","date_gmt":"2026-01-25T14:41:31","guid":{"rendered":"https:\/\/parapharmacieenligne.ma\/?post_type=product&#038;p=4151"},"modified":"2026-01-25T15:43:47","modified_gmt":"2026-01-25T14:43:47","slug":"alphanova-spray-solaire-familial-certifie-bio","status":"publish","type":"product","link":"https:\/\/parapharmacieenligne.ma\/en\/product\/alphanova-spray-solaire-familial-certifie-bio\/","title":{"rendered":"ALPHANOVA Spray solaire familial c\u00e9rtifi\u00e9 Bio"},"content":{"rendered":"<p>D\u00e9couvrez le nouveau spray solaire familial ALPHANOVA organic SUN\u00ae. Ce nouveau n\u00e9 au sein de la gamme se d\u00e9marque de deux fa\u00e7ons. Premi\u00e8rement, avec un flacon beaucoup plus \u00e9cologique en aluminium recycl\u00e9 et recyclable, qui permet de r\u00e9duire de 70% la quantit\u00e9 de plastique utilis\u00e9 pour un flacon de cette dimension.<\/p>\n<p>Deuxi\u00e8mement, avec son nouveau parfum coco hypoallerg\u00e9nique adapt\u00e9 aux peaux les plus sensibles et r\u00e9actives. Ce d\u00e9licieux parfum naturel de coco vous transportera en un geste sur les plages tropicales.<\/p>\n<p>Une protection solaire bio universelle \u00e0 glisser dans son sac de plage, qui sera id\u00e9ale pour prot\u00e9ger la peau de toute la famille de 1 \u00e0 100 ans. Son format g\u00e9n\u00e9reux permet une utilisation par tous, des plus petits au plus grands. Une texture fluide qui s\u2019applique facilement, et qui enveloppe la peau d\u2019un parfum paradisiaque aux notes de Coco.<\/p>\n<p>En ce qui concerne la composition, il s\u2019agit d\u2019une formule sans filtres chimiques, sans paraben, sans conservateurs chimiques ni oxyde de zinc. Une cr\u00e8me solaire parfum\u00e9e hypoallerg\u00e9nique test\u00e9e sous contr\u00f4le dermatologique qui conviendra parfaitement aux peaux les plus sensibles et r\u00e9actives.<\/p>\n<p>Ce spray solaire format familial assure une haute protection solaire contre les UVA \/ UVB avec un indice de protection 50. Une formule transparente, sans traces blanches enrichie en aloe vera bio et en huile de jojoba bio.<\/p>\n<p><strong>LES AVANTAGES DE CE SPRAY SOLAIRE FAMILIAL HAUTE PROTECTION SPF50 :<\/strong><\/p>\n<ul>\n<li>FORMAT FAMILIAL 150g<\/li>\n<li>FLACON EN ALUMINIUM RECYCL\u00c9 &amp; RECYCLABLE<\/li>\n<li>HAUTE PROTECTION SOLAIRE UVA\/UVB SPF50<\/li>\n<li>NOUVEAU PARFUM COCO HYPOALLERG\u00c9NIQUE<\/li>\n<li>PROTECTION IMM\u00c9DIATE<\/li>\n<li>SANS TRACES BLANCHES<\/li>\n<li>FORMULE RESPECTUEUSE DE L\u2019ENVIRONNEMENT<\/li>\n<li>WATERPROOF<\/li>\n<li>SANS FILTRES CHIMIQUES, SANS CONSERVATEURS CHIMIQUES, SANS PARABEN<\/li>\n<\/ul>\n<p><strong>D\u00c9COUVREZ NOTRE ENGAGEMENT 1% POUR LE CORAIL.<\/strong><\/p>\n<p>Flacon en aluminium recycl\u00e9 150g<\/p>\n<p><strong>CONSEILS D\u2019UTILISATION DE CETTE CR\u00c8ME SOLAIRE :<\/strong><\/p>\n<p>Spray solaire familial haute protection SPF50 visage et corps. Appliquez g\u00e9n\u00e9reusement, avant l\u2019exposition au soleil, sur les zones expos\u00e9es. Renouvelez fr\u00e9quemment l\u2019application entre les baignades ou apr\u00e8s vous \u00eatre essuy\u00e9. N\u2019exposez pas les b\u00e9b\u00e9 et les jeunes enfants directement au soleil. Leur faire porter tee-shirt, lunettes et chapeau. \u00c9vitez les expositions au soleil entre 11h et 15h. La surexposition au soleil n\u2019est pas bonne pour la sant\u00e9.<\/p>\n<p><strong>COMPOSITION DE CETTE CR\u00c8ME SOLAIRE \u00c9COLOGIQUE<\/strong><\/p>\n<p>Dicaprylyl Carbonate, Caprylic\/Capric Triglyceride, Aqua, Titanium Dioxide [nano]**, Glycerin, Coconut Alkanes, Simmondsia Chinensis Seed Oil*, Polyglyceryl-3 Diisostearate, Polyglyceryl-2 Dipolyhydroxystearate, Polyhydroxystearic Acid, Calophyllum Inophyllum Seed Oil*, Magnesium Sulfate, Sodium Chloride, Stearic Acid, Aloe Barbadensis Leaf Juice Powder*, Aluminum Hydroxide, Sodium Levulinate, Parfum, Coco-Caprylate\/Caprate, Glyceryl Caprylate, Alumina, Sodium Anisate, Tocopherol, Citric Acid.<\/p>\n<p>*Ingr\u00e9dient issu de l\u2019agriculture biologique.<\/p>\n<p>98% du total est d\u2019origine naturelle.<\/p>\n<p>20% du total des ingr\u00e9dients sont issus de l\u2019agriculture biologique.<\/p>\n","protected":false},"excerpt":{"rendered":"<p>D\u00e9couvrez le nouveau spray solaire familial ALPHANOVA SUN\u00ae. Ce nouveau n\u00e9 au sein de la gamme se d\u00e9marque de deux fa\u00e7ons. Premi\u00e8rement, avec un flacon beaucoup plus \u00e9cologique en aluminium recycl\u00e9 et recyclable, qui permet de r\u00e9duire de 70% la quantit\u00e9 de plastique utilis\u00e9 pour un flacon de cette dimension.<\/p>","protected":false},"featured_media":4190,"comment_status":"open","ping_status":"closed","template":"","meta":[],"product_cat":[86],"product_tag":[],"yith_product_brand":[95],"class_list":{"0":"post-4151","1":"product","2":"type-product","3":"status-publish","4":"has-post-thumbnail","6":"product_cat-protection-solaire","7":"yith_product_brand-alphanova","9":"first","10":"instock","11":"sale","12":"shipping-taxable","13":"purchasable","14":"product-type-simple"},"_links":{"self":[{"href":"https:\/\/parapharmacieenligne.ma\/en\/wp-json\/wp\/v2\/product\/4151","targetHints":{"allow":["GET"]}}],"collection":[{"href":"https:\/\/parapharmacieenligne.ma\/en\/wp-json\/wp\/v2\/product"}],"about":[{"href":"https:\/\/parapharmacieenligne.ma\/en\/wp-json\/wp\/v2\/types\/product"}],"replies":[{"embeddable":true,"href":"https:\/\/parapharmacieenligne.ma\/en\/wp-json\/wp\/v2\/comments?post=4151"}],"version-history":[{"count":1,"href":"https:\/\/parapharmacieenligne.ma\/en\/wp-json\/wp\/v2\/product\/4151\/revisions"}],"predecessor-version":[{"id":4191,"href":"https:\/\/parapharmacieenligne.ma\/en\/wp-json\/wp\/v2\/product\/4151\/revisions\/4191"}],"wp:featuredmedia":[{"embeddable":true,"href":"https:\/\/parapharmacieenligne.ma\/en\/wp-json\/wp\/v2\/media\/4190"}],"wp:attachment":[{"href":"https:\/\/parapharmacieenligne.ma\/en\/wp-json\/wp\/v2\/media?parent=4151"}],"wp:term":[{"taxonomy":"product_cat","embeddable":true,"href":"https:\/\/parapharmacieenligne.ma\/en\/wp-json\/wp\/v2\/product_cat?post=4151"},{"taxonomy":"product_tag","embeddable":true,"href":"https:\/\/parapharmacieenligne.ma\/en\/wp-json\/wp\/v2\/product_tag?post=4151"},{"taxonomy":"yith_product_brand","embeddable":true,"href":"https:\/\/parapharmacieenligne.ma\/en\/wp-json\/wp\/v2\/yith_product_brand?post=4151"}],"curies":[{"name":"wp","href":"https:\/\/api.w.org\/{rel}","templated":true}]}}