{"id":4155,"date":"2026-01-25T15:41:32","date_gmt":"2026-01-25T14:41:32","guid":{"rendered":"https:\/\/parapharmacieenligne.ma\/?post_type=product&#038;p=4155"},"modified":"2026-01-25T15:45:53","modified_gmt":"2026-01-25T14:45:53","slug":"alphanova-lingettes-bebe-nettoyantes-sans-parfum-olive-60-unites","status":"publish","type":"product","link":"https:\/\/parapharmacieenligne.ma\/en\/product\/alphanova-lingettes-bebe-nettoyantes-sans-parfum-olive-60-unites\/","title":{"rendered":"ALPHANOVA Lingettes b\u00e9b\u00e9 nettoyantes sans parfum \u2013 Olive &#8211; 60 unit\u00e9s"},"content":{"rendered":"<p>Pour ses lingettes b\u00e9b\u00e9, ALPHANOVA b\u00e9b\u00e9 \u00ae fait le choix du Bilan <span class=\"s1\">Carbon<\/span>, du bilan hydrique <span class=\"s2\">et de la <\/span>biod\u00e9gradabilit\u00e9. Les lingettes b\u00e9b\u00e9 utilisent de la <span class=\"s1\"><strong>viscose 100% naturelle<\/strong> issue du bois. <\/span><span class=\"s2\">Le bois est <\/span>naturellement fixateur de CO2<span class=\"s2\">, il <\/span>consomme beaucoup moins <span class=\"s1\">d\u2019eau <\/span>que la culture du coton et n\u00e9cessite <span class=\"s1\">moins de transport <\/span>que le coton. <strong>La Viscose est aussi 100% Biod\u00e9gradable<\/strong> (disparition en moins de trois semaines dans la terre). Ces lingettes sont certifi\u00e9e Cosmos Natural par ECOCERT.<\/p>\n<p>Ces <strong>lingettes b\u00e9b\u00e9 sont \u00e9paisses, extra douces et ultra r\u00e9sistantes<\/strong>. Elles sont parfaites pour <strong>nettoyer les fesses, les mains, le visage et le corps de b\u00e9b\u00e9 en douceur<\/strong>. Indispensables lors de la <strong>toilette<\/strong> et du <strong>change<\/strong>. Elles sont 100% d\u2019origine v\u00e9g\u00e9tale en viscose, enrichies en huile d\u2019olive vierge BIO et en aloe vera BIO <strong>hydratants<\/strong> et <strong>apaisants.<\/strong> Ces lingettes sont formul\u00e9es <strong>sans parfum, sans alcool, sans paraben, sans sulfate et sans phenoxyethanol.<\/strong><\/p>\n<p>Elles sont <strong>hypoallerg\u00e9niques<\/strong> et test\u00e9es sous contr\u00f4le dermatologique. Elles respectent la peau fragile de b\u00e9b\u00e9 et sont utilisables d\u00e8s la naissance.<\/p>\n<p>Paquet de 60 lingettes<\/p>\n<p><strong>CONSEILS D\u2019UTILISATION des lingettes b\u00e9b\u00e9 sans parfum :<\/strong><\/p>\n<p>Ne pas jeter dans les toilettes. Ne pas utiliser sur une peau irrit\u00e9e ou sur une plaie. Refermer soigneusement apr\u00e8s chaque utilisation.<\/p>\n<p>Composition des lingettes b\u00e9b\u00e9 sans parfum :<\/p>\n<p>Aqua, Olea Europaea Fruit Oil*, Aloe Barbadensis Leaf Juice Powder*, Glycerin, Polyglyceryl-3 Cocoate, Polyglyceryl-4 Caprate, Polyglyceryl-6 Caprylate, Polyglyceryl-6 Ricinoleate, Levulinic Acid, Sodium Benzoate, Acacia Senegal Gum, Sodium Levulinate, Xanthan Gum, Tocopherol, Helianthus Annuus Seed Oil, Sodium Hydroxide<\/p>\n<p>99.7% du total est d\u2019origine naturelle.<\/p>\n<p>20,5% du total des ingr\u00e9dients sont issus de l\u2019agriculture biologique.<\/p>","protected":false},"excerpt":{"rendered":"<p>Ces <strong>lingettes b\u00e9b\u00e9 sont \u00e9paisses, extra douces et ultra r\u00e9sistantes<\/strong>. Elles sont parfaites pour <strong>nettoyer les fesses, les mains, le visage et le corps de b\u00e9b\u00e9 en douceur<\/strong>. Indispensables lors de la <strong>toilette<\/strong> et du <strong>change<\/strong>. Elles sont 100% d\u2019origine v\u00e9g\u00e9tale en viscose, enrichies en huile d\u2019olive vierge BIO et en aloe vera BIO <strong>hydratants<\/strong> et <strong>apaisants.<\/strong> Ces lingettes sont formul\u00e9es <strong>sans parfum, sans alcool, sans paraben, sans sulfate et sans phenoxyethanol.<\/strong><\/p>","protected":false},"featured_media":4204,"comment_status":"open","ping_status":"closed","template":"","meta":[],"product_cat":[87],"product_tag":[],"yith_product_brand":[95],"class_list":{"0":"post-4155","1":"product","2":"type-product","3":"status-publish","4":"has-post-thumbnail","6":"product_cat-bebe-et-maman","7":"yith_product_brand-alphanova","9":"first","10":"instock","11":"sale","12":"shipping-taxable","13":"purchasable","14":"product-type-simple"},"_links":{"self":[{"href":"https:\/\/parapharmacieenligne.ma\/en\/wp-json\/wp\/v2\/product\/4155","targetHints":{"allow":["GET"]}}],"collection":[{"href":"https:\/\/parapharmacieenligne.ma\/en\/wp-json\/wp\/v2\/product"}],"about":[{"href":"https:\/\/parapharmacieenligne.ma\/en\/wp-json\/wp\/v2\/types\/product"}],"replies":[{"embeddable":true,"href":"https:\/\/parapharmacieenligne.ma\/en\/wp-json\/wp\/v2\/comments?post=4155"}],"version-history":[{"count":1,"href":"https:\/\/parapharmacieenligne.ma\/en\/wp-json\/wp\/v2\/product\/4155\/revisions"}],"predecessor-version":[{"id":4205,"href":"https:\/\/parapharmacieenligne.ma\/en\/wp-json\/wp\/v2\/product\/4155\/revisions\/4205"}],"wp:featuredmedia":[{"embeddable":true,"href":"https:\/\/parapharmacieenligne.ma\/en\/wp-json\/wp\/v2\/media\/4204"}],"wp:attachment":[{"href":"https:\/\/parapharmacieenligne.ma\/en\/wp-json\/wp\/v2\/media?parent=4155"}],"wp:term":[{"taxonomy":"product_cat","embeddable":true,"href":"https:\/\/parapharmacieenligne.ma\/en\/wp-json\/wp\/v2\/product_cat?post=4155"},{"taxonomy":"product_tag","embeddable":true,"href":"https:\/\/parapharmacieenligne.ma\/en\/wp-json\/wp\/v2\/product_tag?post=4155"},{"taxonomy":"yith_product_brand","embeddable":true,"href":"https:\/\/parapharmacieenligne.ma\/en\/wp-json\/wp\/v2\/yith_product_brand?post=4155"}],"curies":[{"name":"wp","href":"https:\/\/api.w.org\/{rel}","templated":true}]}}