{"id":4157,"date":"2026-01-25T15:41:33","date_gmt":"2026-01-25T14:41:33","guid":{"rendered":"https:\/\/parapharmacieenligne.ma\/?post_type=product&#038;p=4157"},"modified":"2026-01-25T15:46:36","modified_gmt":"2026-01-25T14:46:36","slug":"alphanova-liniment-oleo-calcaire-bio-400ml","status":"publish","type":"product","link":"https:\/\/parapharmacieenligne.ma\/en\/product\/alphanova-liniment-oleo-calcaire-bio-400ml\/","title":{"rendered":"ALPHANOVA Liniment Ol\u00e9o-Calcaire BIO 400ml"},"content":{"rendered":"<p><strong>Liniment Ol\u00e9o-Calcaire B\u00e9b\u00e9 Bio \u00e0 l\u2019Huile d\u2019Olive Bio et \u00e0 l\u2019Eau de Chaux<\/strong><\/p>\n<p>Offrez \u00e0 votre b\u00e9b\u00e9 un soin naturel et apaisant avec notre <strong>liniment b\u00e9b\u00e9 bio<\/strong>. Formul\u00e9 avec de l\u2019<strong>huile d\u2019olive bio<\/strong> et d\u2019<strong>eau de chaux<\/strong>, il nettoie en douceur et prot\u00e8ge la peau fragile de b\u00e9b\u00e9, tout en pr\u00e9venant les irritations et les rougeurs li\u00e9es aux changes. Sa texture riche laisse un film protecteur qui hydrate durablement et apaise les peaux sensibles. Sans additifs nocifs, ce liniment bio est un indispensable pour prendre soin du si\u00e8ge de b\u00e9b\u00e9 tout en respectant son \u00e9quilibre naturel.<\/p>\n<div class=\"answer_faq\">\n<p>Utilisable d\u00e8s la naissance et pour les peaux s\u00e8ches de toute la famille.<\/p>\n<\/div>\n<p>Flacon pompe 400ml<\/p>\n<p><strong>Conseils d\u2019utilisation du liniment bio pour b\u00e9b\u00e9 :<\/strong><\/p>\n<p class=\"p1\">Agiter la bouteille avant utilisation. Verser quelques doses sur un coton. Nettoyer d\u00e9licatement le si\u00e8ge du b\u00e9b\u00e9. Appliquer sur une peau saine. Ne pas rincer.<\/p>\n<p><strong>Composition de ce liniment bio pour b\u00e9b\u00e9 :<\/strong><\/p>\n<p class=\"p1\">Aqua, Helianthus Annuus Seed Oil*, Olea Europaea Fruit Oil*, Cera Alba, Calcium Hydroxide.<\/p>\n<p>*Ingr\u00e9dients issus de l\u2019agriculture biologique.<\/p>\n<p>100% du total est d\u2019origine naturelle.<\/p>\n<p>40% du total des ingr\u00e9dients sont issus de l\u2019agriculture biologique.<\/p>","protected":false},"excerpt":{"rendered":"<p>Utilisable d\u00e8s la naissance et pour les peaux s\u00e8ches de toute la famille.<\/p>\n<p><strong>Liniment Ol\u00e9o-Calcaire B\u00e9b\u00e9 Bio \u00e0 l\u2019Huile d\u2019Olive Bio et \u00e0 l\u2019Eau de Chaux<\/strong><\/p>\n<p>Offrez \u00e0 votre b\u00e9b\u00e9 un soin naturel et apaisant avec notre <strong>liniment b\u00e9b\u00e9 bio<\/strong>. Formul\u00e9 avec de l\u2019<strong>huile d\u2019olive bio<\/strong> et d\u2019<strong>eau de chaux<\/strong>, il nettoie en douceur et prot\u00e8ge la peau fragile de b\u00e9b\u00e9, tout en pr\u00e9venant les irritations et les rougeurs li\u00e9es aux changes. Sa texture riche laisse un film protecteur qui hydrate durablement et apaise les peaux sensibles. Sans additifs nocifs, ce liniment bio est un indispensable pour prendre soin du si\u00e8ge de b\u00e9b\u00e9 tout en respectant son \u00e9quilibre naturel.<\/p>","protected":false},"featured_media":4210,"comment_status":"open","ping_status":"closed","template":"","meta":[],"product_cat":[87],"product_tag":[],"yith_product_brand":[95],"class_list":{"0":"post-4157","1":"product","2":"type-product","3":"status-publish","4":"has-post-thumbnail","6":"product_cat-bebe-et-maman","7":"yith_product_brand-alphanova","9":"first","10":"instock","11":"sale","12":"shipping-taxable","13":"purchasable","14":"product-type-simple"},"_links":{"self":[{"href":"https:\/\/parapharmacieenligne.ma\/en\/wp-json\/wp\/v2\/product\/4157","targetHints":{"allow":["GET"]}}],"collection":[{"href":"https:\/\/parapharmacieenligne.ma\/en\/wp-json\/wp\/v2\/product"}],"about":[{"href":"https:\/\/parapharmacieenligne.ma\/en\/wp-json\/wp\/v2\/types\/product"}],"replies":[{"embeddable":true,"href":"https:\/\/parapharmacieenligne.ma\/en\/wp-json\/wp\/v2\/comments?post=4157"}],"version-history":[{"count":1,"href":"https:\/\/parapharmacieenligne.ma\/en\/wp-json\/wp\/v2\/product\/4157\/revisions"}],"predecessor-version":[{"id":4211,"href":"https:\/\/parapharmacieenligne.ma\/en\/wp-json\/wp\/v2\/product\/4157\/revisions\/4211"}],"wp:featuredmedia":[{"embeddable":true,"href":"https:\/\/parapharmacieenligne.ma\/en\/wp-json\/wp\/v2\/media\/4210"}],"wp:attachment":[{"href":"https:\/\/parapharmacieenligne.ma\/en\/wp-json\/wp\/v2\/media?parent=4157"}],"wp:term":[{"taxonomy":"product_cat","embeddable":true,"href":"https:\/\/parapharmacieenligne.ma\/en\/wp-json\/wp\/v2\/product_cat?post=4157"},{"taxonomy":"product_tag","embeddable":true,"href":"https:\/\/parapharmacieenligne.ma\/en\/wp-json\/wp\/v2\/product_tag?post=4157"},{"taxonomy":"yith_product_brand","embeddable":true,"href":"https:\/\/parapharmacieenligne.ma\/en\/wp-json\/wp\/v2\/yith_product_brand?post=4157"}],"curies":[{"name":"wp","href":"https:\/\/api.w.org\/{rel}","templated":true}]}}