{"id":4161,"date":"2026-01-25T15:41:34","date_gmt":"2026-01-25T14:41:34","guid":{"rendered":"https:\/\/parapharmacieenligne.ma\/?post_type=product&#038;p=4161"},"modified":"2026-04-01T18:54:20","modified_gmt":"2026-04-01T16:54:20","slug":"alphanova-lait-solaire-invisible-tres-haute-protection-spf-50-150ml","status":"publish","type":"product","link":"https:\/\/parapharmacieenligne.ma\/en\/product\/alphanova-lait-solaire-invisible-tres-haute-protection-spf-50-150ml\/","title":{"rendered":"ALPHANOVA Lait solaire invisible tr\u00e8s haute protection SPF 50+ 150ml"},"content":{"rendered":"<p><strong>Lait solaire invisible tr\u00e8s haute protection SPF 50+ Sun Glow<\/strong><\/p>\n<p>Lait solaire invisible tr\u00e8s haute protection SPF 50+ \u00e9coresponsable. Une formule waterproof de nouvelle g\u00e9n\u00e9ration enrichie en <strong>Huile de jojoba bio<\/strong> et de <strong>framboise bio. <\/strong>La premi\u00e8re protection solaire boost\u00e9e UVA pour lutter contre le vieillissement cutan\u00e9 et les taches brunes. Sans traces blanches, ce lait solaire contient plus de <strong>74 % d\u2019ingr\u00e9dients d\u2019origine naturelle et 39 % d\u2019ingr\u00e9dients BIO.<\/strong> Sa texture velout\u00e9e, non grasse et non collante ainsi que son d\u00e9licieux <strong>parfum Mono\u00ef<\/strong> rend l\u2019application envo\u00fbtante. Cette protection solaire procure \u00e0 la peau une sensation d\u2019hydratation et d\u2019apaisement pour profiter d\u2019une chaude journ\u00e9e. Pour toute la famille, d\u00e8s 3 ans. Tube recycl\u00e9 &amp; recyclable. <strong>UVB 50+ \/ UVA 46<\/strong><\/p>\n<p><strong>UN COMPLEXE UVA BOOST INNOVANT<\/strong><\/p>\n<p>Les <strong>UVA ont des effets irr\u00e9versibles<\/strong> : vieillissement cutan\u00e9, taches brunes, br\u00fblures et cancers. Les soins solaires du march\u00e9 ont aujourd\u2019hui une protection UVA \u00e9quivalente \u00e0 1\/3 de celle des UVB soit environ 20 pour un indice 50+. Alphanova Daily Sun\u00ae innove avec son nouveau <strong>complexe UVA Boost<\/strong> qui garantit, pour la premi\u00e8re fois, une protection contre les UVA 2X plus importante que la norme europ\u00e9enne : notre protection contre les UVA est aussi importante que celle contre les UVB. R\u00e9sultat, la peau est mieux prot\u00e9g\u00e9e, diminuant le vieillissement cutan\u00e9 et les taches brunes li\u00e9s \u00e0 l\u2019exposition.<\/p>\n<p><strong>LES AVANTAGES DU LAIT SOLAIRE INVISIBLE TR\u00c8S HAUTE PROTECTION SPF50+ :<\/strong><\/p>\n<ul>\n<li>FORMULE \u00c0 74% D\u2019ORIGINE NATURELLE &amp; VEGAN<\/li>\n<li>AUSSI EFFICACE CONTRE LES UVA QUE LES UVB<\/li>\n<li>PROTECTION INVISIBLE SANS AUCUNE TRACES<\/li>\n<li>FILTRES SOLAIRES CONVENTIONNELS DE NOUVELLE G\u00c9N\u00c9RATION<\/li>\n<li>PARFUM MONO\u00cf ENIVRANT<\/li>\n<li>FORMULE RESPECTUEUSE DE L\u2019ENVIRONNEMENT<\/li>\n<li>TUBE EN PLASTIQUE RECYCL\u00c9<\/li>\n<li>WATERPROOF \/ NON GRASSE \/ NON COLLANTE<\/li>\n<\/ul>\n<p>Tube en plastique recycl\u00e9 150 ml<\/p>\n<p><strong>CONSEILS D\u2019UTILISATION DU LAIT SOLAIRE INVISIBLE SPF 50+<\/strong><\/p>\n<p>Appliquer g\u00e9n\u00e9reusement et uniform\u00e9ment le produit sur la zone \u00e0 prot\u00e9ger 30 minutes avant l\u2019exposition. Renouveler fr\u00e9quemment l\u2019application particuli\u00e8rement apr\u00e8s chaque baignade ou s\u2019\u00eatre essuy\u00e9. Ne pas exposer les b\u00e9b\u00e9s et les jeunes enfants directement au soleil. Leur faire porter un tee-shirt protecteur, lunettes et chapeau. Eviter les expositions entre 11h et 15h. Une quantit\u00e9 insuffisante de produit diminue le niveau de protection. La surexposition au soleil est une menace pour la sant\u00e9. Conserver \u00e0 l\u2019abri de la lumi\u00e8re et de la chaleur. \u00c9viter le contact avec les yeux.<\/p>","protected":false},"excerpt":{"rendered":"<p>D\u00e9couvrez le nouveau lait solaire familial invisible ALPHANOVA daily SUN\u00ae \u2600\ufe0f\u2600\ufe0f.<\/p>\n<p>La tr\u00e8s haute protection SPF 50+ \u2600\ufe0f \u00e9coresponsable de nouvelle g\u00e9n\u00e9ration enrichie en <strong>Huile de jojoba bio<\/strong> et de <strong>framboise bio.<\/strong><\/p>","protected":false},"featured_media":4222,"comment_status":"open","ping_status":"closed","template":"","meta":[],"product_cat":[86],"product_tag":[],"yith_product_brand":[95],"class_list":{"0":"post-4161","1":"product","2":"type-product","3":"status-publish","4":"has-post-thumbnail","6":"product_cat-protection-solaire","7":"yith_product_brand-alphanova","9":"first","10":"instock","11":"sale","12":"shipping-taxable","13":"purchasable","14":"product-type-simple"},"_links":{"self":[{"href":"https:\/\/parapharmacieenligne.ma\/en\/wp-json\/wp\/v2\/product\/4161","targetHints":{"allow":["GET"]}}],"collection":[{"href":"https:\/\/parapharmacieenligne.ma\/en\/wp-json\/wp\/v2\/product"}],"about":[{"href":"https:\/\/parapharmacieenligne.ma\/en\/wp-json\/wp\/v2\/types\/product"}],"replies":[{"embeddable":true,"href":"https:\/\/parapharmacieenligne.ma\/en\/wp-json\/wp\/v2\/comments?post=4161"}],"version-history":[{"count":2,"href":"https:\/\/parapharmacieenligne.ma\/en\/wp-json\/wp\/v2\/product\/4161\/revisions"}],"predecessor-version":[{"id":19131,"href":"https:\/\/parapharmacieenligne.ma\/en\/wp-json\/wp\/v2\/product\/4161\/revisions\/19131"}],"wp:featuredmedia":[{"embeddable":true,"href":"https:\/\/parapharmacieenligne.ma\/en\/wp-json\/wp\/v2\/media\/4222"}],"wp:attachment":[{"href":"https:\/\/parapharmacieenligne.ma\/en\/wp-json\/wp\/v2\/media?parent=4161"}],"wp:term":[{"taxonomy":"product_cat","embeddable":true,"href":"https:\/\/parapharmacieenligne.ma\/en\/wp-json\/wp\/v2\/product_cat?post=4161"},{"taxonomy":"product_tag","embeddable":true,"href":"https:\/\/parapharmacieenligne.ma\/en\/wp-json\/wp\/v2\/product_tag?post=4161"},{"taxonomy":"yith_product_brand","embeddable":true,"href":"https:\/\/parapharmacieenligne.ma\/en\/wp-json\/wp\/v2\/yith_product_brand?post=4161"}],"curies":[{"name":"wp","href":"https:\/\/api.w.org\/{rel}","templated":true}]}}