{"id":4163,"date":"2026-01-25T15:41:34","date_gmt":"2026-01-25T14:41:34","guid":{"rendered":"https:\/\/parapharmacieenligne.ma\/?post_type=product&#038;p=4163"},"modified":"2026-01-25T15:48:18","modified_gmt":"2026-01-25T14:48:18","slug":"alphanova-huile-solaire-haute-protection-spf-50","status":"publish","type":"product","link":"https:\/\/parapharmacieenligne.ma\/en\/product\/alphanova-huile-solaire-haute-protection-spf-50\/","title":{"rendered":"ALPHANOVA Huile solaire haute protection SPF 50"},"content":{"rendered":"<p><strong>Huile solaire haute protection SPF 50 Sun Glow<\/strong><\/p>\n<p>Huile solaire haute protection SPF 50 \u00e9coresponsable. Une formule waterproof de nouvelle g\u00e9n\u00e9ration enrichie en <strong>Huile de coco bio, de jojoba bio <\/strong>et de <strong>framboise bio. <\/strong>La premi\u00e8re protection solaire boost\u00e9e UVA pour lutter contre le vieillissement cutan\u00e9 et les taches brunes. Cette huile solaire contient plus de <strong>74 % d\u2019ingr\u00e9dients d\u2019origine naturelle et 26 % d\u2019ingr\u00e9dients BIO.<\/strong> Sa d\u00e9licieuse texture vient <strong>prot\u00e9ger, nourrir et sublimer la peau <\/strong>pour un fini satin\u00e9. Elle peut aussi \u00eatre appliqu\u00e9e sur les cheveux pour des longueurs soyeuses et \u00e9tincelantes. Son parfum exotique Mono\u00ef captive tous les sens. Pour toute la famille, d\u00e8s 3 ans. Flacon recycl\u00e9 &amp; recyclable. <strong>UVB 50 \/ UVA 36.<\/strong><\/p>\n<p><strong>UN COMPLEXE UVA BOOST INNOVANT<\/strong><\/p>\n<p>Les <strong>UVA ont des effets irr\u00e9versibles<\/strong> : vieillissement cutan\u00e9, taches brunes, br\u00fblures et cancers. Les soins solaires du march\u00e9 ont aujourd\u2019hui une protection UVA \u00e9quivalente \u00e0 1\/3 de celle des UVB soit environ 20 pour un indice 50+. Alphanova Daily Sun\u00ae innove avec son nouveau <strong>complexe UVA Boost<\/strong> qui garantit, pour la premi\u00e8re fois, une protection contre les UVA 2X plus importante que la norme europ\u00e9enne : notre protection contre les UVA est presque aussi importante que celle contre les UVB. R\u00e9sultat, la peau est mieux prot\u00e9g\u00e9e, diminuant le vieillissement cutan\u00e9 et les taches brunes li\u00e9s \u00e0 l\u2019exposition.<\/p>\n<p><strong>LES AVANTAGES DE L\u2019HUILE SOLAIRE HAUTE PROTECTION SPF 50 :<\/strong><\/p>\n<ul>\n<li>FORMULE \u00c0 74% D\u2019ORIGINE NATURELLE &amp; VEGAN<\/li>\n<li>AUSSI EFFICACE CONTRE LES UVA QUE LES UVB<\/li>\n<li>PROTECTION INVISIBLE SANS AUCUNE TRACES<\/li>\n<li>FILTRES SOLAIRES CONVENTIONNELS DE NOUVELLE G\u00c9N\u00c9RATION<\/li>\n<li>PARFUM MONO\u00cf ENIVRANT<\/li>\n<li>FORMULE RESPECTUEUSE DE L\u2019ENVIRONNEMENT<\/li>\n<li>FLACON EN PLASTIQUE RECYCL\u00c9<\/li>\n<li>WATERPROOF \/ NON GRASSE \/ NON COLLANTE<\/li>\n<\/ul>\n<p>Flacon en plastique recycl\u00e9 125 ml<\/p>\n<p><strong>CONSEILS D\u2019UTILISATION DE L\u2019HUILE SOLAIRE SPF 50<\/strong><\/p>\n<p>Agiter avant utilisation. Appliquer uniform\u00e9ment le produit sur la zone \u00e0 prot\u00e9ger (visage, corps et cheveux) 30 minutes avant l\u2019exposition. Pour le visage, vaporiser dans la main puis appliquer sur le visage. Renouveler fr\u00e9quemment l\u2019application particuli\u00e8rement apr\u00e8s chaque baignade ou s\u2019\u00eatre essuy\u00e9. Ne pas exposer les jeunes enfants directement au soleil. Porter un tee-shirt protecteur, lunettes et chapeau. Eviter les expositions entre 11h et 15h. Une quantit\u00e9 insuffisante de produit diminue le niveau de protection. La surexposition au soleil est une menace pour la sant\u00e9. Conserver \u00e0 l\u2019abri de la lumi\u00e8re et de la chaleur. \u00c9viter le contact avec les yeux.<\/p>","protected":false},"excerpt":{"rendered":"<p>ALPHANOVA Huile solaire haute protection SPF 50. D\u00e9couvrez la nouvelle huile solaire ALPHANOVA daily SUN\u00ae. La haute protection SPF 50 \u00e9coresponsable de nouvelle g\u00e9n\u00e9ration enrichie en Huile de coco, de jojoba et de framboise bio.<\/p>","protected":false},"featured_media":4228,"comment_status":"open","ping_status":"closed","template":"","meta":[],"product_cat":[86],"product_tag":[],"yith_product_brand":[95],"class_list":{"0":"post-4163","1":"product","2":"type-product","3":"status-publish","4":"has-post-thumbnail","6":"product_cat-protection-solaire","7":"yith_product_brand-alphanova","9":"first","10":"instock","11":"sale","12":"shipping-taxable","13":"purchasable","14":"product-type-simple"},"_links":{"self":[{"href":"https:\/\/parapharmacieenligne.ma\/en\/wp-json\/wp\/v2\/product\/4163","targetHints":{"allow":["GET"]}}],"collection":[{"href":"https:\/\/parapharmacieenligne.ma\/en\/wp-json\/wp\/v2\/product"}],"about":[{"href":"https:\/\/parapharmacieenligne.ma\/en\/wp-json\/wp\/v2\/types\/product"}],"replies":[{"embeddable":true,"href":"https:\/\/parapharmacieenligne.ma\/en\/wp-json\/wp\/v2\/comments?post=4163"}],"version-history":[{"count":1,"href":"https:\/\/parapharmacieenligne.ma\/en\/wp-json\/wp\/v2\/product\/4163\/revisions"}],"predecessor-version":[{"id":4229,"href":"https:\/\/parapharmacieenligne.ma\/en\/wp-json\/wp\/v2\/product\/4163\/revisions\/4229"}],"wp:featuredmedia":[{"embeddable":true,"href":"https:\/\/parapharmacieenligne.ma\/en\/wp-json\/wp\/v2\/media\/4228"}],"wp:attachment":[{"href":"https:\/\/parapharmacieenligne.ma\/en\/wp-json\/wp\/v2\/media?parent=4163"}],"wp:term":[{"taxonomy":"product_cat","embeddable":true,"href":"https:\/\/parapharmacieenligne.ma\/en\/wp-json\/wp\/v2\/product_cat?post=4163"},{"taxonomy":"product_tag","embeddable":true,"href":"https:\/\/parapharmacieenligne.ma\/en\/wp-json\/wp\/v2\/product_tag?post=4163"},{"taxonomy":"yith_product_brand","embeddable":true,"href":"https:\/\/parapharmacieenligne.ma\/en\/wp-json\/wp\/v2\/yith_product_brand?post=4163"}],"curies":[{"name":"wp","href":"https:\/\/api.w.org\/{rel}","templated":true}]}}