{"id":4168,"date":"2026-01-25T15:41:35","date_gmt":"2026-01-25T14:41:35","guid":{"rendered":"https:\/\/parapharmacieenligne.ma\/?post_type=product&#038;p=4168"},"modified":"2026-01-25T15:49:15","modified_gmt":"2026-01-25T14:49:15","slug":"alphanova-mousse-nettoyante-apaisante-hydra","status":"publish","type":"product","link":"https:\/\/parapharmacieenligne.ma\/en\/product\/alphanova-mousse-nettoyante-apaisante-hydra\/","title":{"rendered":"ALPHANOVA Mousse Nettoyante Apaisante HYDRA+"},"content":{"rendered":"<p><strong>Mousse Nettoyante Apaisante HYDRA+<\/strong><\/p>\n<p><strong>Nettoie, Purifie &amp; Apaise la peau<\/strong><\/p>\n<p class=\"s3\">La mousse nettoyante Alphanova Thermal Care nettoie en douceur et apaise la peau. Sa texture onctueuse et a\u00e9rienne \u00e9limine les impuret\u00e9s accumul\u00e9es (pollution, maquillage\u2026) et l\u2019exc\u00e8s de s\u00e9bum, sans la dess\u00e9cher. <strong>L\u2019acide hyaluronique et les cellules v\u00e9g\u00e9tales actives de Papyrus<\/strong> pr\u00e9servent le film hydrolipidique et l\u2019hydratation cutan\u00e9e. <strong>L\u2019eau florale de Reine des pr\u00e8s<\/strong> est un v\u00e9ritable \u00e9lixir apaisant qui resserrent les pores, id\u00e9al pour les peaux sensibles. Son flacon foamer forme un d\u00e9licat nuage de mousse pour une peau nette, douce et hydrat\u00e9e. Son d\u00e9licat parfum floral rend l\u2019application des plus agr\u00e9able.<\/p>\n<p><strong>99% d\u2019ingr\u00e9dients d\u2019origine naturelle \u2013 32 % d\u2019ingr\u00e9dients bio<\/strong><\/p>\n<p><strong>Pour qui ?<\/strong> Tous types de peaux.<\/p>\n<p><strong>ALPHANOVA Thermal Care est une gamme de soins naturels \u00e0 l\u2019efficacit\u00e9 exceptionnelle qui allie :<\/strong><\/p>\n<p>\u2022 Des actifs naturels innovants de nouvelle g\u00e9n\u00e9ration<\/p>\n<p>\u2022 L\u2019eau thermale apaisante de Provence<\/p>\n<p>\u2022 La naturalit\u00e9 d\u2019un produit certifi\u00e9 bio et v\u00e9gan<\/p>\n<p><strong>CONSEILS D\u2019UTILISATION DE LA MOUSSE NETTOYANTE APAISANTE<\/strong><\/p>\n<p>Appliquez matin et soir sur le visage et le cou en massant d\u00e9licatement puis rincez. Appliquez le S\u00e9rum Booster D\u00e9salt\u00e9rant et une cr\u00e8me hydratante Alphanova Thermal Care pour une peau parfaitement hydrat\u00e9e. Rincez imm\u00e9diatement en cas de contact avec les yeux. Non com\u00e9dog\u00e8ne. Test\u00e9 sous contr\u00f4le dermatologique.<\/p>\n<p><strong>COMPOSITION DE LA MOUSSE NETTOYANTE APAISANTE<\/strong><\/p>\n<p>Aqua, Spiraea Ulmaria Flower Water*, Decyl Glucoside, Glycerin, Sodium Cocoyl Glutamate, Citric Acid, Sodium Hyaluronate, Cyperus Papyrus Leaf Cell Extract, Aloe Barbadensis Leaf Juice Powder*, Biosaccharide Gum-1, Coco-glucoside, Glyceryl Oleate, Propylene Glycol, Glyceryl Caprylate, P-anisic Acid, Tocopherol, Hydrogenated Palm Glycerides Citrate, Sodium Benzoate, Potassium Sorbate, Sodium Levulinate, Parfum.<\/p>\n<p>*Ingr\u00e9dient issu de l\u2019Agriculture Biologique<\/p>\n<p>99% du total est d\u2019origine naturelle.<\/p>\n<p>32% du total des ingr\u00e9dients sont issus de l\u2019agriculture biologique.<\/p>\n<p>Source naturelle de bien-\u00eatre<\/p>\n<p>Fabriqu\u00e9 en France<\/p>\n<p>Foamer en plastique recycl\u00e9 et recyclable 150ml<\/p>","protected":false},"excerpt":{"rendered":"<p>Nouvelle <strong>mousse nettoyante apaisante <\/strong>ALPHANOVA thermal CARE\u00ae.<\/p>\n<p>Nettoie en douceur et apaise la peau.<\/p>","protected":false},"featured_media":4242,"comment_status":"open","ping_status":"closed","template":"","meta":[],"product_cat":[83],"product_tag":[],"yith_product_brand":[95],"class_list":{"0":"post-4168","1":"product","2":"type-product","3":"status-publish","4":"has-post-thumbnail","6":"product_cat-soins-visage","7":"yith_product_brand-alphanova","9":"first","10":"instock","11":"sale","12":"shipping-taxable","13":"purchasable","14":"product-type-simple"},"_links":{"self":[{"href":"https:\/\/parapharmacieenligne.ma\/en\/wp-json\/wp\/v2\/product\/4168","targetHints":{"allow":["GET"]}}],"collection":[{"href":"https:\/\/parapharmacieenligne.ma\/en\/wp-json\/wp\/v2\/product"}],"about":[{"href":"https:\/\/parapharmacieenligne.ma\/en\/wp-json\/wp\/v2\/types\/product"}],"replies":[{"embeddable":true,"href":"https:\/\/parapharmacieenligne.ma\/en\/wp-json\/wp\/v2\/comments?post=4168"}],"version-history":[{"count":1,"href":"https:\/\/parapharmacieenligne.ma\/en\/wp-json\/wp\/v2\/product\/4168\/revisions"}],"predecessor-version":[{"id":4243,"href":"https:\/\/parapharmacieenligne.ma\/en\/wp-json\/wp\/v2\/product\/4168\/revisions\/4243"}],"wp:featuredmedia":[{"embeddable":true,"href":"https:\/\/parapharmacieenligne.ma\/en\/wp-json\/wp\/v2\/media\/4242"}],"wp:attachment":[{"href":"https:\/\/parapharmacieenligne.ma\/en\/wp-json\/wp\/v2\/media?parent=4168"}],"wp:term":[{"taxonomy":"product_cat","embeddable":true,"href":"https:\/\/parapharmacieenligne.ma\/en\/wp-json\/wp\/v2\/product_cat?post=4168"},{"taxonomy":"product_tag","embeddable":true,"href":"https:\/\/parapharmacieenligne.ma\/en\/wp-json\/wp\/v2\/product_tag?post=4168"},{"taxonomy":"yith_product_brand","embeddable":true,"href":"https:\/\/parapharmacieenligne.ma\/en\/wp-json\/wp\/v2\/yith_product_brand?post=4168"}],"curies":[{"name":"wp","href":"https:\/\/api.w.org\/{rel}","templated":true}]}}