{"id":4169,"date":"2026-01-25T15:41:36","date_gmt":"2026-01-25T14:41:36","guid":{"rendered":"https:\/\/parapharmacieenligne.ma\/?post_type=product&#038;p=4169"},"modified":"2026-01-25T15:49:19","modified_gmt":"2026-01-25T14:49:19","slug":"alphanova-creme-de-change-bebe-certifiee-bio-olizinc-40","status":"publish","type":"product","link":"https:\/\/parapharmacieenligne.ma\/en\/product\/alphanova-creme-de-change-bebe-certifiee-bio-olizinc-40\/","title":{"rendered":"ALPHANOVA Cr\u00e9me de change b\u00e9b\u00e9 certifi\u00e9e bio Olizinc 40"},"content":{"rendered":"<p class=\"p1\">La cr\u00e8me de change b\u00e9b\u00e9 BIO OLIZINC 40 sert avant tout \u00e0 <b>cr\u00e9er une barri\u00e8re protectrice sur les fesses de b\u00e9b\u00e9. Une protection<\/b> contre les irritations de la peau engendr\u00e9es par l\u2019urine stock\u00e9e dans la couche. Cette pommade pour le change sert \u00e0 pr\u00e9venir et \u00e0 soigner l\u2019<a href=\"https:\/\/etre-parent.ooreka.fr\/fiche\/voir\/307076\/soigner-l-erytheme-fessier-du-nourrisson\" target=\"_blank\" rel=\"noopener\"><span class=\"s1\">\u00e9ryth\u00e8me fessier<\/span><\/a>. On l\u2019applique <b>apr\u00e8s avoir retir\u00e9 la couche sale de b\u00e9b\u00e9 et lui avoir soigneusement nettoy\u00e9 et essuy\u00e9 les fesses<\/b>.<\/p>\n<p class=\"p1\">Cette cr\u00e8me de change bio pour b\u00e9b\u00e9 peut donc \u00eatre utilis\u00e9e <strong>quotidiennement en pr\u00e9vention <\/strong>ou <strong>\u00e9pisodiquement pour faire dispara\u00eetre les rougeurs du si\u00e8ge<\/strong>. En appliquant une couche assez \u00e9paisse, sur peau s\u00e8che et propre, l\u2019\u00e9ryth\u00e8me fessier dispara\u00eet g\u00e9n\u00e9ralement en un \u00e0 deux jours pour le plus grand bonheur de b\u00e9b\u00e9.<\/p>\n<p>En compl\u00e8ment de ce soin, vous pouvez utiliser le <a href=\"https:\/\/alphanova.fr\/product\/bio-liniment-500ml\/\" target=\"_blank\" rel=\"noopener\">liniment ol\u00e9o-calcaire bio ALPHANOVA b\u00e9b\u00e9.<\/a><\/p>\n<p>D\u00e9j\u00e0 choisi par des centaines de milliers de parents, ALPHANOVA b\u00e9b\u00e9 BIO associe la s\u00e9curit\u00e9 pour votre b\u00e9b\u00e9 au respect de l\u2019environnement. Nos formules sont hypoallerg\u00e9niques et test\u00e9es sous contr\u00f4le m\u00e9dical. Nos produits sont naturels, souvent vegan et certifi\u00e9s biologiques par ECOCERT. Nous \u00e9liminons syst\u00e9matiquement tous les ingr\u00e9dients potentiellement nocifs ou polluants. Notre engagement \u00e9cologique citoyen est quotidien : tous nos cosm\u00e9tiques sont fabriqu\u00e9s en France, nos emballages sont recyclables, nos flacons et nos tubes sont en plastique recycl\u00e9 ou v\u00e9g\u00e9tal.<\/p>\n<p>Tube 50g<\/p>\n<h4>CONSEILS D\u2019UTILISATION DE LA CR\u00c8ME DE CHANG\u00c9 B\u00c9B\u00c9 OLIZINC 40<\/h4>\n<p>En pr\u00e9vention des rougeurs : utiliser la cr\u00e8me le soir au dernier change. En cas de rougeurs : appliquer lors de chaque change une couche \u00e9paisse sur une peau propre et s\u00e8che.<\/p>\n<h4>COMPOSITION DE LA CR\u00c8ME DE CHANG\u00c9 B\u00c9B\u00c9 OLIZINC 40<\/h4>\n<p>Olea europaea fruit oil*, Glycerin, Aqua, Zinc oxide, Propanediol, Cetearyl olivate, Sorbitan olivate, Sodium stearoyl glutamate, Citric acid<\/p>\n<p>*Ingr\u00e9dient issu de l\u2019agriculture biologique<\/p>\n<p>100% du total est d\u2019origine naturelle.<\/p>\n<p>25% du total des ingr\u00e9dients sont issus de l\u2019Agriculture biologique.<\/p>","protected":false},"excerpt":{"rendered":"<p>La cr\u00e8me de change b\u00e9b\u00e9 bio OLIZINC 40 est une <strong>pommade d\u2019origine naturelle dermatologique de nouvelle g\u00e9n\u00e9ration.<\/strong> Formul\u00e9e sans parfum ni conservateur avec peu d\u2019ingr\u00e9dients, elle se concentre sur l\u2019efficacit\u00e9 en associant<strong> 20% de Zinc micronis\u00e9 et 20% d\u2019huile d\u2019Olive vierge BIO<\/strong>.<\/p>\n<p class=\"p1\"><b>Certains parents l\u2019utilisent apr\u00e8s chaque changement de couche,<\/b> d\u2019autres d\u00e8s l\u2019apparition de rougeurs ou d\u2019\u00e9ryth\u00e8mes sur les fesses du nouveau-n\u00e9<\/p>","protected":false},"featured_media":4245,"comment_status":"open","ping_status":"closed","template":"","meta":[],"product_cat":[87],"product_tag":[],"yith_product_brand":[95],"class_list":{"0":"post-4169","1":"product","2":"type-product","3":"status-publish","4":"has-post-thumbnail","6":"product_cat-bebe-et-maman","7":"yith_product_brand-alphanova","9":"first","10":"instock","11":"sale","12":"shipping-taxable","13":"purchasable","14":"product-type-simple"},"_links":{"self":[{"href":"https:\/\/parapharmacieenligne.ma\/en\/wp-json\/wp\/v2\/product\/4169","targetHints":{"allow":["GET"]}}],"collection":[{"href":"https:\/\/parapharmacieenligne.ma\/en\/wp-json\/wp\/v2\/product"}],"about":[{"href":"https:\/\/parapharmacieenligne.ma\/en\/wp-json\/wp\/v2\/types\/product"}],"replies":[{"embeddable":true,"href":"https:\/\/parapharmacieenligne.ma\/en\/wp-json\/wp\/v2\/comments?post=4169"}],"version-history":[{"count":1,"href":"https:\/\/parapharmacieenligne.ma\/en\/wp-json\/wp\/v2\/product\/4169\/revisions"}],"predecessor-version":[{"id":4246,"href":"https:\/\/parapharmacieenligne.ma\/en\/wp-json\/wp\/v2\/product\/4169\/revisions\/4246"}],"wp:featuredmedia":[{"embeddable":true,"href":"https:\/\/parapharmacieenligne.ma\/en\/wp-json\/wp\/v2\/media\/4245"}],"wp:attachment":[{"href":"https:\/\/parapharmacieenligne.ma\/en\/wp-json\/wp\/v2\/media?parent=4169"}],"wp:term":[{"taxonomy":"product_cat","embeddable":true,"href":"https:\/\/parapharmacieenligne.ma\/en\/wp-json\/wp\/v2\/product_cat?post=4169"},{"taxonomy":"product_tag","embeddable":true,"href":"https:\/\/parapharmacieenligne.ma\/en\/wp-json\/wp\/v2\/product_tag?post=4169"},{"taxonomy":"yith_product_brand","embeddable":true,"href":"https:\/\/parapharmacieenligne.ma\/en\/wp-json\/wp\/v2\/yith_product_brand?post=4169"}],"curies":[{"name":"wp","href":"https:\/\/api.w.org\/{rel}","templated":true}]}}