{"id":4170,"date":"2026-01-25T15:41:36","date_gmt":"2026-01-25T14:41:36","guid":{"rendered":"https:\/\/parapharmacieenligne.ma\/?post_type=product&#038;p=4170"},"modified":"2026-01-25T15:49:26","modified_gmt":"2026-01-25T14:49:26","slug":"alphanova-lotion-anti-poux-lentes-zeropou-100-ml","status":"publish","type":"product","link":"https:\/\/parapharmacieenligne.ma\/en\/product\/alphanova-lotion-anti-poux-lentes-zeropou-100-ml\/","title":{"rendered":"ALPHANOVA Lotion anti-poux &#038; lentes ZEROPOU 100 ml"},"content":{"rendered":"<h4>ZEROPOU LOTION TRAITANTE FORTE ANTI-POUX &amp; LENTES 100% RADICALE<\/h4>\n<p>La lotion traitante ALPHANOVA KIDS ZEROPOU <strong>\u00e9limine 100% des poux et 100% des lentes<\/strong> en <strong>une seule application en 30 minutes.<\/strong> C\u2019est un produit actif et efficace enregistr\u00e9 comme dispositif m\u00e9dical de classe 1. Des \u00e9tudes ex vivo d\u00e9montrent son efficacit\u00e9. <strong>Sans insecticide<\/strong>, elle agit directement contre les poux et les lentes par m\u00e9canisme physique. <strong>Ses actifs v\u00e9g\u00e9taux \u00e0 base d\u2019huile de coco forment un film occlusif qui asphyxie poux et lentes.<\/strong> Une formule tr\u00e8s douce qui conviendra aussi bien aux enfants qu\u2019aux parents.<\/p>\n<p>Cette lotion traitante anti-poux et anti-lentes est <strong>100% radicale<\/strong>. Ce dispositif m\u00e9dical est un produit de sant\u00e9 r\u00e9glement\u00e9 qui porte, au titre de cette r\u00e9glementation, le marquage CE.<\/p>\n<h4>MODE D\u2019EMPLOI de la LOTION TRAITANTE FORTE ANTI-POUX<\/h4>\n<p>Appliquer la lotion traitante anti-poux sur cheveux secs. Appliquer raie par raie de la racine du cheveu jusqu\u2019\u00e0 une hauteur de 2 cm en partant du sommet de la t\u00eate et en redescendant jusqu\u2019aux tempes et la nuque. Laisser agir 30 min. Passer ensuite un peigne \u00e0 dents resserr\u00e9es pour \u00e9liminer poux et lentes morts. Laver les cheveux avec le <a href=\"https:\/\/alphanova.fr\/product\/alphanova-kids-poux-shampooing-lavande-bio\/\" target=\"_blank\" rel=\"noopener\">shampooing \u00e0 la lavande bio<\/a> ALPHANOVA KIDS. Laisser s\u00e9cher \u00e0 l\u2019air libre.<\/p>\n<h4>PRECAUTIONS D\u2019EMPLOI de la LOTION ANTI-POUX<\/h4>\n<p>Eviter le contact avec les yeux. En cas de contact avec les yeux, rincer abondamment \u00e0 l\u2019eau claire. Si l\u2019irritation persiste, consulter votre m\u00e9decin. Se laver les mains apr\u00e8s chaque utilisation. Tenir hors de port\u00e9e des enfants. Usage externe uniquement. Ne pas utiliser chez les enfants de moins de 3 ans. Liquide et vapeurs tr\u00e8s inflammables. Tenir \u00e0 l\u2019\u00e9cart de la chaleur, des \u00e9tincelles, des flammes nues, des surfaces chaudes et de toute source d\u2019inflammation. Ne pas fumer. Stocker entre 15\u00b0c et 25\u00b0c. En dessous de 15\u00b0c, la lotion se fige. Ceci est d\u00fb \u00e0 l\u2019huile de coco. La remettre dans une pi\u00e8ce \u00e0 25\u00b0c pendant plusieurs heures puis agiter le flacon. La lotion est pr\u00eate \u00e0 l\u2019emploi, son efficacit\u00e9 n\u2019est pas alt\u00e9r\u00e9e.<\/p>\n<h4>COMPOSITION de la LOTION ANTI-POUX<\/h4>\n<p>Huile de coco, Ester d\u2019origine v\u00e9g\u00e9tale, Vitamine E, Alcool. Formule sans parfum, sans silicone, sans insecticide chimique, non irritante et non sensibilisante. Son principe actif est 100% d\u2019origine naturelle et biod\u00e9gradable.<\/p>\n<p>Flacon 100ml<\/p>","protected":false},"excerpt":{"rendered":"<h4>ZEROPOU LOTION TRAITANTE FORTE ANTI-POUX &amp; LENTES 100% RADICALE<\/h4>\n<p>La lotion traitante ALPHANOVA KIDS ZEROPOU <strong>\u00e9limine 100% des poux et 100% des lentes<\/strong> en <strong>une seule application en 30 minutes.<\/strong> C\u2019est un produit actif et efficace enregistr\u00e9 comme dispositif m\u00e9dical de classe 1. Des \u00e9tudes ex vivo d\u00e9montrent son efficacit\u00e9. <strong>Sans insecticide<\/strong>, elle agit directement contre les poux et les lentes par m\u00e9canisme physique. <strong>Ses actifs v\u00e9g\u00e9taux \u00e0 base d\u2019huile de coco forment un film occlusif qui asphyxie poux et lentes.<\/strong> Une formule tr\u00e8s douce qui conviendra aussi bien aux enfants qu\u2019aux parents.<\/p>\n<p>Cette lotion traitante anti-poux et anti-lentes est <strong>100% radicale<\/strong>. Ce dispositif m\u00e9dical est un produit de sant\u00e9 r\u00e9glement\u00e9 qui porte, au titre de cette r\u00e9glementation, le marquage CE.<\/p>","protected":false},"featured_media":4247,"comment_status":"open","ping_status":"closed","template":"","meta":[],"product_cat":[84],"product_tag":[],"yith_product_brand":[95],"class_list":{"0":"post-4170","1":"product","2":"type-product","3":"status-publish","4":"has-post-thumbnail","6":"product_cat-soins-cheveux","7":"yith_product_brand-alphanova","9":"first","10":"instock","11":"sale","12":"shipping-taxable","13":"purchasable","14":"product-type-simple"},"_links":{"self":[{"href":"https:\/\/parapharmacieenligne.ma\/en\/wp-json\/wp\/v2\/product\/4170","targetHints":{"allow":["GET"]}}],"collection":[{"href":"https:\/\/parapharmacieenligne.ma\/en\/wp-json\/wp\/v2\/product"}],"about":[{"href":"https:\/\/parapharmacieenligne.ma\/en\/wp-json\/wp\/v2\/types\/product"}],"replies":[{"embeddable":true,"href":"https:\/\/parapharmacieenligne.ma\/en\/wp-json\/wp\/v2\/comments?post=4170"}],"version-history":[{"count":1,"href":"https:\/\/parapharmacieenligne.ma\/en\/wp-json\/wp\/v2\/product\/4170\/revisions"}],"predecessor-version":[{"id":4248,"href":"https:\/\/parapharmacieenligne.ma\/en\/wp-json\/wp\/v2\/product\/4170\/revisions\/4248"}],"wp:featuredmedia":[{"embeddable":true,"href":"https:\/\/parapharmacieenligne.ma\/en\/wp-json\/wp\/v2\/media\/4247"}],"wp:attachment":[{"href":"https:\/\/parapharmacieenligne.ma\/en\/wp-json\/wp\/v2\/media?parent=4170"}],"wp:term":[{"taxonomy":"product_cat","embeddable":true,"href":"https:\/\/parapharmacieenligne.ma\/en\/wp-json\/wp\/v2\/product_cat?post=4170"},{"taxonomy":"product_tag","embeddable":true,"href":"https:\/\/parapharmacieenligne.ma\/en\/wp-json\/wp\/v2\/product_tag?post=4170"},{"taxonomy":"yith_product_brand","embeddable":true,"href":"https:\/\/parapharmacieenligne.ma\/en\/wp-json\/wp\/v2\/yith_product_brand?post=4170"}],"curies":[{"name":"wp","href":"https:\/\/api.w.org\/{rel}","templated":true}]}}