{"id":4171,"date":"2026-01-25T15:41:36","date_gmt":"2026-01-25T14:41:36","guid":{"rendered":"https:\/\/parapharmacieenligne.ma\/?post_type=product&#038;p=4171"},"modified":"2026-01-25T15:49:37","modified_gmt":"2026-01-25T14:49:37","slug":"alphanova-baume-riche-reparateur-intensif-hydra","status":"publish","type":"product","link":"https:\/\/parapharmacieenligne.ma\/en\/product\/alphanova-baume-riche-reparateur-intensif-hydra\/","title":{"rendered":"ALPHANOVA Baume Riche R\u00e9parateur Intensif HYDRA+"},"content":{"rendered":"<p>Le Baume Riche R\u00e9parateur Intensif Alphanova Thermal Care nourrit et r\u00e9pare intens\u00e9ment la peau. Sa formule thermale associe<strong> le complexe CICA PROTECT et le beurre de karit\u00e9 BIO<\/strong> pour une <strong>r\u00e9paration intensive des peaux s\u00e8ches et abim\u00e9es.<\/strong><\/p>\n<p>Enrichi en a<strong>cides hyaluroniques<\/strong> de haut et tr\u00e8s bas poids mol\u00e9culaire qui forment un bouclier protecteur pour une hydratation rapide et durable.<\/p>\n<p>Sa texture onctueuse, d\u00e9licatement parfum\u00e9e, fond sur la peau sans laisser de r\u00e9sidus gras ni de sensation collante. Son film soyeux et protecteur permet un habillage rapide. La <strong>peau est douce, confortable et nourrie.<\/strong><\/p>\n<p><strong>Pour qui ?<\/strong> Tous types de peaux, peaux s\u00e8ches et tr\u00e8s s\u00e8ches, peaux ab\u00eem\u00e9es qui tiraillent et qui sont inconfortables.<\/p>","protected":false},"excerpt":{"rendered":"<h5>ALPHANOVA Thermal Care est une gamme de soins naturels \u00e0 l\u2019efficacit\u00e9 exceptionnelle qui allie :<\/h5>\n<p>\u2022 Des actifs naturels innovants de nouvelle g\u00e9n\u00e9ration<\/p>\n<p>\u2022 L\u2019eau thermale apaisante de Provence<\/p>\n<p>\u2022 La naturalit\u00e9 d\u2019un produit certifi\u00e9 bio et v\u00e9gan<\/p>\n<p>Source naturelle de bien-\u00eatre \u2013 Fabriqu\u00e9 en France<\/p>","protected":false},"featured_media":4250,"comment_status":"open","ping_status":"closed","template":"","meta":[],"product_cat":[83],"product_tag":[],"yith_product_brand":[95],"class_list":{"0":"post-4171","1":"product","2":"type-product","3":"status-publish","4":"has-post-thumbnail","6":"product_cat-soins-visage","7":"yith_product_brand-alphanova","9":"first","10":"instock","11":"sale","12":"shipping-taxable","13":"purchasable","14":"product-type-simple"},"_links":{"self":[{"href":"https:\/\/parapharmacieenligne.ma\/en\/wp-json\/wp\/v2\/product\/4171","targetHints":{"allow":["GET"]}}],"collection":[{"href":"https:\/\/parapharmacieenligne.ma\/en\/wp-json\/wp\/v2\/product"}],"about":[{"href":"https:\/\/parapharmacieenligne.ma\/en\/wp-json\/wp\/v2\/types\/product"}],"replies":[{"embeddable":true,"href":"https:\/\/parapharmacieenligne.ma\/en\/wp-json\/wp\/v2\/comments?post=4171"}],"version-history":[{"count":1,"href":"https:\/\/parapharmacieenligne.ma\/en\/wp-json\/wp\/v2\/product\/4171\/revisions"}],"predecessor-version":[{"id":4251,"href":"https:\/\/parapharmacieenligne.ma\/en\/wp-json\/wp\/v2\/product\/4171\/revisions\/4251"}],"wp:featuredmedia":[{"embeddable":true,"href":"https:\/\/parapharmacieenligne.ma\/en\/wp-json\/wp\/v2\/media\/4250"}],"wp:attachment":[{"href":"https:\/\/parapharmacieenligne.ma\/en\/wp-json\/wp\/v2\/media?parent=4171"}],"wp:term":[{"taxonomy":"product_cat","embeddable":true,"href":"https:\/\/parapharmacieenligne.ma\/en\/wp-json\/wp\/v2\/product_cat?post=4171"},{"taxonomy":"product_tag","embeddable":true,"href":"https:\/\/parapharmacieenligne.ma\/en\/wp-json\/wp\/v2\/product_tag?post=4171"},{"taxonomy":"yith_product_brand","embeddable":true,"href":"https:\/\/parapharmacieenligne.ma\/en\/wp-json\/wp\/v2\/yith_product_brand?post=4171"}],"curies":[{"name":"wp","href":"https:\/\/api.w.org\/{rel}","templated":true}]}}