{"id":4172,"date":"2026-01-25T15:41:37","date_gmt":"2026-01-25T14:41:37","guid":{"rendered":"https:\/\/parapharmacieenligne.ma\/?post_type=product&#038;p=4172"},"modified":"2026-01-25T15:49:41","modified_gmt":"2026-01-25T14:49:41","slug":"alphanova-gelee-micellaire-nettoyante-hydra","status":"publish","type":"product","link":"https:\/\/parapharmacieenligne.ma\/en\/product\/alphanova-gelee-micellaire-nettoyante-hydra\/","title":{"rendered":"ALPHANOVA Gel\u00e9e Micellaire Nettoyante HYDRA+"},"content":{"rendered":"<p class=\"s10\"><span class=\"s9\">La gel\u00e9e micellaire <\/span><span class=\"s9\">nettoyante <\/span><span class=\"s9\">Alphanova Thermal Care d\u00e9maquille et apaise la peau gr\u00e2ce \u00e0 sa texture fondante qui forme un film protecteur. <\/span><span class=\"s9\">Sa formule thermale associe le <strong>Bleuet et l\u2019Aloe Vera \u00e0 l\u2019acide hyaluronique hydratant<\/strong>. Ses micelles \u00e9liminent les impuret\u00e9s accumul\u00e9es (pollution, maquillage\u2026) et l\u2019exc\u00e8s de s\u00e9bum sans agresser la peau ni la dess\u00e9cher. <\/span><span class=\"s9\">Ces actifs compl\u00e9mentaires r\u00e9parent et apaisent les peaux sujettes aux irritations et tiraillements. <\/span><span class=\"s9\">Le teint est \u00e9clatant, la peau est nette, tonifi\u00e9e et r\u00e9confort\u00e9e.<\/p>\n<p><strong>9<\/strong><\/span><strong>9% d\u2019ingr\u00e9dients d\u2019origine naturelle \u2013 42 % d\u2019ingr\u00e9dients bio<\/strong><\/p>\n<p><strong>Pour qui ?<\/strong> Peaux s\u00e8ches qui tiraillent.<\/p>\n<h4>ALPHANOVA Thermal Care est une gamme de soins naturels \u00e0 l\u2019efficacit\u00e9 exceptionnelle qui allie :<\/h4>\n<p>\u2022 Des actifs naturels innovants de nouvelle g\u00e9n\u00e9ration<\/p>\n<p>\u2022 L\u2019eau thermale apaisante de Provence<\/p>\n<p>\u2022 La naturalit\u00e9 d\u2019un produit certifi\u00e9 bio et v\u00e9gan<\/p>\n<h5>CONSEILS D\u2019UTILISATION DE LA GEL\u00c9E MICELLAIRE NETTOYANTE<\/h5>\n<p>Appliquez le soir \u00e0 l\u2019aide d\u2019un coton ou avec les doigts. Avec ou sans rin\u00e7age. Visage et yeux sensibles. Non com\u00e9dog\u00e8ne. Test\u00e9 sous contr\u00f4le dermatologique. Tube en mati\u00e8re recycl\u00e9e et recyclable.<\/p>","protected":false},"excerpt":{"rendered":"<p>Ingr\u00e9dient issu de l\u2019Agriculture Biologique<\/p>\n<p>99% du total est d\u2019origine naturelle.<\/p>\n<p>42% du total des ingr\u00e9dients sont issus de l\u2019agriculture biologique.<\/p>\n<p>Source naturelle de bien-\u00eatre<\/p>\n<p>Fabriqu\u00e9 en France<\/p>\n<p>Tube en plastique recycl\u00e9 et recyclable 150ml<\/p>","protected":false},"featured_media":4253,"comment_status":"open","ping_status":"closed","template":"","meta":[],"product_cat":[83],"product_tag":[],"yith_product_brand":[95],"class_list":{"0":"post-4172","1":"product","2":"type-product","3":"status-publish","4":"has-post-thumbnail","6":"product_cat-soins-visage","7":"yith_product_brand-alphanova","9":"first","10":"instock","11":"sale","12":"shipping-taxable","13":"purchasable","14":"product-type-simple"},"_links":{"self":[{"href":"https:\/\/parapharmacieenligne.ma\/en\/wp-json\/wp\/v2\/product\/4172","targetHints":{"allow":["GET"]}}],"collection":[{"href":"https:\/\/parapharmacieenligne.ma\/en\/wp-json\/wp\/v2\/product"}],"about":[{"href":"https:\/\/parapharmacieenligne.ma\/en\/wp-json\/wp\/v2\/types\/product"}],"replies":[{"embeddable":true,"href":"https:\/\/parapharmacieenligne.ma\/en\/wp-json\/wp\/v2\/comments?post=4172"}],"version-history":[{"count":1,"href":"https:\/\/parapharmacieenligne.ma\/en\/wp-json\/wp\/v2\/product\/4172\/revisions"}],"predecessor-version":[{"id":4254,"href":"https:\/\/parapharmacieenligne.ma\/en\/wp-json\/wp\/v2\/product\/4172\/revisions\/4254"}],"wp:featuredmedia":[{"embeddable":true,"href":"https:\/\/parapharmacieenligne.ma\/en\/wp-json\/wp\/v2\/media\/4253"}],"wp:attachment":[{"href":"https:\/\/parapharmacieenligne.ma\/en\/wp-json\/wp\/v2\/media?parent=4172"}],"wp:term":[{"taxonomy":"product_cat","embeddable":true,"href":"https:\/\/parapharmacieenligne.ma\/en\/wp-json\/wp\/v2\/product_cat?post=4172"},{"taxonomy":"product_tag","embeddable":true,"href":"https:\/\/parapharmacieenligne.ma\/en\/wp-json\/wp\/v2\/product_tag?post=4172"},{"taxonomy":"yith_product_brand","embeddable":true,"href":"https:\/\/parapharmacieenligne.ma\/en\/wp-json\/wp\/v2\/yith_product_brand?post=4172"}],"curies":[{"name":"wp","href":"https:\/\/api.w.org\/{rel}","templated":true}]}}