{"id":4173,"date":"2026-01-25T15:41:37","date_gmt":"2026-01-25T14:41:37","guid":{"rendered":"https:\/\/parapharmacieenligne.ma\/?post_type=product&#038;p=4173"},"modified":"2026-01-25T15:49:46","modified_gmt":"2026-01-25T14:49:46","slug":"alphanova-eau-micellaire-nettoyante-hydra","status":"publish","type":"product","link":"https:\/\/parapharmacieenligne.ma\/en\/product\/alphanova-eau-micellaire-nettoyante-hydra\/","title":{"rendered":"ALPHANOVA Eau Micellaire Nettoyante HYDRA+"},"content":{"rendered":"<p>L\u2019eau micellaire apaisante ALPHANOVA Thermal Care nettoie et d\u00e9maquille la peau en douceur en un seul geste. Sa formule thermale associe les <strong>cellules v\u00e9g\u00e9tales actives de Papyrus et le Bleuet \u00e0 l\u2019acide hyaluronique.<\/strong> Ses micelles \u00e9liminent les impuret\u00e9s accumul\u00e9es (pollution, maquillage\u2026) et l\u2019exc\u00e8s de s\u00e9bum sans agresser la peau ni la dess\u00e9cher. Ces actifs compl\u00e9mentaires resserrent les pores et hydratent instantan\u00e9ment. Le teint est \u00e9clatant, la peau est tonifi\u00e9e et apais\u00e9e.<\/p>\n<p><strong>99% d\u2019ingr\u00e9dients d\u2019origine naturelle \u2013 22 % d\u2019ingr\u00e9dients bio<\/strong><\/p>\n<p><strong>Pour qui ?<\/strong> Peaux s\u00e8ches &amp; sensibles<\/p>\n<h5>ALPHANOVA Thermal Care est une gamme de soins naturels \u00e0 l\u2019efficacit\u00e9 exceptionnelle qui allie :<\/h5>\n<p>\u2022 Des actifs naturels innovants de nouvelle g\u00e9n\u00e9ration<\/p>\n<p>\u2022 L\u2019eau thermale apaisante de Provence<\/p>\n<p>\u2022 La naturalit\u00e9 d\u2019un produit certifi\u00e9 bio et v\u00e9gan<\/p>\n<h5>CONSEILS D\u2019UTILISATION DE L\u2019EAU MICELLAIRE NETTOYANTE<\/h5>\n<p>Appliquez matin et soir \u00e0 l\u2019aide d\u2019un coton. Sans rin\u00e7age. Visage et yeux. Peaux s\u00e8ches &amp; sensibles. Rincez imm\u00e9diatement en cas de contact dans les yeux. Non com\u00e9dog\u00e8ne. Test\u00e9 sous contr\u00f4le dermatologique.<\/p>","protected":false},"excerpt":{"rendered":"<p>Ingr\u00e9dient issu de l\u2019Agriculture Biologique<\/p>\n<p>99% du total est d\u2019origine naturelle.<\/p>\n<p>22% du total des ingr\u00e9dients sont issus de l\u2019agriculture biologique.<\/p>\n<p>Source naturelle de bien-\u00eatre<\/p>\n<p>Fabriqu\u00e9 en France<\/p>\n<p>Flacon Pompe 400ml<\/p>","protected":false},"featured_media":4256,"comment_status":"open","ping_status":"closed","template":"","meta":[],"product_cat":[83],"product_tag":[],"yith_product_brand":[95],"class_list":{"0":"post-4173","1":"product","2":"type-product","3":"status-publish","4":"has-post-thumbnail","6":"product_cat-soins-visage","7":"yith_product_brand-alphanova","9":"first","10":"instock","11":"sale","12":"shipping-taxable","13":"purchasable","14":"product-type-simple"},"_links":{"self":[{"href":"https:\/\/parapharmacieenligne.ma\/en\/wp-json\/wp\/v2\/product\/4173","targetHints":{"allow":["GET"]}}],"collection":[{"href":"https:\/\/parapharmacieenligne.ma\/en\/wp-json\/wp\/v2\/product"}],"about":[{"href":"https:\/\/parapharmacieenligne.ma\/en\/wp-json\/wp\/v2\/types\/product"}],"replies":[{"embeddable":true,"href":"https:\/\/parapharmacieenligne.ma\/en\/wp-json\/wp\/v2\/comments?post=4173"}],"version-history":[{"count":1,"href":"https:\/\/parapharmacieenligne.ma\/en\/wp-json\/wp\/v2\/product\/4173\/revisions"}],"predecessor-version":[{"id":4257,"href":"https:\/\/parapharmacieenligne.ma\/en\/wp-json\/wp\/v2\/product\/4173\/revisions\/4257"}],"wp:featuredmedia":[{"embeddable":true,"href":"https:\/\/parapharmacieenligne.ma\/en\/wp-json\/wp\/v2\/media\/4256"}],"wp:attachment":[{"href":"https:\/\/parapharmacieenligne.ma\/en\/wp-json\/wp\/v2\/media?parent=4173"}],"wp:term":[{"taxonomy":"product_cat","embeddable":true,"href":"https:\/\/parapharmacieenligne.ma\/en\/wp-json\/wp\/v2\/product_cat?post=4173"},{"taxonomy":"product_tag","embeddable":true,"href":"https:\/\/parapharmacieenligne.ma\/en\/wp-json\/wp\/v2\/product_tag?post=4173"},{"taxonomy":"yith_product_brand","embeddable":true,"href":"https:\/\/parapharmacieenligne.ma\/en\/wp-json\/wp\/v2\/yith_product_brand?post=4173"}],"curies":[{"name":"wp","href":"https:\/\/api.w.org\/{rel}","templated":true}]}}