{"id":4175,"date":"2026-01-25T15:41:38","date_gmt":"2026-01-25T14:41:38","guid":{"rendered":"https:\/\/parapharmacieenligne.ma\/?post_type=product&#038;p=4175"},"modified":"2026-01-25T15:50:02","modified_gmt":"2026-01-25T14:50:02","slug":"alphanova-contour-des-yeux-desalterant-anti-poches-anti-cernes-hydra","status":"publish","type":"product","link":"https:\/\/parapharmacieenligne.ma\/en\/product\/alphanova-contour-des-yeux-desalterant-anti-poches-anti-cernes-hydra\/","title":{"rendered":"ALPHANOVA Contour Des Yeux D\u00e9salt\u00e9rant Anti-poches Anti-Cernes HYDRA+"},"content":{"rendered":"<p>Le contour des yeux d\u00e9salt\u00e9rant <strong>anti-cernes &amp; anti-poches<\/strong>, hydrate et nourrit la peau pour un confort instantan\u00e9. Sa formule thermale associe le Complexe TB, le Bleuet et deux acides hyaluroniques de haut et bas poids mol\u00e9culaires. Ces actifs compl\u00e9mentaires hydratent et prot\u00e8gent durablement la peau. Sa texture l\u00e9g\u00e8re, fraiche et non collante att\u00e9nue visiblement les cernes, poches et ridules li\u00e9es \u00e0 la d\u00e9shydratation.<\/p>\n<p>Le regard est d\u00e9fatigu\u00e9 et apais\u00e9. <strong>Haute tol\u00e9rance \u2013 Sans parfum.<\/strong><\/p>\n<p><strong>Pour qui ?<\/strong> Peaux s\u00e8ches &amp; sensibles.<\/p>\n<p>Non com\u00e9dog\u00e8ne. Test\u00e9 sous contr\u00f4le dermatologique.<\/p>\n<h5>ALPHANOVA Thermal Care est une gamme de soins naturels \u00e0 l\u2019efficacit\u00e9 exceptionnelle qui allie :<\/h5>\n<p class=\"p1\"> Des actifs naturels innovants de nouvelle g\u00e9n\u00e9ration<\/p>\n<p>L\u2019eau thermale apaisante de Provence<\/p>\n<p>La naturalit\u00e9 d\u2019un produit certifi\u00e9 bio et v\u00e9gan<\/p>","protected":false},"excerpt":{"rendered":"<p>*Ingr\u00e9dient issu de l\u2019Agriculture Biologique<\/p>\n<p>99% du total est d\u2019origine naturelle.<\/p>\n<p>40% du total des ingr\u00e9dients sont issus de l\u2019agriculture biologique.<\/p>","protected":false},"featured_media":4262,"comment_status":"open","ping_status":"closed","template":"","meta":[],"product_cat":[83],"product_tag":[],"yith_product_brand":[95],"class_list":{"0":"post-4175","1":"product","2":"type-product","3":"status-publish","4":"has-post-thumbnail","6":"product_cat-soins-visage","7":"yith_product_brand-alphanova","9":"first","10":"instock","11":"sale","12":"shipping-taxable","13":"purchasable","14":"product-type-simple"},"_links":{"self":[{"href":"https:\/\/parapharmacieenligne.ma\/en\/wp-json\/wp\/v2\/product\/4175","targetHints":{"allow":["GET"]}}],"collection":[{"href":"https:\/\/parapharmacieenligne.ma\/en\/wp-json\/wp\/v2\/product"}],"about":[{"href":"https:\/\/parapharmacieenligne.ma\/en\/wp-json\/wp\/v2\/types\/product"}],"replies":[{"embeddable":true,"href":"https:\/\/parapharmacieenligne.ma\/en\/wp-json\/wp\/v2\/comments?post=4175"}],"version-history":[{"count":1,"href":"https:\/\/parapharmacieenligne.ma\/en\/wp-json\/wp\/v2\/product\/4175\/revisions"}],"predecessor-version":[{"id":4263,"href":"https:\/\/parapharmacieenligne.ma\/en\/wp-json\/wp\/v2\/product\/4175\/revisions\/4263"}],"wp:featuredmedia":[{"embeddable":true,"href":"https:\/\/parapharmacieenligne.ma\/en\/wp-json\/wp\/v2\/media\/4262"}],"wp:attachment":[{"href":"https:\/\/parapharmacieenligne.ma\/en\/wp-json\/wp\/v2\/media?parent=4175"}],"wp:term":[{"taxonomy":"product_cat","embeddable":true,"href":"https:\/\/parapharmacieenligne.ma\/en\/wp-json\/wp\/v2\/product_cat?post=4175"},{"taxonomy":"product_tag","embeddable":true,"href":"https:\/\/parapharmacieenligne.ma\/en\/wp-json\/wp\/v2\/product_tag?post=4175"},{"taxonomy":"yith_product_brand","embeddable":true,"href":"https:\/\/parapharmacieenligne.ma\/en\/wp-json\/wp\/v2\/yith_product_brand?post=4175"}],"curies":[{"name":"wp","href":"https:\/\/api.w.org\/{rel}","templated":true}]}}