{"id":4177,"date":"2026-01-25T15:41:38","date_gmt":"2026-01-25T14:41:38","guid":{"rendered":"https:\/\/parapharmacieenligne.ma\/?post_type=product&#038;p=4177"},"modified":"2026-01-25T15:50:23","modified_gmt":"2026-01-25T14:50:23","slug":"alphanova-brumisateur-deau-thermale-hydra","status":"publish","type":"product","link":"https:\/\/parapharmacieenligne.ma\/en\/product\/alphanova-brumisateur-deau-thermale-hydra\/","title":{"rendered":"ALPHANOVA Brumisateur d\u2019eau Thermale HYDRA+"},"content":{"rendered":"<p class=\"s3\">Le spray d\u2019eau thermale est une v\u00e9ritable eau de soin dermatologique qui apaise les peaux irrit\u00e9es et <strong>stimule la production naturelle du collag\u00e8ne en accroissant l\u2019activit\u00e9 des fibroblastes.<\/strong> La composition min\u00e9rale de <strong>l\u2019eau thermale de Montbrun<\/strong> est particuli\u00e8rement stable et \u00e9quilibr\u00e9e avec un profil sulfur\u00e9 calcique riche en silice, id\u00e9al pour les peaux sensibles. Cette richesse en min\u00e9raux et oligo-\u00e9l\u00e9ment lui conf\u00e8re des propri\u00e9t\u00e9s apaisantes et anti-irritantes remarquables.<\/p>\n<p><strong>Pour qui ?<\/strong> Tous types de peaux, famille, visage et corps. Non com\u00e9dog\u00e8ne. Test\u00e9 sous contr\u00f4le dermatologique.<\/p>\n<h5>ALPHANOVA Thermal Care est une gamme de soins naturels \u00e0 l\u2019efficacit\u00e9 exceptionnelle qui allie :<\/h5>\n<p>\u2022 Des actifs naturels innovants de nouvelle g\u00e9n\u00e9ration<\/p>\n<p>\u2022 L\u2019eau thermale apaisante de Provence<\/p>\n<p>\u2022 La naturalit\u00e9 d\u2019un produit certifi\u00e9 bio et v\u00e9gan<\/p>\n<h5>CONSEILS D\u2019UTILISATION DE L\u2019EAU THERMALE<\/h5>\n<p>Pour toute la famille, visage et corps. Vaporiser directement sur la peau. Laissez agir quelques instants avant de s\u00e9cher d\u00e9licatement l\u2019exc\u00e9dent. Ce geste peut \u00eatre renouvel\u00e9 aussi souvent que n\u00e9cessaire. Gr\u00e2ce \u00e0 sa nouvelle valve, le Spray d\u2019eau thermale ALPHANOVA peut \u00eatre utilis\u00e9 dans toutes les positions, m\u00eame la t\u00eate en bas. De par sa forte min\u00e9ralit\u00e9, des microcristaux peuvent se former sur la buse et l\u2019obstruer. Rincer celle-ci \u00e0 l\u2019eau chaude avant de retrouver une brumisation normale.<\/p>","protected":false},"excerpt":{"rendered":"<p>Montbrun Thermal Spring Aqua (Water), Nitrogen.<\/p>\n<p>Source naturelle de bien-\u00eatre<\/p>\n<p>Fabriqu\u00e9 en France<\/p>\n<p>Flacon en m\u00e9tal recycl\u00e9 et recyclable 300ml<\/p>","protected":false},"featured_media":4268,"comment_status":"open","ping_status":"closed","template":"","meta":[],"product_cat":[83],"product_tag":[],"yith_product_brand":[95],"class_list":{"0":"post-4177","1":"product","2":"type-product","3":"status-publish","4":"has-post-thumbnail","6":"product_cat-soins-visage","7":"yith_product_brand-alphanova","9":"first","10":"instock","11":"sale","12":"shipping-taxable","13":"purchasable","14":"product-type-simple"},"_links":{"self":[{"href":"https:\/\/parapharmacieenligne.ma\/en\/wp-json\/wp\/v2\/product\/4177","targetHints":{"allow":["GET"]}}],"collection":[{"href":"https:\/\/parapharmacieenligne.ma\/en\/wp-json\/wp\/v2\/product"}],"about":[{"href":"https:\/\/parapharmacieenligne.ma\/en\/wp-json\/wp\/v2\/types\/product"}],"replies":[{"embeddable":true,"href":"https:\/\/parapharmacieenligne.ma\/en\/wp-json\/wp\/v2\/comments?post=4177"}],"version-history":[{"count":1,"href":"https:\/\/parapharmacieenligne.ma\/en\/wp-json\/wp\/v2\/product\/4177\/revisions"}],"predecessor-version":[{"id":4269,"href":"https:\/\/parapharmacieenligne.ma\/en\/wp-json\/wp\/v2\/product\/4177\/revisions\/4269"}],"wp:featuredmedia":[{"embeddable":true,"href":"https:\/\/parapharmacieenligne.ma\/en\/wp-json\/wp\/v2\/media\/4268"}],"wp:attachment":[{"href":"https:\/\/parapharmacieenligne.ma\/en\/wp-json\/wp\/v2\/media?parent=4177"}],"wp:term":[{"taxonomy":"product_cat","embeddable":true,"href":"https:\/\/parapharmacieenligne.ma\/en\/wp-json\/wp\/v2\/product_cat?post=4177"},{"taxonomy":"product_tag","embeddable":true,"href":"https:\/\/parapharmacieenligne.ma\/en\/wp-json\/wp\/v2\/product_tag?post=4177"},{"taxonomy":"yith_product_brand","embeddable":true,"href":"https:\/\/parapharmacieenligne.ma\/en\/wp-json\/wp\/v2\/yith_product_brand?post=4177"}],"curies":[{"name":"wp","href":"https:\/\/api.w.org\/{rel}","templated":true}]}}